{"id":135,"date":"2024-06-14T11:01:07","date_gmt":"2024-06-14T09:01:07","guid":{"rendered":"https:\/\/diddelenghelleft-test.augmented-store.com\/?page_id=135"},"modified":"2024-11-28T10:48:37","modified_gmt":"2024-11-28T09:48:37","slug":"conseil-administration","status":"publish","type":"page","link":"https:\/\/diddelenghelleft-test.augmented-store.com\/index.php\/conseil-administration\/","title":{"rendered":"Conseil Administration"},"content":{"rendered":"\t\t<div data-elementor-type=\"wp-page\" data-elementor-id=\"135\" class=\"elementor elementor-135\">\n\t\t\t\t<div class=\"elementor-element elementor-element-1dddb83 e-flex e-con-boxed elementor-invisible e-con e-parent\" data-id=\"1dddb83\" data-element_type=\"container\" data-settings=\"{&quot;animation_tablet&quot;:&quot;fadeIn&quot;,&quot;animation&quot;:&quot;fadeIn&quot;}\">\n\t\t\t\t\t<div class=\"e-con-inner\">\n\t\t\t\t<div class=\"elementor-element elementor-element-41e88e1 elementor-invisible elementor-widget elementor-widget-heading\" data-id=\"41e88e1\" data-element_type=\"widget\" data-settings=\"{&quot;_animation&quot;:&quot;fadeIn&quot;}\" data-widget_type=\"heading.default\">\n\t\t\t\t<div class=\"elementor-widget-container\">\n\t\t\t\t\t<h2 class=\"elementor-heading-title elementor-size-default\">Conseil d'Administration<\/h2>\t\t\t\t<\/div>\n\t\t\t\t<\/div>\n\t\t\t\t\t<\/div>\n\t\t\t\t<\/div>\n\t\t<div class=\"elementor-element elementor-element-c79598c e-flex e-con-boxed elementor-invisible e-con e-parent\" data-id=\"c79598c\" data-element_type=\"container\" data-settings=\"{&quot;animation_tablet&quot;:&quot;fadeIn&quot;,&quot;animation&quot;:&quot;fadeIn&quot;}\">\n\t\t\t\t\t<div class=\"e-con-inner\">\n\t\t\t\t<div class=\"elementor-element elementor-element-048ba23 elementor-invisible elementor-widget elementor-widget-text-editor\" data-id=\"048ba23\" data-element_type=\"widget\" data-settings=\"{&quot;_animation&quot;:&quot;fadeIn&quot;,&quot;_animation_delay&quot;:0.5}\" data-widget_type=\"text-editor.default\">\n\t\t\t\t<div class=\"elementor-widget-container\">\n\t\t\t\t\t\t\t\t\t<p>L&rsquo;association est g\u00e9r\u00e9e par un\u00a0<strong>Conseil d&rsquo;Administration<\/strong>\u00a0compos\u00e9 de 3 membres au moins et de 28 membres au plus; \u00e9lus parmi les membres actifs de l&rsquo;association lors de l&rsquo;assembl\u00e9e g\u00e9n\u00e9rale ordinaire annuelle pour une dur\u00e9e de 2 ans.<\/p><p>Le conseil d&rsquo;administration choisira dans son sein un pr\u00e9sident, deux vice-pr\u00e9sidents, un secr\u00e9taire et un tr\u00e9sorier.<\/p>\t\t\t\t\t\t\t\t<\/div>\n\t\t\t\t<\/div>\n\t\t\t\t\t<\/div>\n\t\t\t\t<\/div>\n\t\t<div class=\"elementor-element elementor-element-46a4c8f e-flex e-con-boxed elementor-invisible e-con e-parent\" data-id=\"46a4c8f\" data-element_type=\"container\" data-settings=\"{&quot;animation_tablet&quot;:&quot;fadeIn&quot;,&quot;animation&quot;:&quot;fadeIn&quot;}\">\n\t\t\t\t\t<div class=\"e-con-inner\">\n\t\t<div class=\"elementor-element elementor-element-8b6977a e-con-full e-flex e-con e-child\" data-id=\"8b6977a\" data-element_type=\"container\">\n\t\t\t\t<div class=\"elementor-element elementor-element-b449860 elementor-invisible elementor-widget elementor-widget-heading\" data-id=\"b449860\" data-element_type=\"widget\" data-settings=\"{&quot;_animation&quot;:&quot;fadeIn&quot;,&quot;_animation_delay&quot;:1}\" data-widget_type=\"heading.default\">\n\t\t\t\t<div class=\"elementor-widget-container\">\n\t\t\t\t\t<h2 class=\"elementor-heading-title elementor-size-default\">Composition actuelle du CA :<\/h2>\t\t\t\t<\/div>\n\t\t\t\t<\/div>\n\t\t\t\t<div class=\"elementor-element elementor-element-2831a0b elementor-invisible elementor-widget elementor-widget-text-editor\" data-id=\"2831a0b\" data-element_type=\"widget\" data-settings=\"{&quot;_animation&quot;:&quot;fadeIn&quot;,&quot;_animation_delay&quot;:1.5}\" data-widget_type=\"text-editor.default\">\n\t\t\t\t<div class=\"elementor-widget-container\">\n\t\t\t\t\t\t\t\t\t<p>Biancalana Dan<br \/>Bovi Gina<br \/>Br\u00fcck Danielle<br \/>Diederich Margot<br \/>Fohl Paul<br \/>Kemp Annette<br \/>Kemp Fran\u00e7oise<br \/>Krieger-Loos Nicole<br \/>Reding Jos\u00e9e<br \/>Smit Julie<br \/>Urbany Guy<br \/>Winckel Laurence<br \/>Winkel Claudine<br \/>Yazdani Victor<\/p>\t\t\t\t\t\t\t\t<\/div>\n\t\t\t\t<\/div>\n\t\t\t\t<\/div>\n\t\t\t\t\t<\/div>\n\t\t\t\t<\/div>\n\t\t\t\t<\/div>\n\t\t","protected":false},"excerpt":{"rendered":"<p>Conseil d&rsquo;Administration L&rsquo;association est g\u00e9r\u00e9e par un\u00a0Conseil d&rsquo;Administration\u00a0compos\u00e9 de 3 membres au moins et de 28 membres au plus; \u00e9lus parmi les membres actifs de l&rsquo;association lors de l&rsquo;assembl\u00e9e g\u00e9n\u00e9rale ordinaire annuelle pour une dur\u00e9e de 2 ans. Le conseil d&rsquo;administration choisira dans son sein un pr\u00e9sident, deux vice-pr\u00e9sidents, un secr\u00e9taire et un tr\u00e9sorier. Composition [&hellip;]<\/p>\n","protected":false},"author":2,"featured_media":0,"parent":0,"menu_order":0,"comment_status":"closed","ping_status":"closed","template":"","meta":{"footnotes":""},"class_list":["post-135","page","type-page","status-publish","hentry"],"blocksy_meta":[],"_links":{"self":[{"href":"https:\/\/diddelenghelleft-test.augmented-store.com\/index.php\/wp-json\/wp\/v2\/pages\/135","targetHints":{"allow":["GET"]}}],"collection":[{"href":"https:\/\/diddelenghelleft-test.augmented-store.com\/index.php\/wp-json\/wp\/v2\/pages"}],"about":[{"href":"https:\/\/diddelenghelleft-test.augmented-store.com\/index.php\/wp-json\/wp\/v2\/types\/page"}],"author":[{"embeddable":true,"href":"https:\/\/diddelenghelleft-test.augmented-store.com\/index.php\/wp-json\/wp\/v2\/users\/2"}],"replies":[{"embeddable":true,"href":"https:\/\/diddelenghelleft-test.augmented-store.com\/index.php\/wp-json\/wp\/v2\/comments?post=135"}],"version-history":[{"count":34,"href":"https:\/\/diddelenghelleft-test.augmented-store.com\/index.php\/wp-json\/wp\/v2\/pages\/135\/revisions"}],"predecessor-version":[{"id":3541,"href":"https:\/\/diddelenghelleft-test.augmented-store.com\/index.php\/wp-json\/wp\/v2\/pages\/135\/revisions\/3541"}],"wp:attachment":[{"href":"https:\/\/diddelenghelleft-test.augmented-store.com\/index.php\/wp-json\/wp\/v2\/media?parent=135"}],"curies":[{"name":"wp","href":"https:\/\/api.w.org\/{rel}","templated":true}]}}