{"id":1635,"date":"2024-06-20T08:43:05","date_gmt":"2024-06-20T06:43:05","guid":{"rendered":"https:\/\/diddelenghelleft-test.augmented-store.com\/?page_id=1635"},"modified":"2024-11-28T13:34:43","modified_gmt":"2024-11-28T12:34:43","slug":"liens","status":"publish","type":"page","link":"https:\/\/diddelenghelleft-test.augmented-store.com\/index.php\/liens\/","title":{"rendered":"Liens"},"content":{"rendered":"\t\t<div data-elementor-type=\"wp-page\" data-elementor-id=\"1635\" class=\"elementor elementor-1635\">\n\t\t\t\t<div class=\"elementor-element elementor-element-f8260ce e-flex e-con-boxed elementor-invisible e-con e-parent\" data-id=\"f8260ce\" data-element_type=\"container\" data-settings=\"{&quot;animation&quot;:&quot;fadeIn&quot;}\">\n\t\t\t\t\t<div class=\"e-con-inner\">\n\t\t\t\t<div class=\"elementor-element elementor-element-f1c0fc6 elementor-widget elementor-widget-heading\" data-id=\"f1c0fc6\" data-element_type=\"widget\" data-widget_type=\"heading.default\">\n\t\t\t\t<div class=\"elementor-widget-container\">\n\t\t\t\t\t<h2 class=\"elementor-heading-title elementor-size-default\">Liens<\/h2>\t\t\t\t<\/div>\n\t\t\t\t<\/div>\n\t\t\t\t\t<\/div>\n\t\t\t\t<\/div>\n\t\t<div class=\"elementor-element elementor-element-65cd9d4 e-flex e-con-boxed elementor-invisible e-con e-parent\" data-id=\"65cd9d4\" data-element_type=\"container\" data-settings=\"{&quot;animation&quot;:&quot;fadeIn&quot;}\">\n\t\t\t\t\t<div class=\"e-con-inner\">\n\t\t\t\t<div class=\"elementor-element elementor-element-b31b86a elementor-widget elementor-widget-heading\" data-id=\"b31b86a\" data-element_type=\"widget\" data-widget_type=\"heading.default\">\n\t\t\t\t<div class=\"elementor-widget-container\">\n\t\t\t\t\t<h2 class=\"elementor-heading-title elementor-size-default\">ONGs et asbl soutenues par DH<\/h2>\t\t\t\t<\/div>\n\t\t\t\t<\/div>\n\t\t\t\t\t<\/div>\n\t\t\t\t<\/div>\n\t\t<div class=\"elementor-element elementor-element-5cb1ad9 e-grid e-con-boxed elementor-invisible e-con e-parent\" data-id=\"5cb1ad9\" data-element_type=\"container\" data-settings=\"{&quot;animation&quot;:&quot;fadeIn&quot;}\">\n\t\t\t\t\t<div class=\"e-con-inner\">\n\t\t<div class=\"elementor-element elementor-element-0ea0bd1 e-con-full e-flex e-con e-child\" data-id=\"0ea0bd1\" data-element_type=\"container\">\n\t\t\t\t<div class=\"elementor-element elementor-element-79d2629 elementor-widget elementor-widget-text-editor\" data-id=\"79d2629\" data-element_type=\"widget\" data-widget_type=\"text-editor.default\">\n\t\t\t\t<div class=\"elementor-widget-container\">\n\t\t\t\t\t\t\t\t\t<p><strong><a href=\"http:\/\/astm.lu\/\" target=\"_blank\" rel=\"noopener\">ASTM<\/a><\/strong><\/p><p><strong><a class=\" link\" href=\"http:\/\/www.amu.lu\/\" target=\"_blank\" rel=\"noopener\">AMU<\/a><\/strong><\/p><p><a href=\"http:\/\/www.aein.lu\"><strong>Aide \u00e0 l\u00b4Enfance de l\u00b4Inde et du N\u00e9pal AEIN<\/strong><\/a><\/p><p><a href=\"https:\/\/ave-asso.org\"><strong>Aide au Vietnam<\/strong><\/a><\/p><p><strong><a class=\" link\" href=\"http:\/\/amsand-amizero.org\/\" target=\"_blank\" rel=\"noopener\">Amiti\u00e9 am Sand-Amizero<\/a><\/strong><\/p><p><a href=\"http:\/\/www.care.lu\"><strong>CARE<\/strong><\/a><\/p><p><strong><a href=\"https:\/\/paixjuste.lu\">Comit\u00e9 pour une paix juste au proche Orient<\/a><\/strong><\/p><p><a href=\"https:\/\/fr.cns-asbl.org\"><strong>Coop\u00e9ration Nord-Sud CNS<\/strong><\/a><\/p><p><strong><a class=\" link\" href=\"http:\/\/www.csi.lu\/\" target=\"_blank\" rel=\"noopener\">CSI asbl<\/a><\/strong><\/p><p><strong><a class=\" link\" href=\"http:\/\/www.dignitas.lu\/\">Dignitas<\/a><\/strong><\/p><p><a href=\"https:\/\/bettembour.lu\/clubs\/du-an-ech-asbl\/\"><strong>Du an Ech<\/strong><\/a><\/p><p><strong><a href=\"https:\/\/ecpatr.lu\">ECPAT <\/a><\/strong><\/p><p><a href=\"https:\/\/enfants-de-lespoir.org\"><strong>Enfants de l\u00b4Espoir<\/strong><\/a><\/p><p><a href=\"http:\/\/www.edimadagascar.com\"><strong>Enfants d\u00e9favoris\u00e9s de l\u2019Ile de Madagascar<\/strong><\/a><\/p><p><strong><a class=\" link\" href=\"http:\/\/www.fondationdrengel.lu\/\" target=\"_blank\" rel=\"noopener\">Fondation Dr Elvire Engel<\/a><\/strong><\/p><p><a href=\"http:\/\/www.raoul-follereau.org\"><strong>Fondation Raoul Follereau<\/strong><\/a><\/p><p><a href=\"http:\/\/www.frendeskreeskamerun.lu\"><strong>Frendeskrees Kamerun<\/strong><\/a><\/p><p><a href=\"http:\/\/www.ongd.lgs.lu\"><strong>Guide a Scouten fir eng Welt<\/strong><\/a><\/p><p><a href=\"https:\/\/ilesdepaix.lu\"><strong>Iles de Paix<\/strong><\/a><\/p><p><a href=\"https:\/\/jongbaueren.lu\"><strong>L\u00ebtzebuerger Landjugend <\/strong><\/a><\/p><p><strong><a class=\"sous_rubrique link\" href=\"http:\/\/www.niti.lu\/\" target=\"_blank\" rel=\"noopener\">Ni\u00f1os de la Tierra<\/a><\/strong><\/p><p><a href=\"http:\/\/www.otm.lu\"><strong>OTM<\/strong><\/a><\/p>\t\t\t\t\t\t\t\t<\/div>\n\t\t\t\t<\/div>\n\t\t\t\t<\/div>\n\t\t<div class=\"elementor-element elementor-element-5942e9e e-con-full e-flex e-con e-child\" data-id=\"5942e9e\" data-element_type=\"container\">\n\t\t\t\t<div class=\"elementor-element elementor-element-1079638 elementor-widget elementor-widget-text-editor\" data-id=\"1079638\" data-element_type=\"widget\" data-widget_type=\"text-editor.default\">\n\t\t\t\t<div class=\"elementor-widget-container\">\n\t\t\t\t\t\t\t\t\t<p><strong><a class=\" link\" href=\"http:\/\/www.ongd-fnel.lu\/\" target=\"_blank\" rel=\"noopener\">ONDG-FNEL<\/a><\/strong><\/p><p><a href=\"https:\/\/rokkumirokka.lu\"><strong>Rokku Mi Rokka<\/strong><\/a><\/p><p><a href=\"https:\/\/padem.org\"><strong>PADEM<\/strong><\/a><\/p><p><a href=\"https:\/\/sossahel.org\"><strong>SOS Sahel<\/strong><\/a><\/p><p><strong><a class=\" link\" href=\"http:\/\/www.solidarite-afrique.lu\/\" target=\"_blank\" rel=\"noopener\">Solidarit\u00e9 Afrique asbl<\/a><\/strong><\/p><p><strong><a class=\" link\" href=\"http:\/\/www.sosfaim.lu\/\" target=\"_blank\" rel=\"noopener\">SOS Faim<\/a><\/strong><\/p><p><strong><a class=\" link\" href=\"http:\/\/www.unityfoundation.lu\/\" target=\"_blank\" rel=\"noopener\">Unity Foundation<\/a><\/strong><\/p><p><strong><a class=\" link\" href=\"http:\/\/www.freresdeshommes.lu\/\" target=\"_blank\" rel=\"noopener\">Fr\u00e8res des hommes<\/a><\/strong><\/p><p><strong><a class=\" link\" href=\"http:\/\/www.iwerliewen.org\/\" target=\"_blank\" rel=\"noopener\">Iwerliewen fir bedreete Volleker asbl<\/a><\/strong><\/p><p><strong><a class=\" link\" href=\"http:\/\/www.lesoleildanslamain.org\/\" target=\"_blank\" rel=\"noopener\">Le Soleil dans la Main<\/a><\/strong><\/p><p><strong><a class=\" link\" href=\"http:\/\/www.sosve.lu\/\" target=\"_blank\" rel=\"noopener\">SOS Villages d\u00b4Enfants Monde<\/a><\/strong><\/p>\t\t\t\t\t\t\t\t<\/div>\n\t\t\t\t<\/div>\n\t\t\t\t<\/div>\n\t\t\t\t\t<\/div>\n\t\t\t\t<\/div>\n\t\t\t\t<\/div>\n\t\t","protected":false},"excerpt":{"rendered":"<p>Liens ONGs et asbl soutenues par DH ASTM AMU Aide \u00e0 l\u00b4Enfance de l\u00b4Inde et du N\u00e9pal AEIN Aide au Vietnam Amiti\u00e9 am Sand-Amizero CARE Comit\u00e9 pour une paix juste au proche Orient Coop\u00e9ration Nord-Sud CNS CSI asbl Dignitas Du an Ech ECPAT Enfants de l\u00b4Espoir Enfants d\u00e9favoris\u00e9s de l\u2019Ile de Madagascar Fondation Dr Elvire [&hellip;]<\/p>\n","protected":false},"author":2,"featured_media":0,"parent":0,"menu_order":0,"comment_status":"closed","ping_status":"closed","template":"","meta":{"footnotes":""},"class_list":["post-1635","page","type-page","status-publish","hentry"],"blocksy_meta":[],"_links":{"self":[{"href":"https:\/\/diddelenghelleft-test.augmented-store.com\/index.php\/wp-json\/wp\/v2\/pages\/1635","targetHints":{"allow":["GET"]}}],"collection":[{"href":"https:\/\/diddelenghelleft-test.augmented-store.com\/index.php\/wp-json\/wp\/v2\/pages"}],"about":[{"href":"https:\/\/diddelenghelleft-test.augmented-store.com\/index.php\/wp-json\/wp\/v2\/types\/page"}],"author":[{"embeddable":true,"href":"https:\/\/diddelenghelleft-test.augmented-store.com\/index.php\/wp-json\/wp\/v2\/users\/2"}],"replies":[{"embeddable":true,"href":"https:\/\/diddelenghelleft-test.augmented-store.com\/index.php\/wp-json\/wp\/v2\/comments?post=1635"}],"version-history":[{"count":34,"href":"https:\/\/diddelenghelleft-test.augmented-store.com\/index.php\/wp-json\/wp\/v2\/pages\/1635\/revisions"}],"predecessor-version":[{"id":3554,"href":"https:\/\/diddelenghelleft-test.augmented-store.com\/index.php\/wp-json\/wp\/v2\/pages\/1635\/revisions\/3554"}],"wp:attachment":[{"href":"https:\/\/diddelenghelleft-test.augmented-store.com\/index.php\/wp-json\/wp\/v2\/media?parent=1635"}],"curies":[{"name":"wp","href":"https:\/\/api.w.org\/{rel}","templated":true}]}}