{"id":189,"date":"2024-06-14T11:33:11","date_gmt":"2024-06-14T09:33:11","guid":{"rendered":"https:\/\/diddelenghelleft-test.augmented-store.com\/?page_id=189"},"modified":"2024-06-24T16:10:47","modified_gmt":"2024-06-24T14:10:47","slug":"diddeleng-helleft","status":"publish","type":"page","link":"https:\/\/diddelenghelleft-test.augmented-store.com\/index.php\/diddeleng-helleft\/","title":{"rendered":"Diddel\u00e9ng H\u00eblleft"},"content":{"rendered":"\t\t<div data-elementor-type=\"wp-page\" data-elementor-id=\"189\" class=\"elementor elementor-189\">\n\t\t\t\t<div class=\"elementor-element elementor-element-8498dad e-flex e-con-boxed elementor-invisible e-con e-parent\" data-id=\"8498dad\" data-element_type=\"container\" data-settings=\"{&quot;animation&quot;:&quot;fadeIn&quot;}\">\n\t\t\t\t\t<div class=\"e-con-inner\">\n\t\t\t\t<div class=\"elementor-element elementor-element-3b59a68 elementor-invisible elementor-widget elementor-widget-heading\" data-id=\"3b59a68\" data-element_type=\"widget\" data-settings=\"{&quot;_animation&quot;:&quot;fadeIn&quot;}\" data-widget_type=\"heading.default\">\n\t\t\t\t<div class=\"elementor-widget-container\">\n\t\t\t\t\t<h2 class=\"elementor-heading-title elementor-size-default\">Diddel\u00e9ng H\u00eblleft<\/h2>\t\t\t\t<\/div>\n\t\t\t\t<\/div>\n\t\t\t\t\t<\/div>\n\t\t\t\t<\/div>\n\t\t<div class=\"elementor-element elementor-element-f0ffdf7 e-flex e-con-boxed elementor-invisible e-con e-parent\" data-id=\"f0ffdf7\" data-element_type=\"container\" data-settings=\"{&quot;animation&quot;:&quot;fadeIn&quot;}\">\n\t\t\t\t\t<div class=\"e-con-inner\">\n\t\t\t\t<div class=\"elementor-element elementor-element-13e602a elementor-invisible elementor-widget elementor-widget-image\" data-id=\"13e602a\" data-element_type=\"widget\" data-settings=\"{&quot;_animation&quot;:&quot;fadeIn&quot;,&quot;_animation_delay&quot;:0.5}\" data-widget_type=\"image.default\">\n\t\t\t\t<div class=\"elementor-widget-container\">\n\t\t\t\t\t\t\t\t\t\t\t\t\t\t\t<img decoding=\"async\" src=\"https:\/\/diddelenghelleft-test.augmented-store.com\/wp-content\/uploads\/elementor\/thumbs\/remise-cheque-qpsay05f7dtgi1j3neebk8m8hodaiq8l4028fe9kw0.jpg\" title=\"remise-cheque\" alt=\"remise-cheque\" loading=\"lazy\" \/>\t\t\t\t\t\t\t\t\t\t\t\t\t\t\t<\/div>\n\t\t\t\t<\/div>\n\t\t\t\t\t<\/div>\n\t\t\t\t<\/div>\n\t\t<div class=\"elementor-element elementor-element-ba1350b e-flex e-con-boxed elementor-invisible e-con e-parent\" data-id=\"ba1350b\" data-element_type=\"container\" data-settings=\"{&quot;animation&quot;:&quot;fadeIn&quot;}\">\n\t\t\t\t\t<div class=\"e-con-inner\">\n\t\t\t\t<div class=\"elementor-element elementor-element-8082af6 elementor-widget elementor-widget-heading\" data-id=\"8082af6\" data-element_type=\"widget\" data-settings=\"{&quot;_animation&quot;:&quot;none&quot;,&quot;_animation_delay&quot;:1}\" data-widget_type=\"heading.default\">\n\t\t\t\t<div class=\"elementor-widget-container\">\n\t\t\t\t\t<h2 class=\"elementor-heading-title elementor-size-default\">Notre objectif<\/h2>\t\t\t\t<\/div>\n\t\t\t\t<\/div>\n\t\t\t\t<div class=\"elementor-element elementor-element-80c2e00 animated-slow elementor-widget elementor-widget-text-editor\" data-id=\"80c2e00\" data-element_type=\"widget\" data-settings=\"{&quot;_animation&quot;:&quot;none&quot;,&quot;_animation_delay&quot;:1.5}\" data-widget_type=\"text-editor.default\">\n\t\t\t\t<div class=\"elementor-widget-container\">\n\t\t\t\t\t\t\t\t\t<p>\u00abDiddel\u00e9ng H\u00eblleft a.s.b.l.\u00bb a \u00e9t\u00e9 constitu\u00e9e en\u00a01995 dans le but de soutenir des projets de d\u00e9veloppement dans des\u00a0r\u00e9gions d\u00e9favoris\u00e9es du Monde, de sensibiliser la population pour une plus grande solidarit\u00e9 avec les populations\u00a0marginalis\u00e9es. L\u2019engagement de notre \u00e9quipe, la participation \u00e0 travers des dons et la collaboration avec nos partenaires\u00a0nous ont permis de soutenir des projets en Am\u00e9rique Latine, en Afrique, en Asie et dans d\u2019autres r\u00e9gions en voie de\u00a0d\u00e9veloppement.<\/p>\t\t\t\t\t\t\t\t<\/div>\n\t\t\t\t<\/div>\n\t\t\t\t\t<\/div>\n\t\t\t\t<\/div>\n\t\t<div class=\"elementor-element elementor-element-4f758ed e-flex e-con-boxed elementor-invisible e-con e-parent\" data-id=\"4f758ed\" data-element_type=\"container\" data-settings=\"{&quot;animation&quot;:&quot;fadeIn&quot;}\">\n\t\t\t\t\t<div class=\"e-con-inner\">\n\t\t\t\t<div class=\"elementor-element elementor-element-067674e elementor-invisible elementor-widget elementor-widget-heading\" data-id=\"067674e\" data-element_type=\"widget\" data-settings=\"{&quot;_animation&quot;:&quot;fadeIn&quot;,&quot;_animation_delay&quot;:2}\" data-widget_type=\"heading.default\">\n\t\t\t\t<div class=\"elementor-widget-container\">\n\t\t\t\t\t<h2 class=\"elementor-heading-title elementor-size-default\">Notre fonctionnement <\/h2>\t\t\t\t<\/div>\n\t\t\t\t<\/div>\n\t\t\t\t<div class=\"elementor-element elementor-element-a424292 elementor-widget elementor-widget-text-editor\" data-id=\"a424292\" data-element_type=\"widget\" data-settings=\"{&quot;_animation&quot;:&quot;none&quot;,&quot;_animation_delay&quot;:2.5}\" data-widget_type=\"text-editor.default\">\n\t\t\t\t<div class=\"elementor-widget-container\">\n\t\t\t\t\t\t\t\t\t<p>Nous sommes une association de b\u00e9n\u00e9voles motiv\u00e9s et rassemblons les fonds n\u00e9cessaires \u00e0 la r\u00e9alisation et au soutien\u00a0de projets d\u2019aide au d\u00e9veloppement durable. Une fois par an, nous s\u00e9lectionnons des projets pr\u00e9sent\u00e9s par des ONG et\u00a0associations ayant leur si\u00e8ge au Luxembourg pour les soutenir financi\u00e8rement.<\/p>\t\t\t\t\t\t\t\t<\/div>\n\t\t\t\t<\/div>\n\t\t\t\t\t<\/div>\n\t\t\t\t<\/div>\n\t\t<div class=\"elementor-element elementor-element-afe6994 e-flex e-con-boxed elementor-invisible e-con e-parent\" data-id=\"afe6994\" data-element_type=\"container\" data-settings=\"{&quot;animation&quot;:&quot;fadeIn&quot;}\">\n\t\t\t\t\t<div class=\"e-con-inner\">\n\t\t\t\t<div class=\"elementor-element elementor-element-3e0d80c elementor-widget elementor-widget-heading\" data-id=\"3e0d80c\" data-element_type=\"widget\" data-settings=\"{&quot;_animation&quot;:&quot;none&quot;,&quot;_animation_delay&quot;:3}\" data-widget_type=\"heading.default\">\n\t\t\t\t<div class=\"elementor-widget-container\">\n\t\t\t\t\t<h2 class=\"elementor-heading-title elementor-size-default\">La r\u00e9colte des fonds<\/h2>\t\t\t\t<\/div>\n\t\t\t\t<\/div>\n\t\t\t\t<div class=\"elementor-element elementor-element-fadf601 elementor-widget elementor-widget-text-editor\" data-id=\"fadf601\" data-element_type=\"widget\" data-settings=\"{&quot;_animation&quot;:&quot;none&quot;,&quot;_animation_delay&quot;:3.5}\" data-widget_type=\"text-editor.default\">\n\t\t\t\t<div class=\"elementor-widget-container\">\n\t\t\t\t\t\t\t\t\t<p>Afin de r\u00e9colter les fonds n\u00e9cessaires, nous organisons des manifestations comme le March\u00e9 du Tiers Monde, des\u00a0pr\u00e9sentations \u00e9ducatives et culturelles sur les pays en voie de d\u00e9veloppement.\u00a0Nous participons \u00e9galement activement par un stand \u00e0 la F\u00eate des Cultures et \u00e0 d\u2019autres \u00e9v\u00e9nements organis\u00e9s par la\u00a0Ville de Dudelange.<\/p><p>La Commune de Dudelange nous apporte \u00a0de fa\u00e7on exemplaire depuis plus de 15 ans son soutien financier et logistique.\u00a0<\/p><p>Notre mani\u00e8re d&rsquo;aider<\/p><p>C\u2019est gr\u00e2ce \u00e0 vous que \u00abDiddel\u00e9ng H\u00eblleft\u00bb peut aider autrui !<\/p><p>Que ce soit par un petit coup de main ou par un soutien financier, nous vous sommes reconnaissants !<\/p>\t\t\t\t\t\t\t\t<\/div>\n\t\t\t\t<\/div>\n\t\t\t\t\t<\/div>\n\t\t\t\t<\/div>\n\t\t\t\t<\/div>\n\t\t","protected":false},"excerpt":{"rendered":"<p>Diddel\u00e9ng H\u00eblleft Notre objectif \u00abDiddel\u00e9ng H\u00eblleft a.s.b.l.\u00bb a \u00e9t\u00e9 constitu\u00e9e en\u00a01995 dans le but de soutenir des projets de d\u00e9veloppement dans des\u00a0r\u00e9gions d\u00e9favoris\u00e9es du Monde, de sensibiliser la population pour une plus grande solidarit\u00e9 avec les populations\u00a0marginalis\u00e9es. L\u2019engagement de notre \u00e9quipe, la participation \u00e0 travers des dons et la collaboration avec nos partenaires\u00a0nous ont permis [&hellip;]<\/p>\n","protected":false},"author":2,"featured_media":0,"parent":0,"menu_order":0,"comment_status":"closed","ping_status":"closed","template":"","meta":{"footnotes":""},"class_list":["post-189","page","type-page","status-publish","hentry"],"blocksy_meta":[],"_links":{"self":[{"href":"https:\/\/diddelenghelleft-test.augmented-store.com\/index.php\/wp-json\/wp\/v2\/pages\/189","targetHints":{"allow":["GET"]}}],"collection":[{"href":"https:\/\/diddelenghelleft-test.augmented-store.com\/index.php\/wp-json\/wp\/v2\/pages"}],"about":[{"href":"https:\/\/diddelenghelleft-test.augmented-store.com\/index.php\/wp-json\/wp\/v2\/types\/page"}],"author":[{"embeddable":true,"href":"https:\/\/diddelenghelleft-test.augmented-store.com\/index.php\/wp-json\/wp\/v2\/users\/2"}],"replies":[{"embeddable":true,"href":"https:\/\/diddelenghelleft-test.augmented-store.com\/index.php\/wp-json\/wp\/v2\/comments?post=189"}],"version-history":[{"count":61,"href":"https:\/\/diddelenghelleft-test.augmented-store.com\/index.php\/wp-json\/wp\/v2\/pages\/189\/revisions"}],"predecessor-version":[{"id":3173,"href":"https:\/\/diddelenghelleft-test.augmented-store.com\/index.php\/wp-json\/wp\/v2\/pages\/189\/revisions\/3173"}],"wp:attachment":[{"href":"https:\/\/diddelenghelleft-test.augmented-store.com\/index.php\/wp-json\/wp\/v2\/media?parent=189"}],"curies":[{"name":"wp","href":"https:\/\/api.w.org\/{rel}","templated":true}]}}