{"id":3573,"date":"2024-11-28T14:39:58","date_gmt":"2024-11-28T13:39:58","guid":{"rendered":"https:\/\/diddelenghelleft-test.augmented-store.com\/?page_id=3573"},"modified":"2024-11-29T12:12:26","modified_gmt":"2024-11-29T11:12:26","slug":"projets-2023","status":"publish","type":"page","link":"https:\/\/diddelenghelleft-test.augmented-store.com\/index.php\/projets-2023\/","title":{"rendered":"Projets 2023"},"content":{"rendered":"\t\t<div data-elementor-type=\"wp-page\" data-elementor-id=\"3573\" class=\"elementor elementor-3573\">\n\t\t\t\t<div class=\"elementor-element elementor-element-6bf51a2 e-flex e-con-boxed elementor-invisible e-con e-parent\" data-id=\"6bf51a2\" data-element_type=\"container\" data-settings=\"{&quot;animation&quot;:&quot;fadeIn&quot;}\">\n\t\t\t\t\t<div class=\"e-con-inner\">\n\t\t\t\t<div class=\"elementor-element elementor-element-e122abc elementor-widget elementor-widget-heading\" data-id=\"e122abc\" data-element_type=\"widget\" data-widget_type=\"heading.default\">\n\t\t\t\t<div class=\"elementor-widget-container\">\n\t\t\t\t\t<h2 class=\"elementor-heading-title elementor-size-default\">Projets 2023<\/h2>\t\t\t\t<\/div>\n\t\t\t\t<\/div>\n\t\t\t\t<div class=\"elementor-element elementor-element-3596f0d elementor-widget elementor-widget-text-editor\" data-id=\"3596f0d\" data-element_type=\"widget\" data-widget_type=\"text-editor.default\">\n\t\t\t\t<div class=\"elementor-widget-container\">\n\t\t\t\t\t\t\t\t\t<p>Pour en savoir plus sur les projets soutenus par DH en 2023, veuillez consultez notre <strong><span class=\" link\"><a href=\"https:\/\/diddelenghelleft-test.augmented-store.com\/wp-content\/uploads\/2024\/11\/brochure-projets-DH-2023.pdf\">brochure 2023<\/a>.<\/span><\/strong><\/p>\t\t\t\t\t\t\t\t<\/div>\n\t\t\t\t<\/div>\n\t\t\t\t\t<\/div>\n\t\t\t\t<\/div>\n\t\t<div class=\"elementor-element elementor-element-7a21aaf e-flex e-con-boxed elementor-invisible e-con e-parent\" data-id=\"7a21aaf\" data-element_type=\"container\" data-settings=\"{&quot;animation&quot;:&quot;fadeIn&quot;}\">\n\t\t\t\t\t<div class=\"e-con-inner\">\n\t\t\t\t<div class=\"elementor-element elementor-element-c4fc2cc elementor-widget elementor-widget-Table\" data-id=\"c4fc2cc\" data-element_type=\"widget\" data-widget_type=\"Table.default\">\n\t\t\t\t<div class=\"elementor-widget-container\">\n\t\t\t\t\t\t\t<table class=\"tafe-table \">\n\t\t\t<thead  class=\"tafe-table-header\">\n\t\t\t\t<tr>\n\t\t\t\t\t<th class=\"elementor-inline-editing elementor-repeater-item-9a36cab\"   >Projets Phares 2023 :<\/th><th class=\"elementor-inline-editing elementor-repeater-item-8f255e5\"   >Pays B\u00e9n\u00e9ficiaires :<\/th><th class=\"elementor-inline-editing elementor-repeater-item-6e14383\"   >Part DH :<\/th>\t\t\t\t<\/tr>\n\t\t\t<\/thead>\n\t\t\t\t\t\t<tbody class=\"tafe-table-body\">\n\t\t\t\t<tr>\n\t\t\t\t\t<\/tr><tr><td data-label=\"Projets Phares 2023 :\"   class=\"elementor-repeater-item-7516f74 td-content-type-default\" >ANKAA<\/td><td data-label=\"Pays B\u00e9n\u00e9ficiaires :\"   class=\"elementor-repeater-item-a17e5a7 td-content-type-default\" >Gr\u00e8ce<\/td><td data-label=\"Part DH :\"   class=\"elementor-repeater-item-5b07d51 td-content-type-default\" >10 000,00 \u20ac<\/td><\/tr><tr><td data-label=\"Projets Phares 2023 :\"   class=\"elementor-repeater-item-3286668 td-content-type-default\" >ECPAT<\/td><td data-label=\"Pays B\u00e9n\u00e9ficiaires :\"   class=\"elementor-repeater-item-e757f76 td-content-type-default\" >N\u00e9pal<\/td><td data-label=\"Part DH :\"   class=\"elementor-repeater-item-60934f4 td-content-type-default\" >3 000,00 \u20ac<\/td><\/tr><tr><td data-label=\"Projets Phares 2023 :\"   class=\"elementor-repeater-item-64f250e td-content-type-default\" >PADEM<\/td><td data-label=\"Pays B\u00e9n\u00e9ficiaires :\"   class=\"elementor-repeater-item-8a4bb0c td-content-type-default\" >S\u00e9n\u00e9gal<\/td><td data-label=\"Part DH :\"   class=\"elementor-repeater-item-19144e4 td-content-type-default\" >5 000,00 \u20ac<\/td><\/tr><tr><td data-label=\"Projets Phares 2023 :\"   class=\"elementor-repeater-item-260546c td-content-type-default\" >Aide \u00e0 l'enfance de l'Inde et N\u00e9pal<\/td><td data-label=\"Pays B\u00e9n\u00e9ficiaires :\"   class=\"elementor-repeater-item-508fdb0 td-content-type-default\" >Inde<\/td><td data-label=\"Part DH :\"   class=\"elementor-repeater-item-ac0679b td-content-type-default\" >6 000,00 \u20ac<\/td><\/tr><tr><td data-label=\"Projets Phares 2023 :\"   class=\"elementor-repeater-item-d4dbb56 td-content-type-default\" >ASTM<\/td><td data-label=\"Pays B\u00e9n\u00e9ficiaires :\"   class=\"elementor-repeater-item-12aa498 td-content-type-default\" >Guatemala<\/td><td data-label=\"Part DH :\"   class=\"elementor-repeater-item-174da58 td-content-type-default\" >5 000,00 \u20ac<\/td><\/tr><tr><td data-label=\"Projets Phares 2023 :\" colSpan=\"2\"  class=\"elementor-repeater-item-bef33a8 td-content-type-default\" >Total projets phares pour 2023<\/td><td data-label=\"Part DH :\"   class=\"elementor-repeater-item-221f522 td-content-type-default\" >29.000,00 \u20ac<\/td>\t\t\t\t<\/tr>\n\t\t\t<\/tbody>\n\t\t<\/table>\n\t\t\n\t\t\t\t\t\t<\/div>\n\t\t\t\t<\/div>\n\t\t\t\t\t<\/div>\n\t\t\t\t<\/div>\n\t\t<div class=\"elementor-element elementor-element-2ff2f0a e-flex e-con-boxed elementor-invisible e-con e-parent\" data-id=\"2ff2f0a\" data-element_type=\"container\" data-settings=\"{&quot;animation&quot;:&quot;fadeIn&quot;,&quot;background_background&quot;:&quot;classic&quot;}\">\n\t\t\t\t\t<div class=\"e-con-inner\">\n\t\t\t\t<div class=\"elementor-element elementor-element-dd14d70 elementor-widget elementor-widget-Table\" data-id=\"dd14d70\" data-element_type=\"widget\" data-widget_type=\"Table.default\">\n\t\t\t\t<div class=\"elementor-widget-container\">\n\t\t\t\t\t\t\t<table class=\"tafe-table \">\n\t\t\t<thead  class=\"tafe-table-header\">\n\t\t\t\t<tr>\n\t\t\t\t\t<th class=\"elementor-inline-editing elementor-repeater-item-9a36cab\"   >Subsides 2023 :<\/th><th class=\"elementor-inline-editing elementor-repeater-item-8f255e5\"   >Pays B\u00e9n\u00e9ficiaires :<\/th><th class=\"elementor-inline-editing elementor-repeater-item-6e14383\"   >Part DH :<\/th>\t\t\t\t<\/tr>\n\t\t\t<\/thead>\n\t\t\t\t\t\t<tbody class=\"tafe-table-body\">\n\t\t\t\t<tr>\n\t\t\t\t\t<\/tr><tr><td data-label=\"Subsides 2023 :\"   class=\"elementor-repeater-item-64f250e td-content-type-default\" >Action pour un monde uni (AMU)<\/td><td data-label=\"Pays B\u00e9n\u00e9ficiaires :\"   class=\"elementor-repeater-item-8a4bb0c td-content-type-default\" >Tanzanie<\/td><td data-label=\"Part DH :\"   class=\"elementor-repeater-item-19144e4 td-content-type-default\" >1 000,00 \u20ac<\/td><\/tr><tr><td data-label=\"Subsides 2023 :\"   class=\"elementor-repeater-item-7516f74 td-content-type-default\" >Amis du Tibet<\/td><td data-label=\"Pays B\u00e9n\u00e9ficiaires :\"   class=\"elementor-repeater-item-a17e5a7 td-content-type-default\" >N\u00e9pal<\/td><td data-label=\"Part DH :\"   class=\"elementor-repeater-item-5b07d51 td-content-type-default\" >1 000,00 \u20ac<\/td><\/tr><tr><td data-label=\"Subsides 2023 :\"   class=\"elementor-repeater-item-d4dbb56 td-content-type-default\" >Amiti\u00e9 am Sand - Amizero<\/td><td data-label=\"Pays B\u00e9n\u00e9ficiaires :\"   class=\"elementor-repeater-item-12aa498 td-content-type-default\" >Rwanda<\/td><td data-label=\"Part DH :\"   class=\"elementor-repeater-item-60934f4 td-content-type-default\" >2 000,00 \u20ac<\/td><\/tr><tr><td data-label=\"Subsides 2023 :\"   class=\"elementor-repeater-item-3286668 td-content-type-default\" >Caritas<\/td><td data-label=\"Pays B\u00e9n\u00e9ficiaires :\"   class=\"elementor-repeater-item-e757f76 td-content-type-default\" >Bangladesh<\/td><td data-label=\"Part DH :\"   class=\"elementor-repeater-item-174da58 td-content-type-default\" >1 000,00 \u20ac<\/td><\/tr><tr><td data-label=\"Subsides 2023 :\"   class=\"elementor-repeater-item-77909f3 td-content-type-default\" >Coop\u00e9ration nord\/sud<\/td><td data-label=\"Pays B\u00e9n\u00e9ficiaires :\"   class=\"elementor-repeater-item-bef4e42 td-content-type-default\" >Ouganda<\/td><td data-label=\"Part DH :\"   class=\"elementor-repeater-item-76846a4 td-content-type-default\" >1 500,00 \u20ac<\/td><\/tr><tr><td data-label=\"Subsides 2023 :\"   class=\"elementor-repeater-item-c999920 td-content-type-default\" >EDI Madagascar<\/td><td data-label=\"Pays B\u00e9n\u00e9ficiaires :\"   class=\"elementor-repeater-item-9ab98e4 td-content-type-default\" >Madagascar<\/td><td data-label=\"Part DH :\"   class=\"elementor-repeater-item-768edce td-content-type-default\" >1 500,00 \u20ac<\/td><\/tr><tr><td data-label=\"Subsides 2023 :\"   class=\"elementor-repeater-item-bb674e9 td-content-type-default\" >EDUAF<\/td><td data-label=\"Pays B\u00e9n\u00e9ficiaires :\"   class=\"elementor-repeater-item-36890e6 td-content-type-default\" >Burundi<\/td><td data-label=\"Part DH :\"   class=\"elementor-repeater-item-3047d0e td-content-type-default\" >500,00 \u20ac<\/td><\/tr><tr><td data-label=\"Subsides 2023 :\"   class=\"elementor-repeater-item-7b1744f td-content-type-default\" >Fondation Dr Elvire Engel<\/td><td data-label=\"Pays B\u00e9n\u00e9ficiaires :\"   class=\"elementor-repeater-item-320a4af td-content-type-default\" >Burkina Faso<\/td><td data-label=\"Part DH :\"   class=\"elementor-repeater-item-e1aaa35 td-content-type-default\" >1 500,00 \u20ac<\/td><\/tr><tr><td data-label=\"Subsides 2023 :\"   class=\"elementor-repeater-item-feeff45 td-content-type-default\" >Fr\u00ebndeskrees Kamerun<\/td><td data-label=\"Pays B\u00e9n\u00e9ficiaires :\"   class=\"elementor-repeater-item-28de7e6 td-content-type-default\" >Kameroun<\/td><td data-label=\"Part DH :\"   class=\"elementor-repeater-item-3adf35d td-content-type-default\" >2 000,00 \u20ac<\/td><\/tr><tr><td data-label=\"Subsides 2023 :\"   class=\"elementor-repeater-item-be8930a td-content-type-default\" >Fr\u00e8res des hommes<\/td><td data-label=\"Pays B\u00e9n\u00e9ficiaires :\"   class=\"elementor-repeater-item-8fa6752 td-content-type-default\" >Burkina Faso<\/td><td data-label=\"Part DH :\"   class=\"elementor-repeater-item-efedd1b td-content-type-default\" >1 000,00 \u20ac<\/td><\/tr><tr><td data-label=\"Subsides 2023 :\"   class=\"elementor-repeater-item-4e57dc5 td-content-type-default\" >Friendship Luxembourg<\/td><td data-label=\"Pays B\u00e9n\u00e9ficiaires :\"   class=\"elementor-repeater-item-3907693 td-content-type-default\" >Bangladesh<\/td><td data-label=\"Part DH :\"   class=\"elementor-repeater-item-896d2df td-content-type-default\" >2 000,00 \u20ac<\/td><\/tr><tr><td data-label=\"Subsides 2023 :\"   class=\"elementor-repeater-item-8554770 td-content-type-default\" >Guiden a Scouten fir eng Welt<\/td><td data-label=\"Pays B\u00e9n\u00e9ficiaires :\"   class=\"elementor-repeater-item-bf97ea6 td-content-type-default\" >S\u00e9n\u00e9gal<\/td><td data-label=\"Part DH :\"   class=\"elementor-repeater-item-272e945 td-content-type-default\" >1 000,00 \u20ac<\/td><\/tr><tr><td data-label=\"Subsides 2023 :\"   class=\"elementor-repeater-item-0c2ea83 td-content-type-default\" >\u00celes de paix<\/td><td data-label=\"Pays B\u00e9n\u00e9ficiaires :\"   class=\"elementor-repeater-item-b73c411 td-content-type-default\" >B\u00e9nin<\/td><td data-label=\"Part DH :\"   class=\"elementor-repeater-item-cd4fe4b td-content-type-default\" >2 000,00 \u20ac<\/td><\/tr><tr><td data-label=\"Subsides 2023 :\"   class=\"elementor-repeater-item-dca758d td-content-type-default\" >Kindernothilfe<\/td><td data-label=\"Pays B\u00e9n\u00e9ficiaires :\"   class=\"elementor-repeater-item-4524ae2 td-content-type-default\" >Sambia<\/td><td data-label=\"Part DH :\"   class=\"elementor-repeater-item-9f67100 td-content-type-default\" >2 000,00 \u20ac<\/td><\/tr><tr><td data-label=\"Subsides 2023 :\"   class=\"elementor-repeater-item-f281e05 td-content-type-default\" >Nouvelle PNP<\/td><td data-label=\"Pays B\u00e9n\u00e9ficiaires :\"   class=\"elementor-repeater-item-ffa4872 td-content-type-default\" >P\u00e9rou<\/td><td data-label=\"Part DH :\"   class=\"elementor-repeater-item-fe31b5e td-content-type-default\" >1 500,00 \u20ac<\/td><\/tr><tr><td data-label=\"Subsides 2023 :\"   class=\"elementor-repeater-item-779d1ce td-content-type-default\" >ONGD-FNEL<\/td><td data-label=\"Pays B\u00e9n\u00e9ficiaires :\"   class=\"elementor-repeater-item-4b0a844 td-content-type-default\" >S\u00e9n\u00e9gal<\/td><td data-label=\"Part DH :\"   class=\"elementor-repeater-item-185a551 td-content-type-default\" >1 500,00 \u20ac<\/td><\/tr><tr><td data-label=\"Subsides 2023 :\"   class=\"elementor-repeater-item-ac216ca td-content-type-default\" >Soleil dans la main<\/td><td data-label=\"Pays B\u00e9n\u00e9ficiaires :\"   class=\"elementor-repeater-item-e05fc4d td-content-type-default\" >Burkina Faso<\/td><td data-label=\"Part DH :\"   class=\"elementor-repeater-item-b74f408 td-content-type-default\" >1 000,00 \u20ac<\/td><\/tr><tr><td data-label=\"Subsides 2023 :\"   class=\"elementor-repeater-item-462e886 td-content-type-default\" >Solidarit\u00e9 Luxembourg-Cuba<\/td><td data-label=\"Pays B\u00e9n\u00e9ficiaires :\"   class=\"elementor-repeater-item-2ab1ddb td-content-type-default\" >Cuba<\/td><td data-label=\"Part DH :\"   class=\"elementor-repeater-item-5f92117 td-content-type-default\" >1 000,00 \u20ac<\/td><\/tr><tr><td data-label=\"Subsides 2023 :\"   class=\"elementor-repeater-item-3cada41 td-content-type-default\" >SOS Faim<\/td><td data-label=\"Pays B\u00e9n\u00e9ficiaires :\"   class=\"elementor-repeater-item-c42ee90 td-content-type-default\" >S\u00e9n\u00e9gal<\/td><td data-label=\"Part DH :\"   class=\"elementor-repeater-item-2e1bc68 td-content-type-default\" >1 500,00 \u20ac<\/td><\/tr><tr><td data-label=\"Subsides 2023 :\"   class=\"elementor-repeater-item-718cc27 td-content-type-default\" >Unity Foundation<\/td><td data-label=\"Pays B\u00e9n\u00e9ficiaires :\"   class=\"elementor-repeater-item-142a29d td-content-type-default\" >Malawi<\/td><td data-label=\"Part DH :\"   class=\"elementor-repeater-item-5919631 td-content-type-default\" >2 000,00 \u20ac<\/td><\/tr><tr><td data-label=\"Subsides 2023 :\" colSpan=\"2\"  class=\"elementor-repeater-item-bef33a8 td-content-type-default\" >Total subsides pour 2023<\/td><td data-label=\"Part DH :\"   class=\"elementor-repeater-item-221f522 td-content-type-default\" >28 500,00 \u20ac<\/td>\t\t\t\t<\/tr>\n\t\t\t<\/tbody>\n\t\t<\/table>\n\t\t\n\t\t\t\t\t\t<\/div>\n\t\t\t\t<\/div>\n\t\t\t\t\t<\/div>\n\t\t\t\t<\/div>\n\t\t<div class=\"elementor-element elementor-element-e7ee9f3 e-grid e-con-boxed elementor-invisible e-con e-parent\" data-id=\"e7ee9f3\" data-element_type=\"container\" data-settings=\"{&quot;animation&quot;:&quot;fadeIn&quot;}\">\n\t\t\t\t\t<div class=\"e-con-inner\">\n\t\t\t\t<div class=\"elementor-element elementor-element-b833139 elementor-widget elementor-widget-text-editor\" data-id=\"b833139\" data-element_type=\"widget\" data-widget_type=\"text-editor.default\">\n\t\t\t\t<div class=\"elementor-widget-container\">\n\t\t\t\t\t\t\t\t\t<p><strong>GRAND TOTAL 2023 :<\/strong><\/p>\t\t\t\t\t\t\t\t<\/div>\n\t\t\t\t<\/div>\n\t\t\t\t<div class=\"elementor-element elementor-element-9c9ec38 elementor-widget elementor-widget-text-editor\" data-id=\"9c9ec38\" data-element_type=\"widget\" data-widget_type=\"text-editor.default\">\n\t\t\t\t<div class=\"elementor-widget-container\">\n\t\t\t\t\t\t\t\t\t<p><strong>57 500,00 \u20ac<\/strong><\/p>\t\t\t\t\t\t\t\t<\/div>\n\t\t\t\t<\/div>\n\t\t\t\t\t<\/div>\n\t\t\t\t<\/div>\n\t\t\t\t<\/div>\n\t\t","protected":false},"excerpt":{"rendered":"<p>Projets 2023 Pour en savoir plus sur les projets soutenus par DH en 2023, veuillez consultez notre brochure 2023. Projets Phares 2023 : Pays B\u00e9n\u00e9ficiaires : Part DH : ANKAA Gr\u00e8ce 10 000,00 \u20ac ECPAT N\u00e9pal 3 000,00 \u20ac PADEM S\u00e9n\u00e9gal 5 000,00 \u20ac Aide \u00e0 l&rsquo;enfance de l&rsquo;Inde et N\u00e9pal Inde 6 000,00 \u20ac [&hellip;]<\/p>\n","protected":false},"author":2,"featured_media":0,"parent":0,"menu_order":0,"comment_status":"closed","ping_status":"closed","template":"","meta":{"footnotes":""},"class_list":["post-3573","page","type-page","status-publish","hentry"],"blocksy_meta":[],"_links":{"self":[{"href":"https:\/\/diddelenghelleft-test.augmented-store.com\/index.php\/wp-json\/wp\/v2\/pages\/3573","targetHints":{"allow":["GET"]}}],"collection":[{"href":"https:\/\/diddelenghelleft-test.augmented-store.com\/index.php\/wp-json\/wp\/v2\/pages"}],"about":[{"href":"https:\/\/diddelenghelleft-test.augmented-store.com\/index.php\/wp-json\/wp\/v2\/types\/page"}],"author":[{"embeddable":true,"href":"https:\/\/diddelenghelleft-test.augmented-store.com\/index.php\/wp-json\/wp\/v2\/users\/2"}],"replies":[{"embeddable":true,"href":"https:\/\/diddelenghelleft-test.augmented-store.com\/index.php\/wp-json\/wp\/v2\/comments?post=3573"}],"version-history":[{"count":10,"href":"https:\/\/diddelenghelleft-test.augmented-store.com\/index.php\/wp-json\/wp\/v2\/pages\/3573\/revisions"}],"predecessor-version":[{"id":3673,"href":"https:\/\/diddelenghelleft-test.augmented-store.com\/index.php\/wp-json\/wp\/v2\/pages\/3573\/revisions\/3673"}],"wp:attachment":[{"href":"https:\/\/diddelenghelleft-test.augmented-store.com\/index.php\/wp-json\/wp\/v2\/media?parent=3573"}],"curies":[{"name":"wp","href":"https:\/\/api.w.org\/{rel}","templated":true}]}}