{"id":3595,"date":"2024-11-29T10:19:23","date_gmt":"2024-11-29T09:19:23","guid":{"rendered":"https:\/\/diddelenghelleft-test.augmented-store.com\/?page_id=3595"},"modified":"2024-11-29T12:08:56","modified_gmt":"2024-11-29T11:08:56","slug":"projets-2021","status":"publish","type":"page","link":"https:\/\/diddelenghelleft-test.augmented-store.com\/index.php\/projets-2021\/","title":{"rendered":"Projets 2021"},"content":{"rendered":"\t\t<div data-elementor-type=\"wp-page\" data-elementor-id=\"3595\" class=\"elementor elementor-3595\">\n\t\t\t\t<div class=\"elementor-element elementor-element-6bf51a2 e-flex e-con-boxed elementor-invisible e-con e-parent\" data-id=\"6bf51a2\" data-element_type=\"container\" data-settings=\"{&quot;animation&quot;:&quot;fadeIn&quot;}\">\n\t\t\t\t\t<div class=\"e-con-inner\">\n\t\t\t\t<div class=\"elementor-element elementor-element-e122abc elementor-widget elementor-widget-heading\" data-id=\"e122abc\" data-element_type=\"widget\" data-widget_type=\"heading.default\">\n\t\t\t\t<div class=\"elementor-widget-container\">\n\t\t\t\t\t<h2 class=\"elementor-heading-title elementor-size-default\">Projets 2021<\/h2>\t\t\t\t<\/div>\n\t\t\t\t<\/div>\n\t\t\t\t<div class=\"elementor-element elementor-element-3596f0d elementor-widget elementor-widget-text-editor\" data-id=\"3596f0d\" data-element_type=\"widget\" data-widget_type=\"text-editor.default\">\n\t\t\t\t<div class=\"elementor-widget-container\">\n\t\t\t\t\t\t\t\t\t<p>Pour en savoir plus sur les projets soutenus par DH en 2021, veuillez consultez notre <strong><span class=\" link\"><a href=\"https:\/\/diddelenghelleft-test.augmented-store.com\/wp-content\/uploads\/2024\/11\/brochure-projets-DH-2021.pdf\">brochure 2021<\/a>.<\/span><\/strong><\/p>\t\t\t\t\t\t\t\t<\/div>\n\t\t\t\t<\/div>\n\t\t\t\t\t<\/div>\n\t\t\t\t<\/div>\n\t\t<div class=\"elementor-element elementor-element-7a21aaf e-flex e-con-boxed elementor-invisible e-con e-parent\" data-id=\"7a21aaf\" data-element_type=\"container\" data-settings=\"{&quot;animation&quot;:&quot;fadeIn&quot;}\">\n\t\t\t\t\t<div class=\"e-con-inner\">\n\t\t\t\t<div class=\"elementor-element elementor-element-c4fc2cc elementor-widget elementor-widget-Table\" data-id=\"c4fc2cc\" data-element_type=\"widget\" data-widget_type=\"Table.default\">\n\t\t\t\t<div class=\"elementor-widget-container\">\n\t\t\t\t\t\t\t<table class=\"tafe-table \">\n\t\t\t<thead  class=\"tafe-table-header\">\n\t\t\t\t<tr>\n\t\t\t\t\t<th class=\"elementor-inline-editing elementor-repeater-item-9a36cab\"   >Projets Phares 2021 :<\/th><th class=\"elementor-inline-editing elementor-repeater-item-8f255e5\"   >Pays B\u00e9n\u00e9ficiaires :<\/th><th class=\"elementor-inline-editing elementor-repeater-item-6e14383\"   >Part DH :<\/th>\t\t\t\t<\/tr>\n\t\t\t<\/thead>\n\t\t\t\t\t\t<tbody class=\"tafe-table-body\">\n\t\t\t\t<tr>\n\t\t\t\t\t<\/tr><tr><td data-label=\"Projets Phares 2021 :\"   class=\"elementor-repeater-item-7516f74 td-content-type-default\" >ANKAA<\/td><td data-label=\"Pays B\u00e9n\u00e9ficiaires :\"   class=\"elementor-repeater-item-a17e5a7 td-content-type-default\" >Gr\u00e8ce<\/td><td data-label=\"Part DH :\"   class=\"elementor-repeater-item-5b07d51 td-content-type-default\" >7 000,00 \u20ac<\/td><\/tr><tr><td data-label=\"Projets Phares 2021 :\"   class=\"elementor-repeater-item-d4dbb56 td-content-type-default\" >ECPAT<\/td><td data-label=\"Pays B\u00e9n\u00e9ficiaires :\"   class=\"elementor-repeater-item-12aa498 td-content-type-default\" >N\u00e9pal<\/td><td data-label=\"Part DH :\"   class=\"elementor-repeater-item-174da58 td-content-type-default\" >5 000,00 \u20ac<\/td><\/tr><tr><td data-label=\"Projets Phares 2021 :\"   class=\"elementor-repeater-item-0ee7680 td-content-type-default\" >PADEM<\/td><td data-label=\"Pays B\u00e9n\u00e9ficiaires :\"   class=\"elementor-repeater-item-304abb7 td-content-type-default\" >S\u00e9n\u00e9gal<\/td><td data-label=\"Part DH :\"   class=\"elementor-repeater-item-e51cee6 td-content-type-default\" >6 000,00 \u20ac<\/td><\/tr><tr><td data-label=\"Projets Phares 2021 :\"   class=\"elementor-repeater-item-87e84b2 td-content-type-default\" >Aide \u00e0 l\u2019enfance de l\u2019Inde et N\u00e9pal<\/td><td data-label=\"Pays B\u00e9n\u00e9ficiaires :\"   class=\"elementor-repeater-item-e50dc5b td-content-type-default\" >Inde<\/td><td data-label=\"Part DH :\"   class=\"elementor-repeater-item-0341bc0 td-content-type-default\" >8 000,00 \u20ac<\/td><\/tr><tr><td data-label=\"Projets Phares 2021 :\"   class=\"elementor-repeater-item-305e0ca td-content-type-default\" >ASTM<\/td><td data-label=\"Pays B\u00e9n\u00e9ficiaires :\"   class=\"elementor-repeater-item-9c61bc5 td-content-type-default\" >Guatemala<\/td><td data-label=\"Part DH :\"   class=\"elementor-repeater-item-8ba6ac4 td-content-type-default\" >5 000,00 \u20ac<\/td><\/tr><tr><td data-label=\"Projets Phares 2021 :\" colSpan=\"2\"  class=\"elementor-repeater-item-bef33a8 td-content-type-default\" >Total projets phares pour 2021<\/td><td data-label=\"Part DH :\"   class=\"elementor-repeater-item-221f522 td-content-type-default\" >31 000,00 \u20ac<\/td>\t\t\t\t<\/tr>\n\t\t\t<\/tbody>\n\t\t<\/table>\n\t\t\n\t\t\t\t\t\t<\/div>\n\t\t\t\t<\/div>\n\t\t\t\t\t<\/div>\n\t\t\t\t<\/div>\n\t\t<div class=\"elementor-element elementor-element-682ac69 e-flex e-con-boxed elementor-invisible e-con e-parent\" data-id=\"682ac69\" data-element_type=\"container\" data-settings=\"{&quot;animation&quot;:&quot;fadeIn&quot;,&quot;background_background&quot;:&quot;classic&quot;}\">\n\t\t\t\t\t<div class=\"e-con-inner\">\n\t\t\t\t<div class=\"elementor-element elementor-element-064278f elementor-widget elementor-widget-Table\" data-id=\"064278f\" data-element_type=\"widget\" data-widget_type=\"Table.default\">\n\t\t\t\t<div class=\"elementor-widget-container\">\n\t\t\t\t\t\t\t<table class=\"tafe-table \">\n\t\t\t<thead  class=\"tafe-table-header\">\n\t\t\t\t<tr>\n\t\t\t\t\t<th class=\"elementor-inline-editing elementor-repeater-item-9a36cab\"   >Projets 2021 :<\/th><th class=\"elementor-inline-editing elementor-repeater-item-8f255e5\"   >Pays B\u00e9n\u00e9ficiaires :<\/th><th class=\"elementor-inline-editing elementor-repeater-item-6e14383\"   >Part DH :<\/th>\t\t\t\t<\/tr>\n\t\t\t<\/thead>\n\t\t\t\t\t\t<tbody class=\"tafe-table-body\">\n\t\t\t\t<tr>\n\t\t\t\t\t<\/tr><tr><td data-label=\"Projets 2021 :\"   class=\"elementor-repeater-item-7516f74 td-content-type-default\" >Coop\u00e9ration Nord\/Sud<\/td><td data-label=\"Pays B\u00e9n\u00e9ficiaires :\"   class=\"elementor-repeater-item-a17e5a7 td-content-type-default\" >Kenya<\/td><td data-label=\"Part DH :\"   class=\"elementor-repeater-item-5b07d51 td-content-type-default\" >1 500,00 \u20ac<\/td><\/tr><tr><td data-label=\"Projets 2021 :\"   class=\"elementor-repeater-item-3ccb0ea td-content-type-default\" >Handicap International Luxembourg<\/td><td data-label=\"Pays B\u00e9n\u00e9ficiaires :\"   class=\"elementor-repeater-item-875a7d7 td-content-type-default\" >Burkina Faso<\/td><td data-label=\"Part DH :\"   class=\"elementor-repeater-item-4d2efde td-content-type-default\" >2 250,00 \u20ac<\/td><\/tr><tr><td data-label=\"Projets 2021 :\"   class=\"elementor-repeater-item-949409d td-content-type-default\" >Nouvelle PNP<\/td><td data-label=\"Pays B\u00e9n\u00e9ficiaires :\"   class=\"elementor-repeater-item-df8603b td-content-type-default\" >P\u00e9rou<\/td><td data-label=\"Part DH :\"   class=\"elementor-repeater-item-ed01104 td-content-type-default\" >1 250,00 \u20ac<\/td><\/tr><tr><td data-label=\"Projets 2021 :\"   class=\"elementor-repeater-item-7cc1b66 td-content-type-default\" >Partage.lu<\/td><td data-label=\"Pays B\u00e9n\u00e9ficiaires :\"   class=\"elementor-repeater-item-b025002 td-content-type-default\" >Guatemala<\/td><td data-label=\"Part DH :\"   class=\"elementor-repeater-item-d965082 td-content-type-default\" >3 000,00 \u20ac<\/td><\/tr><tr><td data-label=\"Projets 2021 :\"   class=\"elementor-repeater-item-ee2b870 td-content-type-default\" >Unity Foundation<\/td><td data-label=\"Pays B\u00e9n\u00e9ficiaires :\"   class=\"elementor-repeater-item-ed0da9b td-content-type-default\" >Ouganda<\/td><td data-label=\"Part DH :\"   class=\"elementor-repeater-item-1db3583 td-content-type-default\" >2 000,00 \u20ac<\/td><\/tr><tr><td data-label=\"Projets 2021 :\" colSpan=\"2\"  class=\"elementor-repeater-item-bef33a8 td-content-type-default\" >Total projets phares pour 2021<\/td><td data-label=\"Part DH :\"   class=\"elementor-repeater-item-221f522 td-content-type-default\" >10 000,00 \u20ac<\/td>\t\t\t\t<\/tr>\n\t\t\t<\/tbody>\n\t\t<\/table>\n\t\t\n\t\t\t\t\t\t<\/div>\n\t\t\t\t<\/div>\n\t\t\t\t\t<\/div>\n\t\t\t\t<\/div>\n\t\t<div class=\"elementor-element elementor-element-2ff2f0a e-flex e-con-boxed elementor-invisible e-con e-parent\" data-id=\"2ff2f0a\" data-element_type=\"container\" data-settings=\"{&quot;animation&quot;:&quot;fadeIn&quot;,&quot;background_background&quot;:&quot;classic&quot;}\">\n\t\t\t\t\t<div class=\"e-con-inner\">\n\t\t\t\t<div class=\"elementor-element elementor-element-dd14d70 elementor-widget elementor-widget-Table\" data-id=\"dd14d70\" data-element_type=\"widget\" data-widget_type=\"Table.default\">\n\t\t\t\t<div class=\"elementor-widget-container\">\n\t\t\t\t\t\t\t<table class=\"tafe-table \">\n\t\t\t<thead  class=\"tafe-table-header\">\n\t\t\t\t<tr>\n\t\t\t\t\t<th class=\"elementor-inline-editing elementor-repeater-item-9a36cab\"   >Aide Financi\u00e8res 2021 :<\/th><th class=\"elementor-inline-editing elementor-repeater-item-8f255e5\"   >Pays B\u00e9n\u00e9ficiaires :<\/th><th class=\"elementor-inline-editing elementor-repeater-item-6e14383\"   >Part DH :<\/th>\t\t\t\t<\/tr>\n\t\t\t<\/thead>\n\t\t\t\t\t\t<tbody class=\"tafe-table-body\">\n\t\t\t\t<tr>\n\t\t\t\t\t<\/tr><tr><td data-label=\"Aide Financi\u00e8res 2021 :\"   class=\"elementor-repeater-item-64f250e td-content-type-default\" >\u00celes de paix<\/td><td data-label=\"Pays B\u00e9n\u00e9ficiaires :\"   class=\"elementor-repeater-item-8a4bb0c td-content-type-default\" >B\u00e9nin<\/td><td data-label=\"Part DH :\"   class=\"elementor-repeater-item-19144e4 td-content-type-default\" >2 000,00 \u20ac<\/td><\/tr><tr><td data-label=\"Aide Financi\u00e8res 2021 :\"   class=\"elementor-repeater-item-7516f74 td-content-type-default\" >Chr\u00ebschte mam Sahel <\/td><td data-label=\"Pays B\u00e9n\u00e9ficiaires :\"   class=\"elementor-repeater-item-a17e5a7 td-content-type-default\" >Burkina Faso<\/td><td data-label=\"Part DH :\"   class=\"elementor-repeater-item-5b07d51 td-content-type-default\" >750,00 \u20ac<\/td><\/tr><tr><td data-label=\"Aide Financi\u00e8res 2021 :\"   class=\"elementor-repeater-item-d4dbb56 td-content-type-default\" >Fr\u00e8res des hommes<\/td><td data-label=\"Pays B\u00e9n\u00e9ficiaires :\"   class=\"elementor-repeater-item-12aa498 td-content-type-default\" >Burkina Faso<\/td><td data-label=\"Part DH :\"   class=\"elementor-repeater-item-60934f4 td-content-type-default\" >1 250,00 \u20ac<\/td><\/tr><tr><td data-label=\"Aide Financi\u00e8res 2021 :\"   class=\"elementor-repeater-item-3286668 td-content-type-default\" >ONGD - FNEL<\/td><td data-label=\"Pays B\u00e9n\u00e9ficiaires :\"   class=\"elementor-repeater-item-e757f76 td-content-type-default\" >N\u00e9pal<\/td><td data-label=\"Part DH :\"   class=\"elementor-repeater-item-174da58 td-content-type-default\" >1 000,00 \u20ac<\/td><\/tr><tr><td data-label=\"Aide Financi\u00e8res 2021 :\"   class=\"elementor-repeater-item-77909f3 td-content-type-default\" >Fr\u00ebndeskrees Cameroun<\/td><td data-label=\"Pays B\u00e9n\u00e9ficiaires :\"   class=\"elementor-repeater-item-bef4e42 td-content-type-default\" >Cameroun<\/td><td data-label=\"Part DH :\"   class=\"elementor-repeater-item-76846a4 td-content-type-default\" >2 000,00 \u20ac<\/td><\/tr><tr><td data-label=\"Aide Financi\u00e8res 2021 :\"   class=\"elementor-repeater-item-c999920 td-content-type-default\" >EDI Madagascar<\/td><td data-label=\"Pays B\u00e9n\u00e9ficiaires :\"   class=\"elementor-repeater-item-9ab98e4 td-content-type-default\" >Madagascar<\/td><td data-label=\"Part DH :\"   class=\"elementor-repeater-item-768edce td-content-type-default\" >1 500,00 \u20ac<\/td><\/tr><tr><td data-label=\"Aide Financi\u00e8res 2021 :\"   class=\"elementor-repeater-item-bb674e9 td-content-type-default\" >Catch a smile<\/td><td data-label=\"Pays B\u00e9n\u00e9ficiaires :\"   class=\"elementor-repeater-item-36890e6 td-content-type-default\" >Bosnie<\/td><td data-label=\"Part DH :\"   class=\"elementor-repeater-item-3047d0e td-content-type-default\" >1 500,00 \u20ac<\/td><\/tr><tr><td data-label=\"Aide Financi\u00e8res 2021 :\"   class=\"elementor-repeater-item-7b1744f td-content-type-default\" >Aide au Vietnam<\/td><td data-label=\"Pays B\u00e9n\u00e9ficiaires :\"   class=\"elementor-repeater-item-320a4af td-content-type-default\" >Vietnam<\/td><td data-label=\"Part DH :\"   class=\"elementor-repeater-item-e1aaa35 td-content-type-default\" >1 000,00 \u20ac<\/td><\/tr><tr><td data-label=\"Aide Financi\u00e8res 2021 :\"   class=\"elementor-repeater-item-feeff45 td-content-type-default\" >Athen\u00e9e - Action humanitaire<\/td><td data-label=\"Pays B\u00e9n\u00e9ficiaires :\"   class=\"elementor-repeater-item-28de7e6 td-content-type-default\" >Afrique du sud<\/td><td data-label=\"Part DH :\"   class=\"elementor-repeater-item-3adf35d td-content-type-default\" >500,00 \u20ac<\/td><\/tr><tr><td data-label=\"Aide Financi\u00e8res 2021 :\"   class=\"elementor-repeater-item-d9ac844 td-content-type-default\" >Rokku Mi Rokka<\/td><td data-label=\"Pays B\u00e9n\u00e9ficiaires :\"   class=\"elementor-repeater-item-6d6c5c1 td-content-type-default\" >S\u00e9n\u00e9gal<\/td><td data-label=\"Part DH :\"   class=\"elementor-repeater-item-d3b84cc td-content-type-default\" >500,00 \u20ac<\/td><\/tr><tr><td data-label=\"Aide Financi\u00e8res 2021 :\"   class=\"elementor-repeater-item-ed3aa0a td-content-type-default\" >Amiti\u00e9 am Sand - Amizero<\/td><td data-label=\"Pays B\u00e9n\u00e9ficiaires :\"   class=\"elementor-repeater-item-3887c20 td-content-type-default\" >Rwanda<\/td><td data-label=\"Part DH :\"   class=\"elementor-repeater-item-bc6470d td-content-type-default\" >2 000,00 \u20ac<\/td><\/tr><tr><td data-label=\"Aide Financi\u00e8res 2021 :\"   class=\"elementor-repeater-item-39a5177 td-content-type-default\" >EducActions Cap Vert<\/td><td data-label=\"Pays B\u00e9n\u00e9ficiaires :\"   class=\"elementor-repeater-item-009ac90 td-content-type-default\" >Cap Vert<\/td><td data-label=\"Part DH :\"   class=\"elementor-repeater-item-fa83ab8 td-content-type-default\" >1 250,00 \u20ac<\/td><\/tr><tr><td data-label=\"Aide Financi\u00e8res 2021 :\"   class=\"elementor-repeater-item-f362401 td-content-type-default\" >Objectif Tiers Monde<\/td><td data-label=\"Pays B\u00e9n\u00e9ficiaires :\"   class=\"elementor-repeater-item-f2fdc7f td-content-type-default\" >Ha\u00efti<\/td><td data-label=\"Part DH :\"   class=\"elementor-repeater-item-82204d0 td-content-type-default\" >500,00 \u20ac<\/td><\/tr><tr><td data-label=\"Aide Financi\u00e8res 2021 :\"   class=\"elementor-repeater-item-844925e td-content-type-default\" >SOS village d\u2019Enfants du monde<\/td><td data-label=\"Pays B\u00e9n\u00e9ficiaires :\"   class=\"elementor-repeater-item-45effab td-content-type-default\" >Guin\u00e9e<\/td><td data-label=\"Part DH :\"   class=\"elementor-repeater-item-ae167cd td-content-type-default\" >2 000,00 \u20ac<\/td><\/tr><tr><td data-label=\"Aide Financi\u00e8res 2021 :\"   class=\"elementor-repeater-item-aaee2e8 td-content-type-default\" >Izulu Water<\/td><td data-label=\"Pays B\u00e9n\u00e9ficiaires :\"   class=\"elementor-repeater-item-afcbc95 td-content-type-default\" >Afrique du sud<\/td><td data-label=\"Part DH :\"   class=\"elementor-repeater-item-bdf0037 td-content-type-default\" >1 000,00 \u20ac<\/td><\/tr><tr><td data-label=\"Aide Financi\u00e8res 2021 :\"   class=\"elementor-repeater-item-a50bb96 td-content-type-default\" >Stand Speak Rise Up<\/td><td data-label=\"Pays B\u00e9n\u00e9ficiaires :\"   class=\"elementor-repeater-item-f203cfd td-content-type-default\" >RD Congo<\/td><td data-label=\"Part DH :\"   class=\"elementor-repeater-item-becf27d td-content-type-default\" >1 500,00 \u20ac<\/td><\/tr><tr><td data-label=\"Aide Financi\u00e8res 2021 :\" colSpan=\"2\"  class=\"elementor-repeater-item-bef33a8 td-content-type-default\" >Total subsides pour 2021<\/td><td data-label=\"Part DH :\"   class=\"elementor-repeater-item-221f522 td-content-type-default\" >20 250,00 \u20ac<\/td>\t\t\t\t<\/tr>\n\t\t\t<\/tbody>\n\t\t<\/table>\n\t\t\n\t\t\t\t\t\t<\/div>\n\t\t\t\t<\/div>\n\t\t\t\t\t<\/div>\n\t\t\t\t<\/div>\n\t\t<div class=\"elementor-element elementor-element-e7ee9f3 e-grid e-con-boxed elementor-invisible e-con e-parent\" data-id=\"e7ee9f3\" data-element_type=\"container\" data-settings=\"{&quot;animation&quot;:&quot;fadeIn&quot;}\">\n\t\t\t\t\t<div class=\"e-con-inner\">\n\t\t\t\t<div class=\"elementor-element elementor-element-b833139 elementor-widget elementor-widget-text-editor\" data-id=\"b833139\" data-element_type=\"widget\" data-widget_type=\"text-editor.default\">\n\t\t\t\t<div class=\"elementor-widget-container\">\n\t\t\t\t\t\t\t\t\t<p><strong>GRAND TOTAL 2021 :<\/strong><\/p>\t\t\t\t\t\t\t\t<\/div>\n\t\t\t\t<\/div>\n\t\t\t\t<div class=\"elementor-element elementor-element-9c9ec38 elementor-widget elementor-widget-text-editor\" data-id=\"9c9ec38\" data-element_type=\"widget\" data-widget_type=\"text-editor.default\">\n\t\t\t\t<div class=\"elementor-widget-container\">\n\t\t\t\t\t\t\t\t\t<p><strong>60 000,00 \u20ac<\/strong><\/p>\t\t\t\t\t\t\t\t<\/div>\n\t\t\t\t<\/div>\n\t\t\t\t\t<\/div>\n\t\t\t\t<\/div>\n\t\t\t\t<\/div>\n\t\t","protected":false},"excerpt":{"rendered":"<p>Projets 2021 Pour en savoir plus sur les projets soutenus par DH en 2021, veuillez consultez notre brochure 2021. Projets Phares 2021 : Pays B\u00e9n\u00e9ficiaires : Part DH : ANKAA Gr\u00e8ce 7 000,00 \u20ac ECPAT N\u00e9pal 5 000,00 \u20ac PADEM S\u00e9n\u00e9gal 6 000,00 \u20ac Aide \u00e0 l\u2019enfance de l\u2019Inde et N\u00e9pal Inde 8 000,00 \u20ac [&hellip;]<\/p>\n","protected":false},"author":2,"featured_media":0,"parent":0,"menu_order":0,"comment_status":"closed","ping_status":"closed","template":"","meta":{"footnotes":""},"class_list":["post-3595","page","type-page","status-publish","hentry"],"blocksy_meta":[],"_links":{"self":[{"href":"https:\/\/diddelenghelleft-test.augmented-store.com\/index.php\/wp-json\/wp\/v2\/pages\/3595","targetHints":{"allow":["GET"]}}],"collection":[{"href":"https:\/\/diddelenghelleft-test.augmented-store.com\/index.php\/wp-json\/wp\/v2\/pages"}],"about":[{"href":"https:\/\/diddelenghelleft-test.augmented-store.com\/index.php\/wp-json\/wp\/v2\/types\/page"}],"author":[{"embeddable":true,"href":"https:\/\/diddelenghelleft-test.augmented-store.com\/index.php\/wp-json\/wp\/v2\/users\/2"}],"replies":[{"embeddable":true,"href":"https:\/\/diddelenghelleft-test.augmented-store.com\/index.php\/wp-json\/wp\/v2\/comments?post=3595"}],"version-history":[{"count":7,"href":"https:\/\/diddelenghelleft-test.augmented-store.com\/index.php\/wp-json\/wp\/v2\/pages\/3595\/revisions"}],"predecessor-version":[{"id":3667,"href":"https:\/\/diddelenghelleft-test.augmented-store.com\/index.php\/wp-json\/wp\/v2\/pages\/3595\/revisions\/3667"}],"wp:attachment":[{"href":"https:\/\/diddelenghelleft-test.augmented-store.com\/index.php\/wp-json\/wp\/v2\/media?parent=3595"}],"curies":[{"name":"wp","href":"https:\/\/api.w.org\/{rel}","templated":true}]}}