{"id":362,"date":"2024-06-17T11:45:13","date_gmt":"2024-06-17T09:45:13","guid":{"rendered":"https:\/\/diddelenghelleft-test.augmented-store.com\/?page_id=362"},"modified":"2024-06-24T16:11:31","modified_gmt":"2024-06-24T14:11:31","slug":"mot-du-president","status":"publish","type":"page","link":"https:\/\/diddelenghelleft-test.augmented-store.com\/index.php\/mot-du-president\/","title":{"rendered":"Mot du Pr\u00e9sident"},"content":{"rendered":"\t\t<div data-elementor-type=\"wp-page\" data-elementor-id=\"362\" class=\"elementor elementor-362\">\n\t\t\t\t<div class=\"elementor-element elementor-element-0ea9bb4 e-flex e-con-boxed elementor-invisible e-con e-parent\" data-id=\"0ea9bb4\" data-element_type=\"container\" data-settings=\"{&quot;animation&quot;:&quot;fadeIn&quot;}\">\n\t\t\t\t\t<div class=\"e-con-inner\">\n\t\t\t\t<div class=\"elementor-element elementor-element-6b97aee elementor-invisible elementor-widget elementor-widget-heading\" data-id=\"6b97aee\" data-element_type=\"widget\" data-settings=\"{&quot;_animation&quot;:&quot;fadeIn&quot;}\" data-widget_type=\"heading.default\">\n\t\t\t\t<div class=\"elementor-widget-container\">\n\t\t\t\t\t<h2 class=\"elementor-heading-title elementor-size-default\">Mot du pr\u00e9sident<\/h2>\t\t\t\t<\/div>\n\t\t\t\t<\/div>\n\t\t\t\t\t<\/div>\n\t\t\t\t<\/div>\n\t\t<div class=\"elementor-element elementor-element-6f01bd3 e-flex e-con-boxed elementor-invisible e-con e-parent\" data-id=\"6f01bd3\" data-element_type=\"container\" data-settings=\"{&quot;animation&quot;:&quot;fadeIn&quot;}\">\n\t\t\t\t\t<div class=\"e-con-inner\">\n\t\t<div class=\"elementor-element elementor-element-7405264 e-con-full e-flex e-con e-child\" data-id=\"7405264\" data-element_type=\"container\">\n\t\t\t\t<div class=\"elementor-element elementor-element-c19165e elementor-widget elementor-widget-text-editor\" data-id=\"c19165e\" data-element_type=\"widget\" data-widget_type=\"text-editor.default\">\n\t\t\t\t<div class=\"elementor-widget-container\">\n\t\t\t\t\t\t\t\t\t<p>Depuis 1994, l\u2019organisation Diddel\u00e9ng H\u00eblleft a.s.b.l \u0153uvre en faveur du bien-\u00eatre des populations les plus d\u00e9munies du Tiers-monde, des pays en voie de d\u00e9veloppement. Son engagement principal est de rassembler les fonds n\u00e9cessaires \u00e0 la r\u00e9alisation de projets d\u2019aide au d\u00e9veloppement durable en Asie, en Afrique, en Am\u00e9rique latine et d\u2019autres r\u00e9gions d\u00e9favoris\u00e9es. Diddel\u00e9ng H\u00eblleft n\u2019est donc pas actif dans la r\u00e9alisation de propres projets, mais son but consiste essentiellement dans le soutien financier d\u2019autres ONG.<\/p>\t\t\t\t\t\t\t\t<\/div>\n\t\t\t\t<\/div>\n\t\t\t\t<\/div>\n\t\t<div class=\"elementor-element elementor-element-3fb93ea e-con-full e-flex e-con e-child\" data-id=\"3fb93ea\" data-element_type=\"container\">\n\t\t\t\t<div class=\"elementor-element elementor-element-e871bda elementor-widget elementor-widget-image\" data-id=\"e871bda\" data-element_type=\"widget\" data-widget_type=\"image.default\">\n\t\t\t\t<div class=\"elementor-widget-container\">\n\t\t\t\t\t\t\t\t\t\t\t\t\t\t\t<img fetchpriority=\"high\" decoding=\"async\" width=\"426\" height=\"283\" src=\"https:\/\/diddelenghelleft-test.augmented-store.com\/wp-content\/uploads\/2024\/06\/dan_1.jpg\" class=\"attachment-large size-large wp-image-366\" alt=\"\" srcset=\"https:\/\/diddelenghelleft-test.augmented-store.com\/wp-content\/uploads\/2024\/06\/dan_1.jpg 426w, https:\/\/diddelenghelleft-test.augmented-store.com\/wp-content\/uploads\/2024\/06\/dan_1-300x199.jpg 300w\" sizes=\"(max-width: 426px) 100vw, 426px\" \/>\t\t\t\t\t\t\t\t\t\t\t\t\t\t\t<\/div>\n\t\t\t\t<\/div>\n\t\t\t\t<\/div>\n\t\t\t\t\t<\/div>\n\t\t\t\t<\/div>\n\t\t<div class=\"elementor-element elementor-element-1b1a625 e-flex e-con-boxed elementor-invisible e-con e-parent\" data-id=\"1b1a625\" data-element_type=\"container\" data-settings=\"{&quot;animation&quot;:&quot;fadeIn&quot;}\">\n\t\t\t\t\t<div class=\"e-con-inner\">\n\t\t\t\t<div class=\"elementor-element elementor-element-9c33125 elementor-widget elementor-widget-text-editor\" data-id=\"9c33125\" data-element_type=\"widget\" data-widget_type=\"text-editor.default\">\n\t\t\t\t<div class=\"elementor-widget-container\">\n\t\t\t\t\t\t\t\t\t<p>La philosophie de Diddel\u00e9ng H\u00eblleft s\u2019inscrit dans le cadre de la lutte contre la pauvret\u00e9, de l\u2019am\u00e9lioration des conditions de vie, de l\u2019\u00e9galit\u00e9 des chances et de la promotion du commerce \u00e9quitable.<\/p><p>Dans le domaine de l\u2019information et de la sensibilisation de la population en vue d\u2019une plus grande solidarit\u00e9 envers les populations d\u00e9favoris\u00e9es, Diddel\u00e9ng H\u00eblleft organise aussi son traditionnel \u00ab\u00a0March\u00e9 Tiers Monde\u00a0\u00bb, unique en son genre et pour le Luxembourg.<\/p><p>Nous tenons \u00e0 remercier chaleureusement notre Commune pour son soutien exemplaire qu\u2019elle nous apporte \u00e0 tous les stades de notre engagement. La Commune de Dudelange s\u2019engage \u00e0 travers un cr\u00e9dit annuel aux projets choisis par Diddel\u00e9ng H\u00eblleft. Ces remerciements valent aussi pour tous nos donateurs qui nous permettent de concr\u00e9tiser d\u2019ann\u00e9e en ann\u00e9e notre philosophie d\u2019action.<\/p><p>Un grand Merci \u00e9galement \u00e0 chacun de vous et votre int\u00e9r\u00eat port\u00e9 envers nos projets et ses b\u00e9n\u00e9ficiaires.<\/p><p><strong>Dan Biancalana<\/strong><\/p><p><em>Pr\u00e9sident<\/em><\/p>\t\t\t\t\t\t\t\t<\/div>\n\t\t\t\t<\/div>\n\t\t\t\t\t<\/div>\n\t\t\t\t<\/div>\n\t\t\t\t<\/div>\n\t\t","protected":false},"excerpt":{"rendered":"<p>Mot du pr\u00e9sident Depuis 1994, l\u2019organisation Diddel\u00e9ng H\u00eblleft a.s.b.l \u0153uvre en faveur du bien-\u00eatre des populations les plus d\u00e9munies du Tiers-monde, des pays en voie de d\u00e9veloppement. Son engagement principal est de rassembler les fonds n\u00e9cessaires \u00e0 la r\u00e9alisation de projets d\u2019aide au d\u00e9veloppement durable en Asie, en Afrique, en Am\u00e9rique latine et d\u2019autres r\u00e9gions [&hellip;]<\/p>\n","protected":false},"author":2,"featured_media":0,"parent":0,"menu_order":0,"comment_status":"closed","ping_status":"closed","template":"elementor_header_footer","meta":{"footnotes":""},"class_list":["post-362","page","type-page","status-publish","hentry"],"blocksy_meta":[],"_links":{"self":[{"href":"https:\/\/diddelenghelleft-test.augmented-store.com\/index.php\/wp-json\/wp\/v2\/pages\/362","targetHints":{"allow":["GET"]}}],"collection":[{"href":"https:\/\/diddelenghelleft-test.augmented-store.com\/index.php\/wp-json\/wp\/v2\/pages"}],"about":[{"href":"https:\/\/diddelenghelleft-test.augmented-store.com\/index.php\/wp-json\/wp\/v2\/types\/page"}],"author":[{"embeddable":true,"href":"https:\/\/diddelenghelleft-test.augmented-store.com\/index.php\/wp-json\/wp\/v2\/users\/2"}],"replies":[{"embeddable":true,"href":"https:\/\/diddelenghelleft-test.augmented-store.com\/index.php\/wp-json\/wp\/v2\/comments?post=362"}],"version-history":[{"count":316,"href":"https:\/\/diddelenghelleft-test.augmented-store.com\/index.php\/wp-json\/wp\/v2\/pages\/362\/revisions"}],"predecessor-version":[{"id":3179,"href":"https:\/\/diddelenghelleft-test.augmented-store.com\/index.php\/wp-json\/wp\/v2\/pages\/362\/revisions\/3179"}],"wp:attachment":[{"href":"https:\/\/diddelenghelleft-test.augmented-store.com\/index.php\/wp-json\/wp\/v2\/media?parent=362"}],"curies":[{"name":"wp","href":"https:\/\/api.w.org\/{rel}","templated":true}]}}