{"id":428,"date":"2024-06-17T14:32:57","date_gmt":"2024-06-17T12:32:57","guid":{"rendered":"https:\/\/diddelenghelleft-test.augmented-store.com\/?page_id=428"},"modified":"2024-11-29T12:06:12","modified_gmt":"2024-11-29T11:06:12","slug":"projets-2019","status":"publish","type":"page","link":"https:\/\/diddelenghelleft-test.augmented-store.com\/index.php\/projets-2019\/","title":{"rendered":"Projets 2019"},"content":{"rendered":"\t\t<div data-elementor-type=\"wp-page\" data-elementor-id=\"428\" class=\"elementor elementor-428\">\n\t\t\t\t<div class=\"elementor-element elementor-element-11fe86f e-flex e-con-boxed elementor-invisible e-con e-parent\" data-id=\"11fe86f\" data-element_type=\"container\" data-settings=\"{&quot;animation&quot;:&quot;fadeIn&quot;}\">\n\t\t\t\t\t<div class=\"e-con-inner\">\n\t\t\t\t<div class=\"elementor-element elementor-element-56c5b91 elementor-widget elementor-widget-heading\" data-id=\"56c5b91\" data-element_type=\"widget\" data-widget_type=\"heading.default\">\n\t\t\t\t<div class=\"elementor-widget-container\">\n\t\t\t\t\t<h2 class=\"elementor-heading-title elementor-size-default\">Projets 2019<\/h2>\t\t\t\t<\/div>\n\t\t\t\t<\/div>\n\t\t\t\t\t<\/div>\n\t\t\t\t<\/div>\n\t\t<div class=\"elementor-element elementor-element-1736801 e-flex e-con-boxed elementor-invisible e-con e-parent\" data-id=\"1736801\" data-element_type=\"container\" data-settings=\"{&quot;animation&quot;:&quot;fadeIn&quot;}\">\n\t\t\t\t\t<div class=\"e-con-inner\">\n\t\t\t\t<div class=\"elementor-element elementor-element-86cf444 elementor-widget elementor-widget-text-editor\" data-id=\"86cf444\" data-element_type=\"widget\" data-widget_type=\"text-editor.default\">\n\t\t\t\t<div class=\"elementor-widget-container\">\n\t\t\t\t\t\t\t\t\t<p>Pour en savoir plus sur les projets soutenus par DH en 2019, veuillez consultez notre\u00a0<strong><a href=\"https:\/\/diddelenghelleft-test.augmented-store.com\/wp-content\/uploads\/2024\/11\/brochure-projets-DH-2019.pdf\"><span class=\" link\">brochure 2019<\/span><\/a>.<\/strong><\/p>\t\t\t\t\t\t\t\t<\/div>\n\t\t\t\t<\/div>\n\t\t\t\t\t<\/div>\n\t\t\t\t<\/div>\n\t\t<div class=\"elementor-element elementor-element-1abc1f5 e-flex e-con-boxed elementor-invisible e-con e-parent\" data-id=\"1abc1f5\" data-element_type=\"container\" data-settings=\"{&quot;animation&quot;:&quot;fadeIn&quot;}\">\n\t\t\t\t\t<div class=\"e-con-inner\">\n\t\t\t\t<div class=\"elementor-element elementor-element-48850e3 elementor-widget elementor-widget-Table\" data-id=\"48850e3\" data-element_type=\"widget\" data-widget_type=\"Table.default\">\n\t\t\t\t<div class=\"elementor-widget-container\">\n\t\t\t\t\t\t\t<table class=\"tafe-table \">\n\t\t\t<thead  class=\"tafe-table-header\">\n\t\t\t\t<tr>\n\t\t\t\t\t<th class=\"elementor-inline-editing elementor-repeater-item-9a36cab\"   >ONGs Soutenues en 2019 :<\/th><th class=\"elementor-inline-editing elementor-repeater-item-8f255e5\"   >Pays B\u00e9n\u00e9ficiaires :<\/th><th class=\"elementor-inline-editing elementor-repeater-item-6e14383\"   >Part DH :<\/th>\t\t\t\t<\/tr>\n\t\t\t<\/thead>\n\t\t\t\t\t\t<tbody class=\"tafe-table-body\">\n\t\t\t\t<tr>\n\t\t\t\t\t<\/tr><tr><td data-label=\"ONGs Soutenues en 2019 :\"   class=\"elementor-repeater-item-64f250e td-content-type-default\" >ANKAA<\/td><td data-label=\"Pays B\u00e9n\u00e9ficiaires :\"   class=\"elementor-repeater-item-8a4bb0c td-content-type-default\" >Gr\u00e8ce<\/td><td data-label=\"Part DH :\"   class=\"elementor-repeater-item-19144e4 td-content-type-default\" >3 000,00 \u20ac<\/td><\/tr><tr><td data-label=\"ONGs Soutenues en 2019 :\"   class=\"elementor-repeater-item-7516f74 td-content-type-default\" >CARE<\/td><td data-label=\"Pays B\u00e9n\u00e9ficiaires :\"   class=\"elementor-repeater-item-a17e5a7 td-content-type-default\" >Myanmar<\/td><td data-label=\"Part DH :\"   class=\"elementor-repeater-item-5b07d51 td-content-type-default\" >3 000,00 \u20ac<\/td><\/tr><tr><td data-label=\"ONGs Soutenues en 2019 :\"   class=\"elementor-repeater-item-d4dbb56 td-content-type-default\" >Coop\u00e9ration Nord\/Sud<\/td><td data-label=\"Pays B\u00e9n\u00e9ficiaires :\"   class=\"elementor-repeater-item-12aa498 td-content-type-default\" >Kenya<\/td><td data-label=\"Part DH :\"   class=\"elementor-repeater-item-60934f4 td-content-type-default\" >4 000,00 \u20ac<\/td><\/tr><tr><td data-label=\"ONGs Soutenues en 2019 :\"   class=\"elementor-repeater-item-3286668 td-content-type-default\" >Eng oppen Hand fir Malawi<\/td><td data-label=\"Pays B\u00e9n\u00e9ficiaires :\"   class=\"elementor-repeater-item-e757f76 td-content-type-default\" >Malawi<\/td><td data-label=\"Part DH :\"   class=\"elementor-repeater-item-174da58 td-content-type-default\" >4 000,00 \u20ac<\/td><\/tr><tr><td data-label=\"ONGs Soutenues en 2019 :\"   class=\"elementor-repeater-item-77909f3 td-content-type-default\" >Fr\u00ebndeskrees Kamerun<\/td><td data-label=\"Pays B\u00e9n\u00e9ficiaires :\"   class=\"elementor-repeater-item-bef4e42 td-content-type-default\" >Cameroun<\/td><td data-label=\"Part DH :\"   class=\"elementor-repeater-item-76846a4 td-content-type-default\" >4 000,00 \u20ac<\/td><\/tr><tr><td data-label=\"ONGs Soutenues en 2019 :\"   class=\"elementor-repeater-item-c999920 td-content-type-default\" >Handicap International Luxembourg<\/td><td data-label=\"Pays B\u00e9n\u00e9ficiaires :\"   class=\"elementor-repeater-item-9ab98e4 td-content-type-default\" >Burkina Faso<\/td><td data-label=\"Part DH :\"   class=\"elementor-repeater-item-768edce td-content-type-default\" >\t\n3 000,00 \u20ac<\/td><\/tr><tr><td data-label=\"ONGs Soutenues en 2019 :\"   class=\"elementor-repeater-item-bb674e9 td-content-type-default\" >Ninos de la Tierra<\/td><td data-label=\"Pays B\u00e9n\u00e9ficiaires :\"   class=\"elementor-repeater-item-36890e6 td-content-type-default\" >Bolivie<\/td><td data-label=\"Part DH :\"   class=\"elementor-repeater-item-3047d0e td-content-type-default\" >4 000,00 \u20ac<\/td><\/tr><tr><td data-label=\"ONGs Soutenues en 2019 :\"   class=\"elementor-repeater-item-7b1744f td-content-type-default\" >Nouvelle PNP<\/td><td data-label=\"Pays B\u00e9n\u00e9ficiaires :\"   class=\"elementor-repeater-item-320a4af td-content-type-default\" >P\u00e9rou<\/td><td data-label=\"Part DH :\"   class=\"elementor-repeater-item-e1aaa35 td-content-type-default\" >4 000,00 \u20ac<\/td><\/tr><tr><td data-label=\"ONGs Soutenues en 2019 :\"   class=\"elementor-repeater-item-feeff45 td-content-type-default\" >PADEM<\/td><td data-label=\"Pays B\u00e9n\u00e9ficiaires :\"   class=\"elementor-repeater-item-28de7e6 td-content-type-default\" >S\u00e9n\u00e9gal<\/td><td data-label=\"Part DH :\"   class=\"elementor-repeater-item-3adf35d td-content-type-default\" >3 000,00 \u20ac<\/td><\/tr><tr><td data-label=\"ONGs Soutenues en 2019 :\"   class=\"elementor-repeater-item-be8930a td-content-type-default\" >Partage - Bridderlech Deelen<\/td><td data-label=\"Pays B\u00e9n\u00e9ficiaires :\"   class=\"elementor-repeater-item-8fa6752 td-content-type-default\" >Guatemala<\/td><td data-label=\"Part DH :\"   class=\"elementor-repeater-item-efedd1b td-content-type-default\" >3 000,00 \u20ac<\/td><\/tr><tr><td data-label=\"ONGs Soutenues en 2019 :\"   class=\"elementor-repeater-item-4e57dc5 td-content-type-default\" >Regards d'Enfants d'Ethiopie<\/td><td data-label=\"Pays B\u00e9n\u00e9ficiaires :\"   class=\"elementor-repeater-item-3907693 td-content-type-default\" >Ethiopie<\/td><td data-label=\"Part DH :\"   class=\"elementor-repeater-item-896d2df td-content-type-default\" >3 000,00 \u20ac<\/td><\/tr><tr><td data-label=\"ONGs Soutenues en 2019 :\"   class=\"elementor-repeater-item-dca758d td-content-type-default\" >Unity Foundation<\/td><td data-label=\"Pays B\u00e9n\u00e9ficiaires :\"   class=\"elementor-repeater-item-4524ae2 td-content-type-default\" >Ouganda<\/td><td data-label=\"Part DH :\"   class=\"elementor-repeater-item-9f67100 td-content-type-default\" >3 000,00 \u20ac<\/td><\/tr><tr><td data-label=\"ONGs Soutenues en 2019 :\" colSpan=\"2\"  class=\"elementor-repeater-item-bef33a8 td-content-type-default\" >Total projets soutenus pour 2019<\/td><td data-label=\"Part DH :\"   class=\"elementor-repeater-item-221f522 td-content-type-default\" >41 000,00 \u20ac<\/td>\t\t\t\t<\/tr>\n\t\t\t<\/tbody>\n\t\t<\/table>\n\t\t\n\t\t\t\t\t\t<\/div>\n\t\t\t\t<\/div>\n\t\t\t\t\t<\/div>\n\t\t\t\t<\/div>\n\t\t<div class=\"elementor-element elementor-element-43db96a e-flex e-con-boxed elementor-invisible e-con e-parent\" data-id=\"43db96a\" data-element_type=\"container\" data-settings=\"{&quot;background_background&quot;:&quot;classic&quot;,&quot;animation&quot;:&quot;fadeIn&quot;}\">\n\t\t\t\t\t<div class=\"e-con-inner\">\n\t\t\t\t<div class=\"elementor-element elementor-element-f72de50 elementor-widget elementor-widget-Table\" data-id=\"f72de50\" data-element_type=\"widget\" data-widget_type=\"Table.default\">\n\t\t\t\t<div class=\"elementor-widget-container\">\n\t\t\t\t\t\t\t<table class=\"tafe-table \">\n\t\t\t<thead  class=\"tafe-table-header\">\n\t\t\t\t<tr>\n\t\t\t\t\t<th class=\"elementor-inline-editing elementor-repeater-item-9a36cab\"   >Subsides 2019 :<\/th><th class=\"elementor-inline-editing elementor-repeater-item-8f255e5\"   >Pays B\u00e9n\u00e9ficiaires :<\/th><th class=\"elementor-inline-editing elementor-repeater-item-6e14383\"   >Part DH :<\/th>\t\t\t\t<\/tr>\n\t\t\t<\/thead>\n\t\t\t\t\t\t<tbody class=\"tafe-table-body\">\n\t\t\t\t<tr>\n\t\t\t\t\t<\/tr><tr><td data-label=\"Subsides 2019 :\"   class=\"elementor-repeater-item-0ca03ce td-content-type-default\" >Aide \u00e0 l'Enfance de l'Inde et N\u00e9pal<\/td><td data-label=\"Pays B\u00e9n\u00e9ficiaires :\"   class=\"elementor-repeater-item-e57ca33 td-content-type-default\" >N\u00e9pal<\/td><td data-label=\"Part DH :\"   class=\"elementor-repeater-item-19144e4 td-content-type-default\" >1 500,00 \u20ac<\/td><\/tr><tr><td data-label=\"Subsides 2019 :\"   class=\"elementor-repeater-item-64f250e td-content-type-default\" >ASEC<\/td><td data-label=\"Pays B\u00e9n\u00e9ficiaires :\"   class=\"elementor-repeater-item-4231596 td-content-type-default\" >Cameroun<\/td><td data-label=\"Part DH :\"   class=\"elementor-repeater-item-7505202 td-content-type-default\" >1 000,00 \u20ac<\/td><\/tr><tr><td data-label=\"Subsides 2019 :\"   class=\"elementor-repeater-item-23d1902 td-content-type-default\" >ASTM<\/td><td data-label=\"Pays B\u00e9n\u00e9ficiaires :\"   class=\"elementor-repeater-item-8a4bb0c td-content-type-default\" >Inde<\/td><td data-label=\"Part DH :\"   class=\"elementor-repeater-item-d31fcc7 td-content-type-default\" >2 000,00 \u20ac<\/td><\/tr><tr><td data-label=\"Subsides 2019 :\"   class=\"elementor-repeater-item-510b50c td-content-type-default\" >Chr\u00ebschte mam Sahel<\/td><td data-label=\"Pays B\u00e9n\u00e9ficiaires :\"   class=\"elementor-repeater-item-108bd80 td-content-type-default\" >Burkina Faso<\/td><td data-label=\"Part DH :\"   class=\"elementor-repeater-item-43918ab td-content-type-default\" >1 000,00 \u20ac<\/td><\/tr><tr><td data-label=\"Subsides 2019 :\"   class=\"elementor-repeater-item-56f55cb td-content-type-default\" >CSI<\/td><td data-label=\"Pays B\u00e9n\u00e9ficiaires :\"   class=\"elementor-repeater-item-459c4f6 td-content-type-default\" >Congo<\/td><td data-label=\"Part DH :\"   class=\"elementor-repeater-item-993af7b td-content-type-default\" >2 000,00 \u20ac<\/td><\/tr><tr><td data-label=\"Subsides 2019 :\"   class=\"elementor-repeater-item-6a9eb3c td-content-type-default\" >Enfants d\u00e9favoris\u00e9s Madagascar<\/td><td data-label=\"Pays B\u00e9n\u00e9ficiaires :\"   class=\"elementor-repeater-item-4b281ed td-content-type-default\" >Madagascar<\/td><td data-label=\"Part DH :\"   class=\"elementor-repeater-item-b77d5d1 td-content-type-default\" >1 500,00 \u20ac<\/td><\/tr><tr><td data-label=\"Subsides 2019 :\"   class=\"elementor-repeater-item-9c2d3be td-content-type-default\" >Fr\u00e8res de hommes<\/td><td data-label=\"Pays B\u00e9n\u00e9ficiaires :\"   class=\"elementor-repeater-item-2714883 td-content-type-default\" >Burkina Faso<\/td><td data-label=\"Part DH :\"   class=\"elementor-repeater-item-2b96060 td-content-type-default\" >1 500,00 \u20ac<\/td><\/tr><tr><td data-label=\"Subsides 2019 :\"   class=\"elementor-repeater-item-15e8d23 td-content-type-default\" >Le Soleil dans la Main<\/td><td data-label=\"Pays B\u00e9n\u00e9ficiaires :\"   class=\"elementor-repeater-item-c19f23f td-content-type-default\" >Burkina Faso<\/td><td data-label=\"Part DH :\"   class=\"elementor-repeater-item-cc8e8ef td-content-type-default\" >1 000,00 \u20ac<\/td><\/tr><tr><td data-label=\"Subsides 2019 :\"   class=\"elementor-repeater-item-e1de006 td-content-type-default\" >ONGD - FNEL<\/td><td data-label=\"Pays B\u00e9n\u00e9ficiaires :\"   class=\"elementor-repeater-item-889a058 td-content-type-default\" >N\u00e9pal<\/td><td data-label=\"Part DH :\"   class=\"elementor-repeater-item-5d5e531 td-content-type-default\" >1 500,00 \u20ac<\/td><\/tr><tr><td data-label=\"Subsides 2019 :\" colSpan=\"2\"  class=\"elementor-repeater-item-0ffdb83 td-content-type-default\" >Total subsides soutenus pour 2019<\/td><td data-label=\"Part DH :\"   class=\"elementor-repeater-item-221f522 td-content-type-default\" >13 000,00\u20ac<\/td>\t\t\t\t<\/tr>\n\t\t\t<\/tbody>\n\t\t<\/table>\n\t\t\n\t\t\t\t\t\t<\/div>\n\t\t\t\t<\/div>\n\t\t\t\t\t<\/div>\n\t\t\t\t<\/div>\n\t\t<div class=\"elementor-element elementor-element-1cb0d60 e-grid e-con-boxed elementor-invisible e-con e-parent\" data-id=\"1cb0d60\" data-element_type=\"container\" data-settings=\"{&quot;animation&quot;:&quot;fadeIn&quot;}\">\n\t\t\t\t\t<div class=\"e-con-inner\">\n\t\t\t\t<div class=\"elementor-element elementor-element-853636c elementor-widget elementor-widget-text-editor\" data-id=\"853636c\" data-element_type=\"widget\" data-widget_type=\"text-editor.default\">\n\t\t\t\t<div class=\"elementor-widget-container\">\n\t\t\t\t\t\t\t\t\t<p><span style=\"text-align: var(--text-align); background-color: var(--theme-palette-color-8);\"><strong>TOTAL soutenus 2019<\/strong> :<\/span><\/p>\t\t\t\t\t\t\t\t<\/div>\n\t\t\t\t<\/div>\n\t\t\t\t<div class=\"elementor-element elementor-element-8fe9a82 elementor-widget elementor-widget-text-editor\" data-id=\"8fe9a82\" data-element_type=\"widget\" data-widget_type=\"text-editor.default\">\n\t\t\t\t<div class=\"elementor-widget-container\">\n\t\t\t\t\t\t\t\t\t<p><strong>54 000,00 \u20ac<\/strong><\/p>\t\t\t\t\t\t\t\t<\/div>\n\t\t\t\t<\/div>\n\t\t\t\t\t<\/div>\n\t\t\t\t<\/div>\n\t\t\t\t<\/div>\n\t\t","protected":false},"excerpt":{"rendered":"<p>Projets 2019 Pour en savoir plus sur les projets soutenus par DH en 2019, veuillez consultez notre\u00a0brochure 2019. ONGs Soutenues en 2019 : Pays B\u00e9n\u00e9ficiaires : Part DH : ANKAA Gr\u00e8ce 3 000,00 \u20ac CARE Myanmar 3 000,00 \u20ac Coop\u00e9ration Nord\/Sud Kenya 4 000,00 \u20ac Eng oppen Hand fir Malawi Malawi 4 000,00 \u20ac Fr\u00ebndeskrees [&hellip;]<\/p>\n","protected":false},"author":2,"featured_media":0,"parent":0,"menu_order":0,"comment_status":"closed","ping_status":"closed","template":"","meta":{"footnotes":""},"class_list":["post-428","page","type-page","status-publish","hentry"],"blocksy_meta":[],"_links":{"self":[{"href":"https:\/\/diddelenghelleft-test.augmented-store.com\/index.php\/wp-json\/wp\/v2\/pages\/428","targetHints":{"allow":["GET"]}}],"collection":[{"href":"https:\/\/diddelenghelleft-test.augmented-store.com\/index.php\/wp-json\/wp\/v2\/pages"}],"about":[{"href":"https:\/\/diddelenghelleft-test.augmented-store.com\/index.php\/wp-json\/wp\/v2\/types\/page"}],"author":[{"embeddable":true,"href":"https:\/\/diddelenghelleft-test.augmented-store.com\/index.php\/wp-json\/wp\/v2\/users\/2"}],"replies":[{"embeddable":true,"href":"https:\/\/diddelenghelleft-test.augmented-store.com\/index.php\/wp-json\/wp\/v2\/comments?post=428"}],"version-history":[{"count":91,"href":"https:\/\/diddelenghelleft-test.augmented-store.com\/index.php\/wp-json\/wp\/v2\/pages\/428\/revisions"}],"predecessor-version":[{"id":3661,"href":"https:\/\/diddelenghelleft-test.augmented-store.com\/index.php\/wp-json\/wp\/v2\/pages\/428\/revisions\/3661"}],"wp:attachment":[{"href":"https:\/\/diddelenghelleft-test.augmented-store.com\/index.php\/wp-json\/wp\/v2\/media?parent=428"}],"curies":[{"name":"wp","href":"https:\/\/api.w.org\/{rel}","templated":true}]}}