{"id":430,"date":"2024-06-17T14:32:57","date_gmt":"2024-06-17T12:32:57","guid":{"rendered":"https:\/\/diddelenghelleft-test.augmented-store.com\/?page_id=430"},"modified":"2024-11-29T12:04:07","modified_gmt":"2024-11-29T11:04:07","slug":"projets-2017","status":"publish","type":"page","link":"https:\/\/diddelenghelleft-test.augmented-store.com\/index.php\/projets-2017\/","title":{"rendered":"Projets 2017"},"content":{"rendered":"\t\t<div data-elementor-type=\"wp-page\" data-elementor-id=\"430\" class=\"elementor elementor-430\">\n\t\t\t\t<div class=\"elementor-element elementor-element-0c0e967 e-flex e-con-boxed elementor-invisible e-con e-parent\" data-id=\"0c0e967\" data-element_type=\"container\" data-settings=\"{&quot;animation&quot;:&quot;fadeIn&quot;}\">\n\t\t\t\t\t<div class=\"e-con-inner\">\n\t\t\t\t<div class=\"elementor-element elementor-element-dd7fd04 elementor-widget elementor-widget-heading\" data-id=\"dd7fd04\" data-element_type=\"widget\" data-widget_type=\"heading.default\">\n\t\t\t\t<div class=\"elementor-widget-container\">\n\t\t\t\t\t<h2 class=\"elementor-heading-title elementor-size-default\">Projets 2017<\/h2>\t\t\t\t<\/div>\n\t\t\t\t<\/div>\n\t\t\t\t\t<\/div>\n\t\t\t\t<\/div>\n\t\t<div class=\"elementor-element elementor-element-314d054 e-flex e-con-boxed elementor-invisible e-con e-parent\" data-id=\"314d054\" data-element_type=\"container\" data-settings=\"{&quot;animation&quot;:&quot;fadeIn&quot;}\">\n\t\t\t\t\t<div class=\"e-con-inner\">\n\t\t\t\t<div class=\"elementor-element elementor-element-2202a3f elementor-widget elementor-widget-text-editor\" data-id=\"2202a3f\" data-element_type=\"widget\" data-widget_type=\"text-editor.default\">\n\t\t\t\t<div class=\"elementor-widget-container\">\n\t\t\t\t\t\t\t\t\t<p>Pour en savoir plus sur les projets soutenus par DH en 2017, veuillez consultez notre\u00a0<strong><a href=\"https:\/\/diddelenghelleft-test.augmented-store.com\/wp-content\/uploads\/2024\/11\/brochure-projets-DH-2017.pdf\"><span class=\" link\">brochure 2017<\/span><\/a>.<\/strong><\/p>\t\t\t\t\t\t\t\t<\/div>\n\t\t\t\t<\/div>\n\t\t\t\t\t<\/div>\n\t\t\t\t<\/div>\n\t\t<div class=\"elementor-element elementor-element-f1af818 e-flex e-con-boxed elementor-invisible e-con e-parent\" data-id=\"f1af818\" data-element_type=\"container\" data-settings=\"{&quot;animation&quot;:&quot;fadeIn&quot;}\">\n\t\t\t\t\t<div class=\"e-con-inner\">\n\t\t\t\t<div class=\"elementor-element elementor-element-2ff498a elementor-widget elementor-widget-Table\" data-id=\"2ff498a\" data-element_type=\"widget\" data-widget_type=\"Table.default\">\n\t\t\t\t<div class=\"elementor-widget-container\">\n\t\t\t\t\t\t\t<table class=\"tafe-table \">\n\t\t\t<thead  class=\"tafe-table-header\">\n\t\t\t\t<tr>\n\t\t\t\t\t<th class=\"elementor-inline-editing elementor-repeater-item-9a36cab\"   >ONGs Soutenues en 2017 :<\/th><th class=\"elementor-inline-editing elementor-repeater-item-8f255e5\"   >Pays B\u00e9n\u00e9ficiaires :<\/th><th class=\"elementor-inline-editing elementor-repeater-item-6e14383\"   >Part DH :<\/th>\t\t\t\t<\/tr>\n\t\t\t<\/thead>\n\t\t\t\t\t\t<tbody class=\"tafe-table-body\">\n\t\t\t\t<tr>\n\t\t\t\t\t<\/tr><tr><td data-label=\"ONGs Soutenues en 2017 :\"   class=\"elementor-repeater-item-64f250e td-content-type-default\" >Action Solidarit\u00e9 Tiers Monde<\/td><td data-label=\"Pays B\u00e9n\u00e9ficiaires :\"   class=\"elementor-repeater-item-8a4bb0c td-content-type-default\" >Togo<\/td><td data-label=\"Part DH :\"   class=\"elementor-repeater-item-19144e4 td-content-type-default\" >4 000,00 \u20ac<\/td><\/tr><tr><td data-label=\"ONGs Soutenues en 2017 :\"   class=\"elementor-repeater-item-7516f74 td-content-type-default\" >Action pour un monde Uni<\/td><td data-label=\"Pays B\u00e9n\u00e9ficiaires :\"   class=\"elementor-repeater-item-a17e5a7 td-content-type-default\" >Am\u00e9rique latine<\/td><td data-label=\"Part DH :\"   class=\"elementor-repeater-item-5b07d51 td-content-type-default\" >2 000,00 \u20ac<\/td><\/tr><tr><td data-label=\"ONGs Soutenues en 2017 :\"   class=\"elementor-repeater-item-d4dbb56 td-content-type-default\" >Aide \u00e0 l'Enfance de l'Inde<\/td><td data-label=\"Pays B\u00e9n\u00e9ficiaires :\"   class=\"elementor-repeater-item-12aa498 td-content-type-default\" >Inde<\/td><td data-label=\"Part DH :\"   class=\"elementor-repeater-item-60934f4 td-content-type-default\" >2 000,00 \u20ac<\/td><\/tr><tr><td data-label=\"ONGs Soutenues en 2017 :\"   class=\"elementor-repeater-item-3286668 td-content-type-default\" >ECPAT Luxembourg<\/td><td data-label=\"Pays B\u00e9n\u00e9ficiaires :\"   class=\"elementor-repeater-item-e757f76 td-content-type-default\" >Mali<\/td><td data-label=\"Part DH :\"   class=\"elementor-repeater-item-174da58 td-content-type-default\" >5 000,00 \u20ac<\/td><\/tr><tr><td data-label=\"ONGs Soutenues en 2017 :\"   class=\"elementor-repeater-item-77909f3 td-content-type-default\" >Enfants de l'Espoir<\/td><td data-label=\"Pays B\u00e9n\u00e9ficiaires :\"   class=\"elementor-repeater-item-bef4e42 td-content-type-default\" >Colombie<\/td><td data-label=\"Part DH :\"   class=\"elementor-repeater-item-76846a4 td-content-type-default\" >3 000,00 \u20ac<\/td><\/tr><tr><td data-label=\"ONGs Soutenues en 2017 :\"   class=\"elementor-repeater-item-c999920 td-content-type-default\" >Eng open Hand fir Malawi<\/td><td data-label=\"Pays B\u00e9n\u00e9ficiaires :\"   class=\"elementor-repeater-item-9ab98e4 td-content-type-default\" >Malawi<\/td><td data-label=\"Part DH :\"   class=\"elementor-repeater-item-768edce td-content-type-default\" >3 500,00 \u20ac<\/td><\/tr><tr><td data-label=\"ONGs Soutenues en 2017 :\"   class=\"elementor-repeater-item-bb674e9 td-content-type-default\" >Fondation Bridderlech Deelen<\/td><td data-label=\"Pays B\u00e9n\u00e9ficiaires :\"   class=\"elementor-repeater-item-36890e6 td-content-type-default\" >Guatemala<\/td><td data-label=\"Part DH :\"   class=\"elementor-repeater-item-3047d0e td-content-type-default\" >4 000,00 \u20ac<\/td><\/tr><tr><td data-label=\"ONGs Soutenues en 2017 :\"   class=\"elementor-repeater-item-7b1744f td-content-type-default\" >Fondation Luxembourg - El Salvador<\/td><td data-label=\"Pays B\u00e9n\u00e9ficiaires :\"   class=\"elementor-repeater-item-320a4af td-content-type-default\" >El Salvador<\/td><td data-label=\"Part DH :\"   class=\"elementor-repeater-item-e1aaa35 td-content-type-default\" >5 000,00 \u20ac<\/td><\/tr><tr><td data-label=\"ONGs Soutenues en 2017 :\"   class=\"elementor-repeater-item-feeff45 td-content-type-default\" >Frendeskrees Kamerun<\/td><td data-label=\"Pays B\u00e9n\u00e9ficiaires :\"   class=\"elementor-repeater-item-28de7e6 td-content-type-default\" >Cameroun<\/td><td data-label=\"Part DH :\"   class=\"elementor-repeater-item-3adf35d td-content-type-default\" >3 500,00 \u20ac<\/td><\/tr><tr><td data-label=\"ONGs Soutenues en 2017 :\"   class=\"elementor-repeater-item-be8930a td-content-type-default\" >Fr\u00e8res des Hommes<\/td><td data-label=\"Pays B\u00e9n\u00e9ficiaires :\"   class=\"elementor-repeater-item-8fa6752 td-content-type-default\" >Burkina Faso<\/td><td data-label=\"Part DH :\"   class=\"elementor-repeater-item-efedd1b td-content-type-default\" >1 000,00 \u20ac<\/td><\/tr><tr><td data-label=\"ONGs Soutenues en 2017 :\"   class=\"elementor-repeater-item-4e57dc5 td-content-type-default\" >Handicap International<\/td><td data-label=\"Pays B\u00e9n\u00e9ficiaires :\"   class=\"elementor-repeater-item-3907693 td-content-type-default\" >Myanmar<\/td><td data-label=\"Part DH :\"   class=\"elementor-repeater-item-896d2df td-content-type-default\" >2 000,00 \u20ac<\/td><\/tr><tr><td data-label=\"ONGs Soutenues en 2017 :\"   class=\"elementor-repeater-item-dca758d td-content-type-default\" >Ninos de la Tierra<\/td><td data-label=\"Pays B\u00e9n\u00e9ficiaires :\"   class=\"elementor-repeater-item-4524ae2 td-content-type-default\" >Chili<\/td><td data-label=\"Part DH :\"   class=\"elementor-repeater-item-9f67100 td-content-type-default\" >2 000,00 \u20ac<\/td><\/tr><tr><td data-label=\"ONGs Soutenues en 2017 :\"   class=\"elementor-repeater-item-f281e05 td-content-type-default\" >Objectif Tiers Monde<\/td><td data-label=\"Pays B\u00e9n\u00e9ficiaires :\"   class=\"elementor-repeater-item-ffa4872 td-content-type-default\" >Ha\u00efti<\/td><td data-label=\"Part DH :\"   class=\"elementor-repeater-item-fe31b5e td-content-type-default\" >2 000,00 \u20ac<\/td><\/tr><tr><td data-label=\"ONGs Soutenues en 2017 :\"   class=\"elementor-repeater-item-779d1ce td-content-type-default\" >ONGD-FNEL<\/td><td data-label=\"Pays B\u00e9n\u00e9ficiaires :\"   class=\"elementor-repeater-item-e05fc4d td-content-type-default\" >N\u00e9pal<\/td><td data-label=\"Part DH :\"   class=\"elementor-repeater-item-185a551 td-content-type-default\" >4 000,00 \u20ac<\/td><\/tr><tr><td data-label=\"ONGs Soutenues en 2017 :\"   class=\"elementor-repeater-item-67348cb td-content-type-default\" >PADEM<\/td><td data-label=\"Pays B\u00e9n\u00e9ficiaires :\"   class=\"elementor-repeater-item-865bfa2 td-content-type-default\" >S\u00e9n\u00e9gal<\/td><td data-label=\"Part DH :\"   class=\"elementor-repeater-item-b97d5ec td-content-type-default\" >3 000,00 \u20ac<\/td><\/tr><tr><td data-label=\"ONGs Soutenues en 2017 :\"   class=\"elementor-repeater-item-f6e8912 td-content-type-default\" >Terre des Hommes<\/td><td data-label=\"Pays B\u00e9n\u00e9ficiaires :\"   class=\"elementor-repeater-item-cd4c2e0 td-content-type-default\" >Equateur<\/td><td data-label=\"Part DH :\"   class=\"elementor-repeater-item-ae98189 td-content-type-default\" >3 000,00 \u20ac<\/td><\/tr><tr><td data-label=\"ONGs Soutenues en 2017 :\"   class=\"elementor-repeater-item-6734b24 td-content-type-default\" >Unity Foundation<\/td><td data-label=\"Pays B\u00e9n\u00e9ficiaires :\"   class=\"elementor-repeater-item-d91ff36 td-content-type-default\" >Rep. centrafricaine<\/td><td data-label=\"Part DH :\"   class=\"elementor-repeater-item-9a394b4 td-content-type-default\" >3 500,00 \u20ac<\/td><\/tr><tr><td data-label=\"ONGs Soutenues en 2017 :\" colSpan=\"2\"  class=\"elementor-repeater-item-bef33a8 td-content-type-default\" >Total projets soutenus pour 2017<\/td><td data-label=\"Part DH :\"   class=\"elementor-repeater-item-221f522 td-content-type-default\" >52 500,00 \u20ac<\/td>\t\t\t\t<\/tr>\n\t\t\t<\/tbody>\n\t\t<\/table>\n\t\t\n\t\t\t\t\t\t<\/div>\n\t\t\t\t<\/div>\n\t\t\t\t\t<\/div>\n\t\t\t\t<\/div>\n\t\t<div class=\"elementor-element elementor-element-fd85cd0 e-flex e-con-boxed elementor-invisible e-con e-parent\" data-id=\"fd85cd0\" data-element_type=\"container\" data-settings=\"{&quot;background_background&quot;:&quot;classic&quot;,&quot;animation&quot;:&quot;fadeIn&quot;}\">\n\t\t\t\t\t<div class=\"e-con-inner\">\n\t\t\t\t<div class=\"elementor-element elementor-element-6521867 elementor-widget elementor-widget-Table\" data-id=\"6521867\" data-element_type=\"widget\" data-widget_type=\"Table.default\">\n\t\t\t\t<div class=\"elementor-widget-container\">\n\t\t\t\t\t\t\t<table class=\"tafe-table \">\n\t\t\t<thead  class=\"tafe-table-header\">\n\t\t\t\t<tr>\n\t\t\t\t\t<th class=\"elementor-inline-editing elementor-repeater-item-9a36cab\"   >Subsides 2017 :<\/th><th class=\"elementor-inline-editing elementor-repeater-item-8f255e5\"   >Pays B\u00e9n\u00e9ficiaires :<\/th><th class=\"elementor-inline-editing elementor-repeater-item-6e14383\"   >Part DH :<\/th>\t\t\t\t<\/tr>\n\t\t\t<\/thead>\n\t\t\t\t\t\t<tbody class=\"tafe-table-body\">\n\t\t\t\t<tr>\n\t\t\t\t\t<\/tr><tr><td data-label=\"Subsides 2017 :\"   class=\"elementor-repeater-item-0ca03ce td-content-type-default\" >Amis de Gambie<\/td><td data-label=\"Pays B\u00e9n\u00e9ficiaires :\"   class=\"elementor-repeater-item-e57ca33 td-content-type-default\" >Gambie<\/td><td data-label=\"Part DH :\"   class=\"elementor-repeater-item-19144e4 td-content-type-default\" >250,00 \u20ac<\/td><\/tr><tr><td data-label=\"Subsides 2017 :\"   class=\"elementor-repeater-item-64f250e td-content-type-default\" >ASEC<\/td><td data-label=\"Pays B\u00e9n\u00e9ficiaires :\"   class=\"elementor-repeater-item-4231596 td-content-type-default\" >Cameroun<\/td><td data-label=\"Part DH :\"   class=\"elementor-repeater-item-7505202 td-content-type-default\" >1 000,00 \u20ac<\/td><\/tr><tr><td data-label=\"Subsides 2017 :\"   class=\"elementor-repeater-item-23d1902 td-content-type-default\" >CARE<\/td><td data-label=\"Pays B\u00e9n\u00e9ficiaires :\"   class=\"elementor-repeater-item-8a4bb0c td-content-type-default\" >Myanmar<\/td><td data-label=\"Part DH :\"   class=\"elementor-repeater-item-d31fcc7 td-content-type-default\" >2 000,00 \u20ac<\/td><\/tr><tr><td data-label=\"Subsides 2017 :\"   class=\"elementor-repeater-item-510b50c td-content-type-default\" >Caritas<\/td><td data-label=\"Pays B\u00e9n\u00e9ficiaires :\"   class=\"elementor-repeater-item-108bd80 td-content-type-default\" >Colombie<\/td><td data-label=\"Part DH :\"   class=\"elementor-repeater-item-43918ab td-content-type-default\" >2 000,00 \u20ac<\/td><\/tr><tr><td data-label=\"Subsides 2017 :\"   class=\"elementor-repeater-item-56f55cb td-content-type-default\" >Christian Solidarity International<\/td><td data-label=\"Pays B\u00e9n\u00e9ficiaires :\"   class=\"elementor-repeater-item-459c4f6 td-content-type-default\" >Congo<\/td><td data-label=\"Part DH :\"   class=\"elementor-repeater-item-993af7b td-content-type-default\" >1 000,00 \u20ac<\/td><\/tr><tr><td data-label=\"Subsides 2017 :\"   class=\"elementor-repeater-item-6a9eb3c td-content-type-default\" >EDI Madagascar<\/td><td data-label=\"Pays B\u00e9n\u00e9ficiaires :\"   class=\"elementor-repeater-item-4b281ed td-content-type-default\" >Madagascar<\/td><td data-label=\"Part DH :\"   class=\"elementor-repeater-item-b77d5d1 td-content-type-default\" >750,00 \u20ac<\/td><\/tr><tr><td data-label=\"Subsides 2017 :\"   class=\"elementor-repeater-item-9c2d3be td-content-type-default\" >Fondation Raoul Follereau<\/td><td data-label=\"Pays B\u00e9n\u00e9ficiaires :\"   class=\"elementor-repeater-item-2714883 td-content-type-default\" >Togo<\/td><td data-label=\"Part DH :\"   class=\"elementor-repeater-item-2b96060 td-content-type-default\" >1 000,00 \u20ac<\/td><\/tr><tr><td data-label=\"Subsides 2017 :\"   class=\"elementor-repeater-item-8e6c032 td-content-type-default\" >Fondation Dr Elvire Engel<\/td><td data-label=\"Pays B\u00e9n\u00e9ficiaires :\"   class=\"elementor-repeater-item-83623af td-content-type-default\" >Burkina Faso<\/td><td data-label=\"Part DH :\"   class=\"elementor-repeater-item-9b48c40 td-content-type-default\" >1 000,00 \u20ac<\/td><\/tr><tr><td data-label=\"Subsides 2017 :\"   class=\"elementor-repeater-item-e7a9fcf td-content-type-default\" >Komm H\u00ebllef mat Pr\u00e9izerdaul<\/td><td data-label=\"Pays B\u00e9n\u00e9ficiaires :\"   class=\"elementor-repeater-item-63d7f62 td-content-type-default\" >Costa Rica<\/td><td data-label=\"Part DH :\"   class=\"elementor-repeater-item-fe8f15e td-content-type-default\" >750,00 \u20ac<\/td><\/tr><tr><td data-label=\"Subsides 2017 :\"   class=\"elementor-repeater-item-18de4b3 td-content-type-default\" >Le Soleil dans la Main<\/td><td data-label=\"Pays B\u00e9n\u00e9ficiaires :\"   class=\"elementor-repeater-item-6c6d0f2 td-content-type-default\" >Burkina Faso<\/td><td data-label=\"Part DH :\"   class=\"elementor-repeater-item-4fa48c7 td-content-type-default\" >1 500,00 \u20ac<\/td><\/tr><tr><td data-label=\"Subsides 2017 :\"   class=\"elementor-repeater-item-7e30ad9 td-content-type-default\" >Mitica<\/td><td data-label=\"Pays B\u00e9n\u00e9ficiaires :\"   class=\"elementor-repeater-item-5f5cb3f td-content-type-default\" >S\u00e9n\u00e9gal<\/td><td data-label=\"Part DH :\"   class=\"elementor-repeater-item-ee285f9 td-content-type-default\" >1 000,00 \u20ac<\/td><\/tr><tr><td data-label=\"Subsides 2017 :\"   class=\"elementor-repeater-item-4b340de td-content-type-default\" >Philipinas Poverty Peace Education<\/td><td data-label=\"Pays B\u00e9n\u00e9ficiaires :\"   class=\"elementor-repeater-item-aeee8d8 td-content-type-default\" >Philippines<\/td><td data-label=\"Part DH :\"   class=\"elementor-repeater-item-15c6006 td-content-type-default\" >1 000,00 \u20ac<\/td><\/tr><tr><td data-label=\"Subsides 2017 :\"   class=\"elementor-repeater-item-30e5eea td-content-type-default\" >Pro Ninos Pobres<\/td><td data-label=\"Pays B\u00e9n\u00e9ficiaires :\"   class=\"elementor-repeater-item-880a02c td-content-type-default\" >Paraguay<\/td><td data-label=\"Part DH :\"   class=\"elementor-repeater-item-f546978 td-content-type-default\" >1 500,00 \u20ac<\/td><\/tr><tr><td data-label=\"Subsides 2017 :\"   class=\"elementor-repeater-item-649ecc4 td-content-type-default\" >Rokku Mi Rokka<\/td><td data-label=\"Pays B\u00e9n\u00e9ficiaires :\"   class=\"elementor-repeater-item-a6a154e td-content-type-default\" >S\u00e9n\u00e9gal<\/td><td data-label=\"Part DH :\"   class=\"elementor-repeater-item-e74792b td-content-type-default\" >2 000,00 \u20ac<\/td><\/tr><tr><td data-label=\"Subsides 2017 :\"   class=\"elementor-repeater-item-d4e4cd3 td-content-type-default\" >SOS Faim<\/td><td data-label=\"Pays B\u00e9n\u00e9ficiaires :\"   class=\"elementor-repeater-item-b30dce5 td-content-type-default\" >Niger<\/td><td data-label=\"Part DH :\"   class=\"elementor-repeater-item-fd47227 td-content-type-default\" >750,00 \u20ac<\/td><\/tr><tr><td data-label=\"Subsides 2017 :\" colSpan=\"2\"  class=\"elementor-repeater-item-0ffdb83 td-content-type-default\" >Total subsides soutenus pour 2017<\/td><td data-label=\"Part DH :\"   class=\"elementor-repeater-item-221f522 td-content-type-default\" >18 000,00\u20ac<\/td>\t\t\t\t<\/tr>\n\t\t\t<\/tbody>\n\t\t<\/table>\n\t\t\n\t\t\t\t\t\t<\/div>\n\t\t\t\t<\/div>\n\t\t\t\t\t<\/div>\n\t\t\t\t<\/div>\n\t\t<div class=\"elementor-element elementor-element-be5bcbe e-grid e-con-boxed elementor-invisible e-con e-parent\" data-id=\"be5bcbe\" data-element_type=\"container\" data-settings=\"{&quot;animation&quot;:&quot;fadeIn&quot;}\">\n\t\t\t\t\t<div class=\"e-con-inner\">\n\t\t\t\t<div class=\"elementor-element elementor-element-42ae10c elementor-widget elementor-widget-text-editor\" data-id=\"42ae10c\" data-element_type=\"widget\" data-widget_type=\"text-editor.default\">\n\t\t\t\t<div class=\"elementor-widget-container\">\n\t\t\t\t\t\t\t\t\t<p><span style=\"text-align: var(--text-align); background-color: var(--theme-palette-color-8);\"><strong>TOTAL soutenus 2017<\/strong> :<\/span><\/p>\t\t\t\t\t\t\t\t<\/div>\n\t\t\t\t<\/div>\n\t\t\t\t<div class=\"elementor-element elementor-element-dfba1e4 elementor-widget elementor-widget-text-editor\" data-id=\"dfba1e4\" data-element_type=\"widget\" data-widget_type=\"text-editor.default\">\n\t\t\t\t<div class=\"elementor-widget-container\">\n\t\t\t\t\t\t\t\t\t<p><strong>70 500,00 \u20ac<\/strong><\/p>\t\t\t\t\t\t\t\t<\/div>\n\t\t\t\t<\/div>\n\t\t\t\t\t<\/div>\n\t\t\t\t<\/div>\n\t\t\t\t<\/div>\n\t\t","protected":false},"excerpt":{"rendered":"<p>Projets 2017 Pour en savoir plus sur les projets soutenus par DH en 2017, veuillez consultez notre\u00a0brochure 2017. ONGs Soutenues en 2017 : Pays B\u00e9n\u00e9ficiaires : Part DH : Action Solidarit\u00e9 Tiers Monde Togo 4 000,00 \u20ac Action pour un monde Uni Am\u00e9rique latine 2 000,00 \u20ac Aide \u00e0 l&rsquo;Enfance de l&rsquo;Inde Inde 2 000,00 [&hellip;]<\/p>\n","protected":false},"author":2,"featured_media":0,"parent":0,"menu_order":0,"comment_status":"closed","ping_status":"closed","template":"","meta":{"footnotes":""},"class_list":["post-430","page","type-page","status-publish","hentry"],"blocksy_meta":[],"_links":{"self":[{"href":"https:\/\/diddelenghelleft-test.augmented-store.com\/index.php\/wp-json\/wp\/v2\/pages\/430","targetHints":{"allow":["GET"]}}],"collection":[{"href":"https:\/\/diddelenghelleft-test.augmented-store.com\/index.php\/wp-json\/wp\/v2\/pages"}],"about":[{"href":"https:\/\/diddelenghelleft-test.augmented-store.com\/index.php\/wp-json\/wp\/v2\/types\/page"}],"author":[{"embeddable":true,"href":"https:\/\/diddelenghelleft-test.augmented-store.com\/index.php\/wp-json\/wp\/v2\/users\/2"}],"replies":[{"embeddable":true,"href":"https:\/\/diddelenghelleft-test.augmented-store.com\/index.php\/wp-json\/wp\/v2\/comments?post=430"}],"version-history":[{"count":91,"href":"https:\/\/diddelenghelleft-test.augmented-store.com\/index.php\/wp-json\/wp\/v2\/pages\/430\/revisions"}],"predecessor-version":[{"id":3655,"href":"https:\/\/diddelenghelleft-test.augmented-store.com\/index.php\/wp-json\/wp\/v2\/pages\/430\/revisions\/3655"}],"wp:attachment":[{"href":"https:\/\/diddelenghelleft-test.augmented-store.com\/index.php\/wp-json\/wp\/v2\/media?parent=430"}],"curies":[{"name":"wp","href":"https:\/\/api.w.org\/{rel}","templated":true}]}}