{"id":431,"date":"2024-06-17T14:32:57","date_gmt":"2024-06-17T12:32:57","guid":{"rendered":"https:\/\/diddelenghelleft-test.augmented-store.com\/?page_id=431"},"modified":"2024-11-29T12:02:35","modified_gmt":"2024-11-29T11:02:35","slug":"projets-2016","status":"publish","type":"page","link":"https:\/\/diddelenghelleft-test.augmented-store.com\/index.php\/projets-2016\/","title":{"rendered":"Projets 2016"},"content":{"rendered":"\t\t<div data-elementor-type=\"wp-page\" data-elementor-id=\"431\" class=\"elementor elementor-431\">\n\t\t\t\t<div class=\"elementor-element elementor-element-c4b7678 e-flex e-con-boxed elementor-invisible e-con e-parent\" data-id=\"c4b7678\" data-element_type=\"container\" data-settings=\"{&quot;animation&quot;:&quot;fadeIn&quot;}\">\n\t\t\t\t\t<div class=\"e-con-inner\">\n\t\t\t\t<div class=\"elementor-element elementor-element-2d2c247 elementor-widget elementor-widget-heading\" data-id=\"2d2c247\" data-element_type=\"widget\" data-widget_type=\"heading.default\">\n\t\t\t\t<div class=\"elementor-widget-container\">\n\t\t\t\t\t<h2 class=\"elementor-heading-title elementor-size-default\">Projets 2016<\/h2>\t\t\t\t<\/div>\n\t\t\t\t<\/div>\n\t\t\t\t\t<\/div>\n\t\t\t\t<\/div>\n\t\t<div class=\"elementor-element elementor-element-04edf1f e-flex e-con-boxed elementor-invisible e-con e-parent\" data-id=\"04edf1f\" data-element_type=\"container\" data-settings=\"{&quot;animation&quot;:&quot;fadeIn&quot;}\">\n\t\t\t\t\t<div class=\"e-con-inner\">\n\t\t\t\t<div class=\"elementor-element elementor-element-a6e5abc elementor-widget elementor-widget-text-editor\" data-id=\"a6e5abc\" data-element_type=\"widget\" data-widget_type=\"text-editor.default\">\n\t\t\t\t<div class=\"elementor-widget-container\">\n\t\t\t\t\t\t\t\t\t<p>Pour en savoir plus sur les projets soutenus par DH en 2016, veuillez consultez notre\u00a0<strong><a href=\"https:\/\/diddelenghelleft-test.augmented-store.com\/wp-content\/uploads\/2024\/11\/brochure-projets-DH-2016.pdf\"><span class=\" link\">brochure 2016<\/span><\/a>.<\/strong><\/p>\t\t\t\t\t\t\t\t<\/div>\n\t\t\t\t<\/div>\n\t\t\t\t\t<\/div>\n\t\t\t\t<\/div>\n\t\t<div class=\"elementor-element elementor-element-2f74632 e-flex e-con-boxed elementor-invisible e-con e-parent\" data-id=\"2f74632\" data-element_type=\"container\" data-settings=\"{&quot;animation&quot;:&quot;fadeIn&quot;}\">\n\t\t\t\t\t<div class=\"e-con-inner\">\n\t\t\t\t<div class=\"elementor-element elementor-element-baaac0b elementor-widget elementor-widget-Table\" data-id=\"baaac0b\" data-element_type=\"widget\" data-widget_type=\"Table.default\">\n\t\t\t\t<div class=\"elementor-widget-container\">\n\t\t\t\t\t\t\t<table class=\"tafe-table \">\n\t\t\t<thead  class=\"tafe-table-header\">\n\t\t\t\t<tr>\n\t\t\t\t\t<th class=\"elementor-inline-editing elementor-repeater-item-9a36cab\"   >ONGs Soutenues en 2016 :<\/th><th class=\"elementor-inline-editing elementor-repeater-item-8f255e5\"   >Pays B\u00e9n\u00e9ficiaires :<\/th><th class=\"elementor-inline-editing elementor-repeater-item-6e14383\"   >Part DH :<\/th>\t\t\t\t<\/tr>\n\t\t\t<\/thead>\n\t\t\t\t\t\t<tbody class=\"tafe-table-body\">\n\t\t\t\t<tr>\n\t\t\t\t\t<\/tr><tr><td data-label=\"ONGs Soutenues en 2016 :\"   class=\"elementor-repeater-item-64f250e td-content-type-default\" >Action Solidarit\u00e9 Tiers Monde<\/td><td data-label=\"Pays B\u00e9n\u00e9ficiaires :\"   class=\"elementor-repeater-item-8a4bb0c td-content-type-default\" >\u00c9quateur<\/td><td data-label=\"Part DH :\"   class=\"elementor-repeater-item-19144e4 td-content-type-default\" >3 000,00 \u20ac<\/td><\/tr><tr><td data-label=\"ONGs Soutenues en 2016 :\"   class=\"elementor-repeater-item-7516f74 td-content-type-default\" >Action pour un monde Uni<\/td><td data-label=\"Pays B\u00e9n\u00e9ficiaires :\"   class=\"elementor-repeater-item-a17e5a7 td-content-type-default\" >Am\u00e9rique latine<\/td><td data-label=\"Part DH :\"   class=\"elementor-repeater-item-5b07d51 td-content-type-default\" >4 000,00 \u20ac<\/td><\/tr><tr><td data-label=\"ONGs Soutenues en 2016 :\"   class=\"elementor-repeater-item-d4dbb56 td-content-type-default\" >Aide \u00e0 l'Enfance de l'Inde<\/td><td data-label=\"Pays B\u00e9n\u00e9ficiaires :\"   class=\"elementor-repeater-item-12aa498 td-content-type-default\" >Inde<\/td><td data-label=\"Part DH :\"   class=\"elementor-repeater-item-60934f4 td-content-type-default\" >3 000,00 \u20ac<\/td><\/tr><tr><td data-label=\"ONGs Soutenues en 2016 :\"   class=\"elementor-repeater-item-3286668 td-content-type-default\" >Christian Solidarity International<\/td><td data-label=\"Pays B\u00e9n\u00e9ficiaires :\"   class=\"elementor-repeater-item-e757f76 td-content-type-default\" >P\u00e9rou<\/td><td data-label=\"Part DH :\"   class=\"elementor-repeater-item-174da58 td-content-type-default\" >1 000,00 \u20ac<\/td><\/tr><tr><td data-label=\"ONGs Soutenues en 2016 :\"   class=\"elementor-repeater-item-77909f3 td-content-type-default\" >Caritas<\/td><td data-label=\"Pays B\u00e9n\u00e9ficiaires :\"   class=\"elementor-repeater-item-bef4e42 td-content-type-default\" >Bolivie<\/td><td data-label=\"Part DH :\"   class=\"elementor-repeater-item-76846a4 td-content-type-default\" >3 000,00 \u20ac<\/td><\/tr><tr><td data-label=\"ONGs Soutenues en 2016 :\"   class=\"elementor-repeater-item-c999920 td-content-type-default\" >ECPAT Luxembourg<\/td><td data-label=\"Pays B\u00e9n\u00e9ficiaires :\"   class=\"elementor-repeater-item-9ab98e4 td-content-type-default\" >Mali<\/td><td data-label=\"Part DH :\"   class=\"elementor-repeater-item-768edce td-content-type-default\" >3 500,00 \u20ac<\/td><\/tr><tr><td data-label=\"ONGs Soutenues en 2016 :\"   class=\"elementor-repeater-item-bb674e9 td-content-type-default\" >Enfants de l'Espoir<\/td><td data-label=\"Pays B\u00e9n\u00e9ficiaires :\"   class=\"elementor-repeater-item-36890e6 td-content-type-default\" >Colombie<\/td><td data-label=\"Part DH :\"   class=\"elementor-repeater-item-3047d0e td-content-type-default\" >3 000,00 \u20ac<\/td><\/tr><tr><td data-label=\"ONGs Soutenues en 2016 :\"   class=\"elementor-repeater-item-7b1744f td-content-type-default\" >Eng open Hand fir Malawi<\/td><td data-label=\"Pays B\u00e9n\u00e9ficiaires :\"   class=\"elementor-repeater-item-320a4af td-content-type-default\" >Malawi<\/td><td data-label=\"Part DH :\"   class=\"elementor-repeater-item-e1aaa35 td-content-type-default\" >3 500,00 \u20ac<\/td><\/tr><tr><td data-label=\"ONGs Soutenues en 2016 :\"   class=\"elementor-repeater-item-feeff45 td-content-type-default\" >Fondation Bridderlech Deelen<\/td><td data-label=\"Pays B\u00e9n\u00e9ficiaires :\"   class=\"elementor-repeater-item-28de7e6 td-content-type-default\" >Mali<\/td><td data-label=\"Part DH :\"   class=\"elementor-repeater-item-3adf35d td-content-type-default\" >3 000,00 \u20ac<\/td><\/tr><tr><td data-label=\"ONGs Soutenues en 2016 :\"   class=\"elementor-repeater-item-be8930a td-content-type-default\" >Fondation Dr Elvire Engel<\/td><td data-label=\"Pays B\u00e9n\u00e9ficiaires :\"   class=\"elementor-repeater-item-8fa6752 td-content-type-default\" >Burkina Faso<\/td><td data-label=\"Part DH :\"   class=\"elementor-repeater-item-efedd1b td-content-type-default\" >3 000,00 \u20ac<\/td><\/tr><tr><td data-label=\"ONGs Soutenues en 2016 :\"   class=\"elementor-repeater-item-4e57dc5 td-content-type-default\" >Frendeskrees Kamerun<\/td><td data-label=\"Pays B\u00e9n\u00e9ficiaires :\"   class=\"elementor-repeater-item-3907693 td-content-type-default\" >Cameroun<\/td><td data-label=\"Part DH :\"   class=\"elementor-repeater-item-896d2df td-content-type-default\" >2 500,00 \u20ac<\/td><\/tr><tr><td data-label=\"ONGs Soutenues en 2016 :\"   class=\"elementor-repeater-item-dca758d td-content-type-default\" >Objectif Tiers Monde<\/td><td data-label=\"Pays B\u00e9n\u00e9ficiaires :\"   class=\"elementor-repeater-item-4524ae2 td-content-type-default\" >Ha\u00efti<\/td><td data-label=\"Part DH :\"   class=\"elementor-repeater-item-9f67100 td-content-type-default\" >2 500,00 \u20ac<\/td><\/tr><tr><td data-label=\"ONGs Soutenues en 2016 :\"   class=\"elementor-repeater-item-f281e05 td-content-type-default\" >PADEM<\/td><td data-label=\"Pays B\u00e9n\u00e9ficiaires :\"   class=\"elementor-repeater-item-ffa4872 td-content-type-default\" >Sri Lanka<\/td><td data-label=\"Part DH :\"   class=\"elementor-repeater-item-fe31b5e td-content-type-default\" >3 500,00 \u20ac<\/td><\/tr><tr><td data-label=\"ONGs Soutenues en 2016 :\"   class=\"elementor-repeater-item-779d1ce td-content-type-default\" >Terre des Hommes<\/td><td data-label=\"Pays B\u00e9n\u00e9ficiaires :\"   class=\"elementor-repeater-item-e05fc4d td-content-type-default\" >Nicaragua<\/td><td data-label=\"Part DH :\"   class=\"elementor-repeater-item-185a551 td-content-type-default\" >3 500,00 \u20ac<\/td><\/tr><tr><td data-label=\"ONGs Soutenues en 2016 :\"   class=\"elementor-repeater-item-a6421c6 td-content-type-default\" >Unity Foundation<\/td><td data-label=\"Pays B\u00e9n\u00e9ficiaires :\"   class=\"elementor-repeater-item-563cf65 td-content-type-default\" >R\u00e9p. centrafricaine<\/td><td data-label=\"Part DH :\"   class=\"elementor-repeater-item-c0beb4a td-content-type-default\" >3 500,00 \u20ac<\/td><\/tr><tr><td data-label=\"ONGs Soutenues en 2016 :\" colSpan=\"2\"  class=\"elementor-repeater-item-bef33a8 td-content-type-default\" >Total projets soutenus pour 2016<\/td><td data-label=\"Part DH :\"   class=\"elementor-repeater-item-221f522 td-content-type-default\" >55.500,00 \u20ac<\/td>\t\t\t\t<\/tr>\n\t\t\t<\/tbody>\n\t\t<\/table>\n\t\t\n\t\t\t\t\t\t<\/div>\n\t\t\t\t<\/div>\n\t\t\t\t\t<\/div>\n\t\t\t\t<\/div>\n\t\t<div class=\"elementor-element elementor-element-4d9d98e e-flex e-con-boxed elementor-invisible e-con e-parent\" data-id=\"4d9d98e\" data-element_type=\"container\" data-settings=\"{&quot;background_background&quot;:&quot;classic&quot;,&quot;animation&quot;:&quot;fadeIn&quot;}\">\n\t\t\t\t\t<div class=\"e-con-inner\">\n\t\t\t\t<div class=\"elementor-element elementor-element-5116d50 elementor-widget elementor-widget-Table\" data-id=\"5116d50\" data-element_type=\"widget\" data-widget_type=\"Table.default\">\n\t\t\t\t<div class=\"elementor-widget-container\">\n\t\t\t\t\t\t\t<table class=\"tafe-table \">\n\t\t\t<thead  class=\"tafe-table-header\">\n\t\t\t\t<tr>\n\t\t\t\t\t<th class=\"elementor-inline-editing elementor-repeater-item-9a36cab\"   >Subsides 2016 :<\/th><th class=\"elementor-inline-editing elementor-repeater-item-8f255e5\"   >Pays B\u00e9n\u00e9ficiaires :<\/th><th class=\"elementor-inline-editing elementor-repeater-item-6e14383\"   >Part DH :<\/th>\t\t\t\t<\/tr>\n\t\t\t<\/thead>\n\t\t\t\t\t\t<tbody class=\"tafe-table-body\">\n\t\t\t\t<tr>\n\t\t\t\t\t<\/tr><tr><td data-label=\"Subsides 2016 :\"   class=\"elementor-repeater-item-0ca03ce td-content-type-default\" >Amiti\u00e9 Am Sand Amizero<\/td><td data-label=\"Pays B\u00e9n\u00e9ficiaires :\"   class=\"elementor-repeater-item-e57ca33 td-content-type-default\" >Rwanda<\/td><td data-label=\"Part DH :\"   class=\"elementor-repeater-item-19144e4 td-content-type-default\" >1 000,00 \u20ac<\/td><\/tr><tr><td data-label=\"Subsides 2016 :\"   class=\"elementor-repeater-item-64f250e td-content-type-default\" >ASEC<\/td><td data-label=\"Pays B\u00e9n\u00e9ficiaires :\"   class=\"elementor-repeater-item-4231596 td-content-type-default\" >Cameroun<\/td><td data-label=\"Part DH :\"   class=\"elementor-repeater-item-7505202 td-content-type-default\" >1 000,00 \u20ac<\/td><\/tr><tr><td data-label=\"Subsides 2016 :\"   class=\"elementor-repeater-item-23d1902 td-content-type-default\" >Dignitas<\/td><td data-label=\"Pays B\u00e9n\u00e9ficiaires :\"   class=\"elementor-repeater-item-8a4bb0c td-content-type-default\" >Burkina Faso<\/td><td data-label=\"Part DH :\"   class=\"elementor-repeater-item-d31fcc7 td-content-type-default\" >750,00 \u20ac<\/td><\/tr><tr><td data-label=\"Subsides 2016 :\"   class=\"elementor-repeater-item-510b50c td-content-type-default\" >Fondation Chr\u00ebschte mam Sahel<\/td><td data-label=\"Pays B\u00e9n\u00e9ficiaires :\"   class=\"elementor-repeater-item-108bd80 td-content-type-default\" >Burkina Faso<\/td><td data-label=\"Part DH :\"   class=\"elementor-repeater-item-43918ab td-content-type-default\" >1 000,00 \u20ac<\/td><\/tr><tr><td data-label=\"Subsides 2016 :\"   class=\"elementor-repeater-item-56f55cb td-content-type-default\" >Fr\u00e8res des Hommes<\/td><td data-label=\"Pays B\u00e9n\u00e9ficiaires :\"   class=\"elementor-repeater-item-459c4f6 td-content-type-default\" >Burkina Faso<\/td><td data-label=\"Part DH :\"   class=\"elementor-repeater-item-993af7b td-content-type-default\" >1 000,00 \u20ac<\/td><\/tr><tr><td data-label=\"Subsides 2016 :\"   class=\"elementor-repeater-item-6a9eb3c td-content-type-default\" >Le Soleil dans la Main<\/td><td data-label=\"Pays B\u00e9n\u00e9ficiaires :\"   class=\"elementor-repeater-item-4b281ed td-content-type-default\" >Burkina Faso<\/td><td data-label=\"Part DH :\"   class=\"elementor-repeater-item-b77d5d1 td-content-type-default\" >1 000,00 \u20ac<\/td><\/tr><tr><td data-label=\"Subsides 2016 :\"   class=\"elementor-repeater-item-9c2d3be td-content-type-default\" >Little Angels<\/td><td data-label=\"Pays B\u00e9n\u00e9ficiaires :\"   class=\"elementor-repeater-item-2714883 td-content-type-default\" >Kenya<\/td><td data-label=\"Part DH :\"   class=\"elementor-repeater-item-2b96060 td-content-type-default\" >750,00 \u20ac<\/td><\/tr><tr><td data-label=\"Subsides 2016 :\"   class=\"elementor-repeater-item-18f72c1 td-content-type-default\" >Mitica<\/td><td data-label=\"Pays B\u00e9n\u00e9ficiaires :\"   class=\"elementor-repeater-item-1d0210d td-content-type-default\" >S\u00e9n\u00e9gal<\/td><td data-label=\"Part DH :\"   class=\"elementor-repeater-item-23a50a7 td-content-type-default\" >1 000,00 \u20ac<\/td><\/tr><tr><td data-label=\"Subsides 2016 :\"   class=\"elementor-repeater-item-eaa1c5a td-content-type-default\" >Ninos de la Tierrs<\/td><td data-label=\"Pays B\u00e9n\u00e9ficiaires :\"   class=\"elementor-repeater-item-4d7801a td-content-type-default\" >Bolivie<\/td><td data-label=\"Part DH :\"   class=\"elementor-repeater-item-33df478 td-content-type-default\" >1 000,00 \u20ac<\/td><\/tr><tr><td data-label=\"Subsides 2016 :\"   class=\"elementor-repeater-item-c6836c1 td-content-type-default\" >Rokku Mi Rokka<\/td><td data-label=\"Pays B\u00e9n\u00e9ficiaires :\"   class=\"elementor-repeater-item-801166a td-content-type-default\" >S\u00e9n\u00e9gal<\/td><td data-label=\"Part DH :\"   class=\"elementor-repeater-item-859a7f7 td-content-type-default\" >1 000,00 \u20ac<\/td><\/tr><tr><td data-label=\"Subsides 2016 :\"   class=\"elementor-repeater-item-fa9d16d td-content-type-default\" >SOS Faim<\/td><td data-label=\"Pays B\u00e9n\u00e9ficiaires :\"   class=\"elementor-repeater-item-225e4bf td-content-type-default\" >B\u00e9nin<\/td><td data-label=\"Part DH :\"   class=\"elementor-repeater-item-1415333 td-content-type-default\" >1 000,00 \u20ac<\/td><\/tr><tr><td data-label=\"Subsides 2016 :\" colSpan=\"2\"  class=\"elementor-repeater-item-0ffdb83 td-content-type-default\" >Total subsides soutenus pour 2016<\/td><td data-label=\"Part DH :\"   class=\"elementor-repeater-item-221f522 td-content-type-default\" >10 500,00\u20ac<\/td>\t\t\t\t<\/tr>\n\t\t\t<\/tbody>\n\t\t<\/table>\n\t\t\n\t\t\t\t\t\t<\/div>\n\t\t\t\t<\/div>\n\t\t\t\t\t<\/div>\n\t\t\t\t<\/div>\n\t\t<div class=\"elementor-element elementor-element-8020ce5 e-grid e-con-boxed elementor-invisible e-con e-parent\" data-id=\"8020ce5\" data-element_type=\"container\" data-settings=\"{&quot;animation&quot;:&quot;fadeIn&quot;}\">\n\t\t\t\t\t<div class=\"e-con-inner\">\n\t\t\t\t<div class=\"elementor-element elementor-element-9806ce9 elementor-widget elementor-widget-text-editor\" data-id=\"9806ce9\" data-element_type=\"widget\" data-widget_type=\"text-editor.default\">\n\t\t\t\t<div class=\"elementor-widget-container\">\n\t\t\t\t\t\t\t\t\t<p><strong>TOTAL soutenus 2016<\/strong><span style=\"text-align: var(--text-align); background-color: var(--theme-palette-color-8);\">\u00a0:<\/span><\/p>\t\t\t\t\t\t\t\t<\/div>\n\t\t\t\t<\/div>\n\t\t\t\t<div class=\"elementor-element elementor-element-1aa54c0 elementor-widget elementor-widget-text-editor\" data-id=\"1aa54c0\" data-element_type=\"widget\" data-widget_type=\"text-editor.default\">\n\t\t\t\t<div class=\"elementor-widget-container\">\n\t\t\t\t\t\t\t\t\t<p><strong>56 000,00 \u20ac<\/strong><\/p>\t\t\t\t\t\t\t\t<\/div>\n\t\t\t\t<\/div>\n\t\t\t\t\t<\/div>\n\t\t\t\t<\/div>\n\t\t\t\t<\/div>\n\t\t","protected":false},"excerpt":{"rendered":"<p>Projets 2016 Pour en savoir plus sur les projets soutenus par DH en 2016, veuillez consultez notre\u00a0brochure 2016. ONGs Soutenues en 2016 : Pays B\u00e9n\u00e9ficiaires : Part DH : Action Solidarit\u00e9 Tiers Monde \u00c9quateur 3 000,00 \u20ac Action pour un monde Uni Am\u00e9rique latine 4 000,00 \u20ac Aide \u00e0 l&rsquo;Enfance de l&rsquo;Inde Inde 3 000,00 [&hellip;]<\/p>\n","protected":false},"author":2,"featured_media":0,"parent":0,"menu_order":0,"comment_status":"closed","ping_status":"closed","template":"","meta":{"footnotes":""},"class_list":["post-431","page","type-page","status-publish","hentry"],"blocksy_meta":[],"_links":{"self":[{"href":"https:\/\/diddelenghelleft-test.augmented-store.com\/index.php\/wp-json\/wp\/v2\/pages\/431","targetHints":{"allow":["GET"]}}],"collection":[{"href":"https:\/\/diddelenghelleft-test.augmented-store.com\/index.php\/wp-json\/wp\/v2\/pages"}],"about":[{"href":"https:\/\/diddelenghelleft-test.augmented-store.com\/index.php\/wp-json\/wp\/v2\/types\/page"}],"author":[{"embeddable":true,"href":"https:\/\/diddelenghelleft-test.augmented-store.com\/index.php\/wp-json\/wp\/v2\/users\/2"}],"replies":[{"embeddable":true,"href":"https:\/\/diddelenghelleft-test.augmented-store.com\/index.php\/wp-json\/wp\/v2\/comments?post=431"}],"version-history":[{"count":97,"href":"https:\/\/diddelenghelleft-test.augmented-store.com\/index.php\/wp-json\/wp\/v2\/pages\/431\/revisions"}],"predecessor-version":[{"id":3649,"href":"https:\/\/diddelenghelleft-test.augmented-store.com\/index.php\/wp-json\/wp\/v2\/pages\/431\/revisions\/3649"}],"wp:attachment":[{"href":"https:\/\/diddelenghelleft-test.augmented-store.com\/index.php\/wp-json\/wp\/v2\/media?parent=431"}],"curies":[{"name":"wp","href":"https:\/\/api.w.org\/{rel}","templated":true}]}}