{"id":432,"date":"2024-06-17T14:32:57","date_gmt":"2024-06-17T12:32:57","guid":{"rendered":"https:\/\/diddelenghelleft-test.augmented-store.com\/?page_id=432"},"modified":"2024-11-29T12:00:45","modified_gmt":"2024-11-29T11:00:45","slug":"projets-2015","status":"publish","type":"page","link":"https:\/\/diddelenghelleft-test.augmented-store.com\/index.php\/projets-2015\/","title":{"rendered":"Projets 2015"},"content":{"rendered":"\t\t<div data-elementor-type=\"wp-page\" data-elementor-id=\"432\" class=\"elementor elementor-432\">\n\t\t\t\t<div class=\"elementor-element elementor-element-4734000 e-flex e-con-boxed elementor-invisible e-con e-parent\" data-id=\"4734000\" data-element_type=\"container\" data-settings=\"{&quot;animation&quot;:&quot;fadeIn&quot;}\">\n\t\t\t\t\t<div class=\"e-con-inner\">\n\t\t\t\t<div class=\"elementor-element elementor-element-6b76cce elementor-widget elementor-widget-heading\" data-id=\"6b76cce\" data-element_type=\"widget\" data-widget_type=\"heading.default\">\n\t\t\t\t<div class=\"elementor-widget-container\">\n\t\t\t\t\t<h2 class=\"elementor-heading-title elementor-size-default\">Projets 2015<\/h2>\t\t\t\t<\/div>\n\t\t\t\t<\/div>\n\t\t\t\t\t<\/div>\n\t\t\t\t<\/div>\n\t\t<div class=\"elementor-element elementor-element-72a129b e-flex e-con-boxed elementor-invisible e-con e-parent\" data-id=\"72a129b\" data-element_type=\"container\" data-settings=\"{&quot;animation&quot;:&quot;fadeIn&quot;}\">\n\t\t\t\t\t<div class=\"e-con-inner\">\n\t\t\t\t<div class=\"elementor-element elementor-element-43e0c30 elementor-widget elementor-widget-text-editor\" data-id=\"43e0c30\" data-element_type=\"widget\" data-widget_type=\"text-editor.default\">\n\t\t\t\t<div class=\"elementor-widget-container\">\n\t\t\t\t\t\t\t\t\t<p>Pour en savoir plus sur les projets soutenus par DH en 2015, veuillez consultez notre\u00a0<strong><a href=\"https:\/\/diddelenghelleft-test.augmented-store.com\/wp-content\/uploads\/2024\/11\/brochure-projets-DH-2015_BD.pdf\">brochure 2015<\/a>.<\/strong><\/p>\t\t\t\t\t\t\t\t<\/div>\n\t\t\t\t<\/div>\n\t\t\t\t\t<\/div>\n\t\t\t\t<\/div>\n\t\t<div class=\"elementor-element elementor-element-05aed31 e-flex e-con-boxed elementor-invisible e-con e-parent\" data-id=\"05aed31\" data-element_type=\"container\" data-settings=\"{&quot;animation&quot;:&quot;fadeIn&quot;}\">\n\t\t\t\t\t<div class=\"e-con-inner\">\n\t\t\t\t<div class=\"elementor-element elementor-element-1c58b26 elementor-widget elementor-widget-Table\" data-id=\"1c58b26\" data-element_type=\"widget\" data-widget_type=\"Table.default\">\n\t\t\t\t<div class=\"elementor-widget-container\">\n\t\t\t\t\t\t\t<table class=\"tafe-table \">\n\t\t\t<thead  class=\"tafe-table-header\">\n\t\t\t\t<tr>\n\t\t\t\t\t<th class=\"elementor-inline-editing elementor-repeater-item-9a36cab\"   >ONGs soutenues en 2015<\/th><th class=\"elementor-inline-editing elementor-repeater-item-8f255e5\"   >Pays B\u00e9n\u00e9ficiaires :<\/th><th class=\"elementor-inline-editing elementor-repeater-item-6e14383\"   >Part DH :<\/th>\t\t\t\t<\/tr>\n\t\t\t<\/thead>\n\t\t\t\t\t\t<tbody class=\"tafe-table-body\">\n\t\t\t\t<tr>\n\t\t\t\t\t<\/tr><tr><td data-label=\"ONGs soutenues en 2015\"   class=\"elementor-repeater-item-64f250e td-content-type-default\" >ASTM<\/td><td data-label=\"Pays B\u00e9n\u00e9ficiaires :\"   class=\"elementor-repeater-item-8a4bb0c td-content-type-default\" >\u00c9quateur<\/td><td data-label=\"Part DH :\"   class=\"elementor-repeater-item-19144e4 td-content-type-default\" >3 500,00 \u20ac<\/td><\/tr><tr><td data-label=\"ONGs soutenues en 2015\"   class=\"elementor-repeater-item-7516f74 td-content-type-default\" >ECPAT Luxembourg<\/td><td data-label=\"Pays B\u00e9n\u00e9ficiaires :\"   class=\"elementor-repeater-item-a17e5a7 td-content-type-default\" >Mali<\/td><td data-label=\"Part DH :\"   class=\"elementor-repeater-item-5b07d51 td-content-type-default\" >5 000,00 \u20ac<\/td><\/tr><tr><td data-label=\"ONGs soutenues en 2015\"   class=\"elementor-repeater-item-d4dbb56 td-content-type-default\" >Enfants de l'Espoir<\/td><td data-label=\"Pays B\u00e9n\u00e9ficiaires :\"   class=\"elementor-repeater-item-12aa498 td-content-type-default\" >Colombie<\/td><td data-label=\"Part DH :\"   class=\"elementor-repeater-item-60934f4 td-content-type-default\" >3 000,00 \u20ac<\/td><\/tr><tr><td data-label=\"ONGs soutenues en 2015\"   class=\"elementor-repeater-item-3286668 td-content-type-default\" >Eng open Hand fir Malawi<\/td><td data-label=\"Pays B\u00e9n\u00e9ficiaires :\"   class=\"elementor-repeater-item-e757f76 td-content-type-default\" >Malawi<\/td><td data-label=\"Part DH :\"   class=\"elementor-repeater-item-174da58 td-content-type-default\" >\t\n4 000,00 \u20ac<\/td><\/tr><tr><td data-label=\"ONGs soutenues en 2015\"   class=\"elementor-repeater-item-77909f3 td-content-type-default\" >Fondation Bridderlech Deelen<\/td><td data-label=\"Pays B\u00e9n\u00e9ficiaires :\"   class=\"elementor-repeater-item-bef4e42 td-content-type-default\" >Mali<\/td><td data-label=\"Part DH :\"   class=\"elementor-repeater-item-76846a4 td-content-type-default\" >3 500,00 \u20ac<\/td><\/tr><tr><td data-label=\"ONGs soutenues en 2015\"   class=\"elementor-repeater-item-c999920 td-content-type-default\" >OTM asbl<\/td><td data-label=\"Pays B\u00e9n\u00e9ficiaires :\"   class=\"elementor-repeater-item-9ab98e4 td-content-type-default\" >Ha\u00efti<\/td><td data-label=\"Part DH :\"   class=\"elementor-repeater-item-768edce td-content-type-default\" >2 500,00 \u20ac<\/td><\/tr><tr><td data-label=\"ONGs soutenues en 2015\"   class=\"elementor-repeater-item-bb674e9 td-content-type-default\" >ONGD FNEL<\/td><td data-label=\"Pays B\u00e9n\u00e9ficiaires :\"   class=\"elementor-repeater-item-36890e6 td-content-type-default\" >N\u00e9pal<\/td><td data-label=\"Part DH :\"   class=\"elementor-repeater-item-3047d0e td-content-type-default\" >3 500,00 \u20ac<\/td><\/tr><tr><td data-label=\"ONGs soutenues en 2015\"   class=\"elementor-repeater-item-7b1744f td-content-type-default\" >Terre des Hommes Luxembourg<\/td><td data-label=\"Pays B\u00e9n\u00e9ficiaires :\"   class=\"elementor-repeater-item-320a4af td-content-type-default\" >Nicaragua<\/td><td data-label=\"Part DH :\"   class=\"elementor-repeater-item-e1aaa35 td-content-type-default\" >3 500,00 \u20ac<\/td><\/tr><tr><td data-label=\"ONGs soutenues en 2015\"   class=\"elementor-repeater-item-feeff45 td-content-type-default\" >PADEM<\/td><td data-label=\"Pays B\u00e9n\u00e9ficiaires :\"   class=\"elementor-repeater-item-28de7e6 td-content-type-default\" >S\u00e9n\u00e9gal<\/td><td data-label=\"Part DH :\"   class=\"elementor-repeater-item-3adf35d td-content-type-default\" >3 500,00 \u20ac<\/td><\/tr><tr><td data-label=\"ONGs soutenues en 2015\"   class=\"elementor-repeater-item-be8930a td-content-type-default\" >P.A.D.E.M.<\/td><td data-label=\"Pays B\u00e9n\u00e9ficiaires :\"   class=\"elementor-repeater-item-8fa6752 td-content-type-default\" >S\u00e9n\u00e9gal<\/td><td data-label=\"Part DH :\"   class=\"elementor-repeater-item-efedd1b td-content-type-default\" >3 500,00 \u20ac<\/td><\/tr><tr><td data-label=\"ONGs soutenues en 2015\"   class=\"elementor-repeater-item-4e57dc5 td-content-type-default\" >Unity Foundation<\/td><td data-label=\"Pays B\u00e9n\u00e9ficiaires :\"   class=\"elementor-repeater-item-3907693 td-content-type-default\" >R\u00e9p. centrafricaine<\/td><td data-label=\"Part DH :\"   class=\"elementor-repeater-item-896d2df td-content-type-default\" >4 000,00 \u20ac<\/td><\/tr><tr><td data-label=\"ONGs soutenues en 2015\" colSpan=\"2\"  class=\"elementor-repeater-item-bef33a8 td-content-type-default\" >Total projets soutenus pour 2015<\/td><td data-label=\"Part DH :\"   class=\"elementor-repeater-item-221f522 td-content-type-default\" >36 000,00\u20ac<\/td>\t\t\t\t<\/tr>\n\t\t\t<\/tbody>\n\t\t<\/table>\n\t\t\n\t\t\t\t\t\t<\/div>\n\t\t\t\t<\/div>\n\t\t\t\t\t<\/div>\n\t\t\t\t<\/div>\n\t\t<div class=\"elementor-element elementor-element-39109f2 e-flex e-con-boxed elementor-invisible e-con e-parent\" data-id=\"39109f2\" data-element_type=\"container\" data-settings=\"{&quot;background_background&quot;:&quot;classic&quot;,&quot;animation&quot;:&quot;fadeIn&quot;}\">\n\t\t\t\t\t<div class=\"e-con-inner\">\n\t\t\t\t<div class=\"elementor-element elementor-element-fdf0ee7 elementor-widget elementor-widget-Table\" data-id=\"fdf0ee7\" data-element_type=\"widget\" data-widget_type=\"Table.default\">\n\t\t\t\t<div class=\"elementor-widget-container\">\n\t\t\t\t\t\t\t<table class=\"tafe-table \">\n\t\t\t<thead  class=\"tafe-table-header\">\n\t\t\t\t<tr>\n\t\t\t\t\t<th class=\"elementor-inline-editing elementor-repeater-item-9a36cab\"   >Subsides 2015 :<\/th><th class=\"elementor-inline-editing elementor-repeater-item-8f255e5\"   >Pays B\u00e9n\u00e9ficiaires :<\/th><th class=\"elementor-inline-editing elementor-repeater-item-6e14383\"   >Part DH :<\/th>\t\t\t\t<\/tr>\n\t\t\t<\/thead>\n\t\t\t\t\t\t<tbody class=\"tafe-table-body\">\n\t\t\t\t<tr>\n\t\t\t\t\t<\/tr><tr><td data-label=\"Subsides 2015 :\"   class=\"elementor-repeater-item-0ca03ce td-content-type-default\" >Aide \u00e0 l'Enfance de l'Inde<\/td><td data-label=\"Pays B\u00e9n\u00e9ficiaires :\"   class=\"elementor-repeater-item-e57ca33 td-content-type-default\" >N\u00e9pal<\/td><td data-label=\"Part DH :\"   class=\"elementor-repeater-item-19144e4 td-content-type-default\" >1 500,00 \u20ac<\/td><\/tr><tr><td data-label=\"Subsides 2015 :\"   class=\"elementor-repeater-item-64f250e td-content-type-default\" >Les Amis du Tibet<\/td><td data-label=\"Pays B\u00e9n\u00e9ficiaires :\"   class=\"elementor-repeater-item-4231596 td-content-type-default\" >Inde<\/td><td data-label=\"Part DH :\"   class=\"elementor-repeater-item-7505202 td-content-type-default\" >1 500,00 \u20ac<\/td><\/tr><tr><td data-label=\"Subsides 2015 :\"   class=\"elementor-repeater-item-23d1902 td-content-type-default\" >ASEC<\/td><td data-label=\"Pays B\u00e9n\u00e9ficiaires :\"   class=\"elementor-repeater-item-8a4bb0c td-content-type-default\" >Cameroun<\/td><td data-label=\"Part DH :\"   class=\"elementor-repeater-item-d31fcc7 td-content-type-default\" >1 000,00 \u20ac<\/td><\/tr><tr><td data-label=\"Subsides 2015 :\"   class=\"elementor-repeater-item-510b50c td-content-type-default\" >Ath\u00e9n\u00e9e - Action humanitaire<\/td><td data-label=\"Pays B\u00e9n\u00e9ficiaires :\"   class=\"elementor-repeater-item-108bd80 td-content-type-default\" >Cap Vert<\/td><td data-label=\"Part DH :\"   class=\"elementor-repeater-item-43918ab td-content-type-default\" >1 500,00 \u20ac<\/td><\/tr><tr><td data-label=\"Subsides 2015 :\"   class=\"elementor-repeater-item-56f55cb td-content-type-default\" >Fondation CARITAS Luxembourg<\/td><td data-label=\"Pays B\u00e9n\u00e9ficiaires :\"   class=\"elementor-repeater-item-459c4f6 td-content-type-default\" >Soudan du Sud<\/td><td data-label=\"Part DH :\"   class=\"elementor-repeater-item-993af7b td-content-type-default\" >1 000,00 \u20ac<\/td><\/tr><tr><td data-label=\"Subsides 2015 :\"   class=\"elementor-repeater-item-6a9eb3c td-content-type-default\" >Fondation Chr\u00ebschte mam Sahel<\/td><td data-label=\"Pays B\u00e9n\u00e9ficiaires :\"   class=\"elementor-repeater-item-4b281ed td-content-type-default\" >Burkina Faso<\/td><td data-label=\"Part DH :\"   class=\"elementor-repeater-item-b77d5d1 td-content-type-default\" >1 000,00 \u20ac<\/td><\/tr><tr><td data-label=\"Subsides 2015 :\"   class=\"elementor-repeater-item-9c2d3be td-content-type-default\" >Comit\u00e9 pour une paix juste au Proche Orient<\/td><td data-label=\"Pays B\u00e9n\u00e9ficiaires :\"   class=\"elementor-repeater-item-2714883 td-content-type-default\" >Palestine<\/td><td data-label=\"Part DH :\"   class=\"elementor-repeater-item-2b96060 td-content-type-default\" >2 000,00 \u20ac<\/td><\/tr><tr><td data-label=\"Subsides 2015 :\"   class=\"elementor-repeater-item-e32d648 td-content-type-default\" >CSI<\/td><td data-label=\"Pays B\u00e9n\u00e9ficiaires :\"   class=\"elementor-repeater-item-daad92b td-content-type-default\" >P\u00e9rou<\/td><td data-label=\"Part DH :\"   class=\"elementor-repeater-item-7a24557 td-content-type-default\" >1 000,00 \u20ac<\/td><\/tr><tr><td data-label=\"Subsides 2015 :\"   class=\"elementor-repeater-item-e4a108c td-content-type-default\" >Fr\u00e8res des Hommes<\/td><td data-label=\"Pays B\u00e9n\u00e9ficiaires :\"   class=\"elementor-repeater-item-8e8f04c td-content-type-default\" >Burkina Faso<\/td><td data-label=\"Part DH :\"   class=\"elementor-repeater-item-0c6cee6 td-content-type-default\" >1 000,00 \u20ac<\/td><\/tr><tr><td data-label=\"Subsides 2015 :\"   class=\"elementor-repeater-item-3f5e5cc td-content-type-default\" >Fondation Dr. Elvire Engel<\/td><td data-label=\"Pays B\u00e9n\u00e9ficiaires :\"   class=\"elementor-repeater-item-0ed30ac td-content-type-default\" >Burkina Faso<\/td><td data-label=\"Part DH :\"   class=\"elementor-repeater-item-482a094 td-content-type-default\" >1 000,00 \u20ac<\/td><\/tr><tr><td data-label=\"Subsides 2015 :\"   class=\"elementor-repeater-item-3480ef4 td-content-type-default\" >H\u00ebllef fir Rosario<\/td><td data-label=\"Pays B\u00e9n\u00e9ficiaires :\"   class=\"elementor-repeater-item-759bb4c td-content-type-default\" >Argentina<\/td><td data-label=\"Part DH :\"   class=\"elementor-repeater-item-0655ae5 td-content-type-default\" >500,00 \u20ac<\/td><\/tr><tr><td data-label=\"Subsides 2015 :\"   class=\"elementor-repeater-item-21b28d0 td-content-type-default\" >Iwwerliewen fir bedreete Volleker<\/td><td data-label=\"Pays B\u00e9n\u00e9ficiaires :\"   class=\"elementor-repeater-item-90f0415 td-content-type-default\" >R\u00e9p. d\u00e9m. Congo<\/td><td data-label=\"Part DH :\"   class=\"elementor-repeater-item-05fbf8a td-content-type-default\" >300,00 \u20ac<\/td><\/tr><tr><td data-label=\"Subsides 2015 :\"   class=\"elementor-repeater-item-b344f41 td-content-type-default\" >Ni\u00f1os de la tierra<\/td><td data-label=\"Pays B\u00e9n\u00e9ficiaires :\"   class=\"elementor-repeater-item-a5aac17 td-content-type-default\" >Bolivie<\/td><td data-label=\"Part DH :\"   class=\"elementor-repeater-item-1a7828d td-content-type-default\" >1 500,00 \u20ac<\/td><\/tr><tr><td data-label=\"Subsides 2015 :\"   class=\"elementor-repeater-item-c4d3f1a td-content-type-default\" >The Pachiy Project<\/td><td data-label=\"Pays B\u00e9n\u00e9ficiaires :\"   class=\"elementor-repeater-item-85fa570 td-content-type-default\" >Tibet<\/td><td data-label=\"Part DH :\"   class=\"elementor-repeater-item-f10360e td-content-type-default\" >1 000,00 \u20ac<\/td><\/tr><tr><td data-label=\"Subsides 2015 :\"   class=\"elementor-repeater-item-f06f268 td-content-type-default\" >Solidarit\u00e9 Afrique<\/td><td data-label=\"Pays B\u00e9n\u00e9ficiaires :\"   class=\"elementor-repeater-item-446c1c6 td-content-type-default\" >Burkina Faso<\/td><td data-label=\"Part DH :\"   class=\"elementor-repeater-item-1804cad td-content-type-default\" >1 000,00 \u20ac<\/td><\/tr><tr><td data-label=\"Subsides 2015 :\"   class=\"elementor-repeater-item-ffcb781 td-content-type-default\" >SOS Faim<\/td><td data-label=\"Pays B\u00e9n\u00e9ficiaires :\"   class=\"elementor-repeater-item-858cf2f td-content-type-default\" >B\u00e9nin<\/td><td data-label=\"Part DH :\"   class=\"elementor-repeater-item-e5d350f td-content-type-default\" >1 000,00 \u20ac<\/td><\/tr><tr><td data-label=\"Subsides 2015 :\" colSpan=\"2\"  class=\"elementor-repeater-item-0ffdb83 td-content-type-default\" >Total subsides soutenus pour 2015<\/td><td data-label=\"Part DH :\"   class=\"elementor-repeater-item-221f522 td-content-type-default\" >17 800,00 \u20ac<\/td>\t\t\t\t<\/tr>\n\t\t\t<\/tbody>\n\t\t<\/table>\n\t\t\n\t\t\t\t\t\t<\/div>\n\t\t\t\t<\/div>\n\t\t\t\t\t<\/div>\n\t\t\t\t<\/div>\n\t\t<div class=\"elementor-element elementor-element-4a1a2eb e-grid e-con-boxed elementor-invisible e-con e-parent\" data-id=\"4a1a2eb\" data-element_type=\"container\" data-settings=\"{&quot;animation&quot;:&quot;fadeIn&quot;}\">\n\t\t\t\t\t<div class=\"e-con-inner\">\n\t\t\t\t<div class=\"elementor-element elementor-element-a319b44 elementor-widget elementor-widget-text-editor\" data-id=\"a319b44\" data-element_type=\"widget\" data-widget_type=\"text-editor.default\">\n\t\t\t\t<div class=\"elementor-widget-container\">\n\t\t\t\t\t\t\t\t\t<p><strong>TOTAL soutenus 2015 :<\/strong><\/p>\t\t\t\t\t\t\t\t<\/div>\n\t\t\t\t<\/div>\n\t\t\t\t<div class=\"elementor-element elementor-element-c37de25 elementor-widget elementor-widget-text-editor\" data-id=\"c37de25\" data-element_type=\"widget\" data-widget_type=\"text-editor.default\">\n\t\t\t\t<div class=\"elementor-widget-container\">\n\t\t\t\t\t\t\t\t\t<p><strong>53 800,00 \u20ac<\/strong><\/p>\t\t\t\t\t\t\t\t<\/div>\n\t\t\t\t<\/div>\n\t\t\t\t\t<\/div>\n\t\t\t\t<\/div>\n\t\t\t\t<\/div>\n\t\t","protected":false},"excerpt":{"rendered":"<p>Projets 2015 Pour en savoir plus sur les projets soutenus par DH en 2015, veuillez consultez notre\u00a0brochure 2015. ONGs soutenues en 2015 Pays B\u00e9n\u00e9ficiaires : Part DH : ASTM \u00c9quateur 3 500,00 \u20ac ECPAT Luxembourg Mali 5 000,00 \u20ac Enfants de l&rsquo;Espoir Colombie 3 000,00 \u20ac Eng open Hand fir Malawi Malawi 4 000,00 \u20ac [&hellip;]<\/p>\n","protected":false},"author":2,"featured_media":0,"parent":0,"menu_order":0,"comment_status":"closed","ping_status":"closed","template":"","meta":{"footnotes":""},"class_list":["post-432","page","type-page","status-publish","hentry"],"blocksy_meta":[],"_links":{"self":[{"href":"https:\/\/diddelenghelleft-test.augmented-store.com\/index.php\/wp-json\/wp\/v2\/pages\/432","targetHints":{"allow":["GET"]}}],"collection":[{"href":"https:\/\/diddelenghelleft-test.augmented-store.com\/index.php\/wp-json\/wp\/v2\/pages"}],"about":[{"href":"https:\/\/diddelenghelleft-test.augmented-store.com\/index.php\/wp-json\/wp\/v2\/types\/page"}],"author":[{"embeddable":true,"href":"https:\/\/diddelenghelleft-test.augmented-store.com\/index.php\/wp-json\/wp\/v2\/users\/2"}],"replies":[{"embeddable":true,"href":"https:\/\/diddelenghelleft-test.augmented-store.com\/index.php\/wp-json\/wp\/v2\/comments?post=432"}],"version-history":[{"count":94,"href":"https:\/\/diddelenghelleft-test.augmented-store.com\/index.php\/wp-json\/wp\/v2\/pages\/432\/revisions"}],"predecessor-version":[{"id":3646,"href":"https:\/\/diddelenghelleft-test.augmented-store.com\/index.php\/wp-json\/wp\/v2\/pages\/432\/revisions\/3646"}],"wp:attachment":[{"href":"https:\/\/diddelenghelleft-test.augmented-store.com\/index.php\/wp-json\/wp\/v2\/media?parent=432"}],"curies":[{"name":"wp","href":"https:\/\/api.w.org\/{rel}","templated":true}]}}