{"id":433,"date":"2024-06-17T14:32:57","date_gmt":"2024-06-17T12:32:57","guid":{"rendered":"https:\/\/diddelenghelleft-test.augmented-store.com\/?page_id=433"},"modified":"2024-11-29T11:35:32","modified_gmt":"2024-11-29T10:35:32","slug":"projets-2014","status":"publish","type":"page","link":"https:\/\/diddelenghelleft-test.augmented-store.com\/index.php\/projets-2014\/","title":{"rendered":"Projets 2014"},"content":{"rendered":"\t\t<div data-elementor-type=\"wp-page\" data-elementor-id=\"433\" class=\"elementor elementor-433\">\n\t\t\t\t<div class=\"elementor-element elementor-element-d3b22e5 e-flex e-con-boxed elementor-invisible e-con e-parent\" data-id=\"d3b22e5\" data-element_type=\"container\" data-settings=\"{&quot;animation&quot;:&quot;fadeIn&quot;}\">\n\t\t\t\t\t<div class=\"e-con-inner\">\n\t\t\t\t<div class=\"elementor-element elementor-element-7a2085e elementor-widget elementor-widget-heading\" data-id=\"7a2085e\" data-element_type=\"widget\" data-widget_type=\"heading.default\">\n\t\t\t\t<div class=\"elementor-widget-container\">\n\t\t\t\t\t<h2 class=\"elementor-heading-title elementor-size-default\">Projets 2014<\/h2>\t\t\t\t<\/div>\n\t\t\t\t<\/div>\n\t\t\t\t\t<\/div>\n\t\t\t\t<\/div>\n\t\t<div class=\"elementor-element elementor-element-180b080 e-flex e-con-boxed elementor-invisible e-con e-parent\" data-id=\"180b080\" data-element_type=\"container\" data-settings=\"{&quot;animation&quot;:&quot;fadeIn&quot;}\">\n\t\t\t\t\t<div class=\"e-con-inner\">\n\t\t\t\t<div class=\"elementor-element elementor-element-a6cc8f7 elementor-widget elementor-widget-text-editor\" data-id=\"a6cc8f7\" data-element_type=\"widget\" data-widget_type=\"text-editor.default\">\n\t\t\t\t<div class=\"elementor-widget-container\">\n\t\t\t\t\t\t\t\t\t<p style=\"text-align: left;\">Pour en savoir plus sur les projets soutenus par DH en 2014, veuillez consultez notre\u00a0<strong><a class=\" link\" href=\"https:\/\/diddelenghelleft-test.augmented-store.com\/wp-content\/uploads\/2024\/11\/brochure-projets-DH-2014.pdf\">brochure 2014<\/a>.<\/strong><\/p>\t\t\t\t\t\t\t\t<\/div>\n\t\t\t\t<\/div>\n\t\t\t\t\t<\/div>\n\t\t\t\t<\/div>\n\t\t<div class=\"elementor-element elementor-element-2f874a7 e-flex e-con-boxed elementor-invisible e-con e-parent\" data-id=\"2f874a7\" data-element_type=\"container\" data-settings=\"{&quot;animation&quot;:&quot;fadeIn&quot;}\">\n\t\t\t\t\t<div class=\"e-con-inner\">\n\t\t\t\t<div class=\"elementor-element elementor-element-3c0f3ef elementor-widget elementor-widget-Table\" data-id=\"3c0f3ef\" data-element_type=\"widget\" data-widget_type=\"Table.default\">\n\t\t\t\t<div class=\"elementor-widget-container\">\n\t\t\t\t\t\t\t<table class=\"tafe-table \">\n\t\t\t<thead  class=\"tafe-table-header\">\n\t\t\t\t<tr>\n\t\t\t\t\t<th class=\"elementor-inline-editing elementor-repeater-item-9a36cab\"   >ONGs soutenues en 2014<\/th><th class=\"elementor-inline-editing elementor-repeater-item-8f255e5\"   >Pays B\u00e9n\u00e9ficiaires :<\/th><th class=\"elementor-inline-editing elementor-repeater-item-6e14383\"   >Part DH :<\/th>\t\t\t\t<\/tr>\n\t\t\t<\/thead>\n\t\t\t\t\t\t<tbody class=\"tafe-table-body\">\n\t\t\t\t<tr>\n\t\t\t\t\t<\/tr><tr><td data-label=\"ONGs soutenues en 2014\"   class=\"elementor-repeater-item-64f250e td-content-type-default\" >ASTM<\/td><td data-label=\"Pays B\u00e9n\u00e9ficiaires :\"   class=\"elementor-repeater-item-8a4bb0c td-content-type-default\" >Philippines<\/td><td data-label=\"Part DH :\"   class=\"elementor-repeater-item-19144e4 td-content-type-default\" >2 500,00 \u20ac<\/td><\/tr><tr><td data-label=\"ONGs soutenues en 2014\"   class=\"elementor-repeater-item-d4dbb56 td-content-type-default\" >Aide \u00e0 l'Enfance de l'Inde<\/td><td data-label=\"Pays B\u00e9n\u00e9ficiaires :\"   class=\"elementor-repeater-item-12aa498 td-content-type-default\" >Inde<\/td><td data-label=\"Part DH :\"   class=\"elementor-repeater-item-60934f4 td-content-type-default\" >5 000,00 \u20ac<\/td><\/tr><tr><td data-label=\"ONGs soutenues en 2014\"   class=\"elementor-repeater-item-3286668 td-content-type-default\" >Amiti\u00e9 am Sand Amizero<\/td><td data-label=\"Pays B\u00e9n\u00e9ficiaires :\"   class=\"elementor-repeater-item-e757f76 td-content-type-default\" >Rwanda<\/td><td data-label=\"Part DH :\"   class=\"elementor-repeater-item-174da58 td-content-type-default\" >2 000,00 \u20ac<\/td><\/tr><tr><td data-label=\"ONGs soutenues en 2014\"   class=\"elementor-repeater-item-77909f3 td-content-type-default\" >AYUBOWAN<\/td><td data-label=\"Pays B\u00e9n\u00e9ficiaires :\"   class=\"elementor-repeater-item-bef4e42 td-content-type-default\" >Sri Lanka<\/td><td data-label=\"Part DH :\"   class=\"elementor-repeater-item-76846a4 td-content-type-default\" >3 500,00 \u20ac<\/td><\/tr><tr><td data-label=\"ONGs soutenues en 2014\"   class=\"elementor-repeater-item-c999920 td-content-type-default\" >Eng open Hand fir Malawi<\/td><td data-label=\"Pays B\u00e9n\u00e9ficiaires :\"   class=\"elementor-repeater-item-9ab98e4 td-content-type-default\" >Malawi<\/td><td data-label=\"Part DH :\"   class=\"elementor-repeater-item-768edce td-content-type-default\" >3 000,00 \u20ac<\/td><\/tr><tr><td data-label=\"ONGs soutenues en 2014\"   class=\"elementor-repeater-item-bb674e9 td-content-type-default\" >Fondation Bridderlech Deelen<\/td><td data-label=\"Pays B\u00e9n\u00e9ficiaires :\"   class=\"elementor-repeater-item-36890e6 td-content-type-default\" >Mali<\/td><td data-label=\"Part DH :\"   class=\"elementor-repeater-item-3047d0e td-content-type-default\" >3 000,00 \u20ac<\/td><\/tr><tr><td data-label=\"ONGs soutenues en 2014\"   class=\"elementor-repeater-item-7b1744f td-content-type-default\" >CARITAS Luxembourg<\/td><td data-label=\"Pays B\u00e9n\u00e9ficiaires :\"   class=\"elementor-repeater-item-320a4af td-content-type-default\" >\t\nR\u00e9p. d\u00e9m. Congo<\/td><td data-label=\"Part DH :\"   class=\"elementor-repeater-item-e1aaa35 td-content-type-default\" >2 500,00 \u20ac<\/td><\/tr><tr><td data-label=\"ONGs soutenues en 2014\"   class=\"elementor-repeater-item-feeff45 td-content-type-default\" >Fondation Dr. Elvire Engel<\/td><td data-label=\"Pays B\u00e9n\u00e9ficiaires :\"   class=\"elementor-repeater-item-28de7e6 td-content-type-default\" >Burkina Faso<\/td><td data-label=\"Part DH :\"   class=\"elementor-repeater-item-3adf35d td-content-type-default\" >3 000,00 \u20ac<\/td><\/tr><tr><td data-label=\"ONGs soutenues en 2014\"   class=\"elementor-repeater-item-be8930a td-content-type-default\" >Fondation Follereau Luxembourg<\/td><td data-label=\"Pays B\u00e9n\u00e9ficiaires :\"   class=\"elementor-repeater-item-8fa6752 td-content-type-default\" >Mali<\/td><td data-label=\"Part DH :\"   class=\"elementor-repeater-item-efedd1b td-content-type-default\" >3 000,00 \u20ac<\/td><\/tr><tr><td data-label=\"ONGs soutenues en 2014\"   class=\"elementor-repeater-item-4e57dc5 td-content-type-default\" >Kindernothilfe<\/td><td data-label=\"Pays B\u00e9n\u00e9ficiaires :\"   class=\"elementor-repeater-item-3907693 td-content-type-default\" >Malawi<\/td><td data-label=\"Part DH :\"   class=\"elementor-repeater-item-896d2df td-content-type-default\" >3 500,00 \u20ac<\/td><\/tr><tr><td data-label=\"ONGs soutenues en 2014\"   class=\"elementor-repeater-item-dca758d td-content-type-default\" >ONGD FNEL<\/td><td data-label=\"Pays B\u00e9n\u00e9ficiaires :\"   class=\"elementor-repeater-item-4524ae2 td-content-type-default\" >N\u00e9pal<\/td><td data-label=\"Part DH :\"   class=\"elementor-repeater-item-9f67100 td-content-type-default\" >2 500,00 \u20ac<\/td><\/tr><tr><td data-label=\"ONGs soutenues en 2014\"   class=\"elementor-repeater-item-f281e05 td-content-type-default\" >SOS Sahel International<\/td><td data-label=\"Pays B\u00e9n\u00e9ficiaires :\"   class=\"elementor-repeater-item-ffa4872 td-content-type-default\" >Burkina Faso<\/td><td data-label=\"Part DH :\"   class=\"elementor-repeater-item-fe31b5e td-content-type-default\" >2 500,00 \u20ac<\/td><\/tr><tr><td data-label=\"ONGs soutenues en 2014\"   class=\"elementor-repeater-item-779d1ce td-content-type-default\" >Terre des Hommes<\/td><td data-label=\"Pays B\u00e9n\u00e9ficiaires :\"   class=\"elementor-repeater-item-e05fc4d td-content-type-default\" >Nicaragua<\/td><td data-label=\"Part DH :\"   class=\"elementor-repeater-item-185a551 td-content-type-default\" >3 000,00 \u20ac<\/td><\/tr><tr><td data-label=\"ONGs soutenues en 2014\"   class=\"elementor-repeater-item-9d9de71 td-content-type-default\" >Unity Foundation<\/td><td data-label=\"Pays B\u00e9n\u00e9ficiaires :\"   class=\"elementor-repeater-item-412827c td-content-type-default\" >R\u00e9p. centrafricaine<\/td><td data-label=\"Part DH :\"   class=\"elementor-repeater-item-5987bb0 td-content-type-default\" >3 000,00 \u20ac<\/td><\/tr><tr><td data-label=\"ONGs soutenues en 2014\" colSpan=\"2\"  class=\"elementor-repeater-item-bef33a8 td-content-type-default\" >Total projets soutenus pour 2014<\/td><td data-label=\"Part DH :\"   class=\"elementor-repeater-item-221f522 td-content-type-default\" >39 500,00\u20ac<\/td>\t\t\t\t<\/tr>\n\t\t\t<\/tbody>\n\t\t<\/table>\n\t\t\n\t\t\t\t\t\t<\/div>\n\t\t\t\t<\/div>\n\t\t\t\t\t<\/div>\n\t\t\t\t<\/div>\n\t\t<div class=\"elementor-element elementor-element-ff7ac82 e-flex e-con-boxed elementor-invisible e-con e-parent\" data-id=\"ff7ac82\" data-element_type=\"container\" data-settings=\"{&quot;background_background&quot;:&quot;classic&quot;,&quot;animation&quot;:&quot;fadeIn&quot;}\">\n\t\t\t\t\t<div class=\"e-con-inner\">\n\t\t\t\t<div class=\"elementor-element elementor-element-1748c54 elementor-widget elementor-widget-Table\" data-id=\"1748c54\" data-element_type=\"widget\" data-widget_type=\"Table.default\">\n\t\t\t\t<div class=\"elementor-widget-container\">\n\t\t\t\t\t\t\t<table class=\"tafe-table \">\n\t\t\t<thead  class=\"tafe-table-header\">\n\t\t\t\t<tr>\n\t\t\t\t\t<th class=\"elementor-inline-editing elementor-repeater-item-9a36cab\"   >Subsides 2014 :<\/th><th class=\"elementor-inline-editing elementor-repeater-item-8f255e5\"   >Pays B\u00e9n\u00e9ficiaires :<\/th><th class=\"elementor-inline-editing elementor-repeater-item-6e14383\"   >Part DH :<\/th>\t\t\t\t<\/tr>\n\t\t\t<\/thead>\n\t\t\t\t\t\t<tbody class=\"tafe-table-body\">\n\t\t\t\t<tr>\n\t\t\t\t\t<\/tr><tr><td data-label=\"Subsides 2014 :\"   class=\"elementor-repeater-item-0ca03ce td-content-type-default\" >Action sans fronti\u00e8res - \u00e9coles europ\u00e9ennes<\/td><td data-label=\"Pays B\u00e9n\u00e9ficiaires :\"   class=\"elementor-repeater-item-e57ca33 td-content-type-default\" >Luxembourg<\/td><td data-label=\"Part DH :\"   class=\"elementor-repeater-item-19144e4 td-content-type-default\" >1 000,00 \u20ac<\/td><\/tr><tr><td data-label=\"Subsides 2014 :\"   class=\"elementor-repeater-item-64f250e td-content-type-default\" >ASEC<\/td><td data-label=\"Pays B\u00e9n\u00e9ficiaires :\"   class=\"elementor-repeater-item-4231596 td-content-type-default\" >\t\nCameroun<\/td><td data-label=\"Part DH :\"   class=\"elementor-repeater-item-7505202 td-content-type-default\" >1 500,00 \u20ac<\/td><\/tr><tr><td data-label=\"Subsides 2014 :\"   class=\"elementor-repeater-item-23d1902 td-content-type-default\" >Ass. pour la Promotion des Iles de Paix<\/td><td data-label=\"Pays B\u00e9n\u00e9ficiaires :\"   class=\"elementor-repeater-item-8a4bb0c td-content-type-default\" >P\u00e9rou<\/td><td data-label=\"Part DH :\"   class=\"elementor-repeater-item-d31fcc7 td-content-type-default\" >1 000,00 \u20ac<\/td><\/tr><tr><td data-label=\"Subsides 2014 :\"   class=\"elementor-repeater-item-510b50c td-content-type-default\" >Ass. Solidarit\u00e9 Luxembourg-Nicaragua<\/td><td data-label=\"Pays B\u00e9n\u00e9ficiaires :\"   class=\"elementor-repeater-item-108bd80 td-content-type-default\" >Nicaragua<\/td><td data-label=\"Part DH :\"   class=\"elementor-repeater-item-43918ab td-content-type-default\" >1 000,00 \u20ac<\/td><\/tr><tr><td data-label=\"Subsides 2014 :\"   class=\"elementor-repeater-item-56f55cb td-content-type-default\" >Ath\u00e9n\u00e9e Action Humanitaire<\/td><td data-label=\"Pays B\u00e9n\u00e9ficiaires :\"   class=\"elementor-repeater-item-459c4f6 td-content-type-default\" >Cap Vert<\/td><td data-label=\"Part DH :\"   class=\"elementor-repeater-item-993af7b td-content-type-default\" >1 000,00 \u20ac<\/td><\/tr><tr><td data-label=\"Subsides 2014 :\"   class=\"elementor-repeater-item-6a9eb3c td-content-type-default\" >CSI<\/td><td data-label=\"Pays B\u00e9n\u00e9ficiaires :\"   class=\"elementor-repeater-item-4b281ed td-content-type-default\" >P\u00e9rou<\/td><td data-label=\"Part DH :\"   class=\"elementor-repeater-item-b77d5d1 td-content-type-default\" >1 000,00 \u20ac<\/td><\/tr><tr><td data-label=\"Subsides 2014 :\"   class=\"elementor-repeater-item-9c2d3be td-content-type-default\" >Dignitas asbl<\/td><td data-label=\"Pays B\u00e9n\u00e9ficiaires :\"   class=\"elementor-repeater-item-2714883 td-content-type-default\" >Burkina Faso<\/td><td data-label=\"Part DH :\"   class=\"elementor-repeater-item-2b96060 td-content-type-default\" >1 000,00 \u20ac<\/td><\/tr><tr><td data-label=\"Subsides 2014 :\"   class=\"elementor-repeater-item-f6e0b43 td-content-type-default\" >Fondation Chr\u00ebschte mam Sahel<\/td><td data-label=\"Pays B\u00e9n\u00e9ficiaires :\"   class=\"elementor-repeater-item-bc8bd4b td-content-type-default\" >Burkina Faso<\/td><td data-label=\"Part DH :\"   class=\"elementor-repeater-item-567a803 td-content-type-default\" >1 000,00 \u20ac<\/td><\/tr><tr><td data-label=\"Subsides 2014 :\"   class=\"elementor-repeater-item-b0ea1ab td-content-type-default\" >Ilula Orphan Program<\/td><td data-label=\"Pays B\u00e9n\u00e9ficiaires :\"   class=\"elementor-repeater-item-cd816e5 td-content-type-default\" >Tanzanie<\/td><td data-label=\"Part DH :\"   class=\"elementor-repeater-item-42f1027 td-content-type-default\" >\t\n1 000,00 \u20ac<\/td><\/tr><tr><td data-label=\"Subsides 2014 :\"   class=\"elementor-repeater-item-8ae7071 td-content-type-default\" >Les Amis du Tibet<\/td><td data-label=\"Pays B\u00e9n\u00e9ficiaires :\"   class=\"elementor-repeater-item-8cadd08 td-content-type-default\" >Inde<\/td><td data-label=\"Part DH :\"   class=\"elementor-repeater-item-8d51a40 td-content-type-default\" >1 000,00 \u20ac<\/td><\/tr><tr><td data-label=\"Subsides 2014 :\"   class=\"elementor-repeater-item-72f4ddc td-content-type-default\" >Nouvelle PNP<\/td><td data-label=\"Pays B\u00e9n\u00e9ficiaires :\"   class=\"elementor-repeater-item-7601623 td-content-type-default\" >Argentine<\/td><td data-label=\"Part DH :\"   class=\"elementor-repeater-item-e0ac33c td-content-type-default\" >1 000,00 \u20ac<\/td><\/tr><tr><td data-label=\"Subsides 2014 :\"   class=\"elementor-repeater-item-08654a2 td-content-type-default\" >Objectif Tiers Monde<\/td><td data-label=\"Pays B\u00e9n\u00e9ficiaires :\"   class=\"elementor-repeater-item-819476d td-content-type-default\" >Haiti<\/td><td data-label=\"Part DH :\"   class=\"elementor-repeater-item-9fdba73 td-content-type-default\" >500,00 \u20ac<\/td><\/tr><tr><td data-label=\"Subsides 2014 :\"   class=\"elementor-repeater-item-f79dbb9 td-content-type-default\" >PADEM<\/td><td data-label=\"Pays B\u00e9n\u00e9ficiaires :\"   class=\"elementor-repeater-item-c915546 td-content-type-default\" >Inde<\/td><td data-label=\"Part DH :\"   class=\"elementor-repeater-item-f5a87cf td-content-type-default\" >1 000,00 \u20ac<\/td><\/tr><tr><td data-label=\"Subsides 2014 :\"   class=\"elementor-repeater-item-8f98376 td-content-type-default\" >SOS Faim<\/td><td data-label=\"Pays B\u00e9n\u00e9ficiaires :\"   class=\"elementor-repeater-item-88bfc9e td-content-type-default\" >B\u00e9nin<\/td><td data-label=\"Part DH :\"   class=\"elementor-repeater-item-38c2b67 td-content-type-default\" >1 500,00 \u20ac<\/td><\/tr><tr><td data-label=\"Subsides 2014 :\"   class=\"elementor-repeater-item-fb2ae1e td-content-type-default\" >The Pachiy Project<\/td><td data-label=\"Pays B\u00e9n\u00e9ficiaires :\"   class=\"elementor-repeater-item-f293706 td-content-type-default\" >Tibet<\/td><td data-label=\"Part DH :\"   class=\"elementor-repeater-item-ff9ea89 td-content-type-default\" >1 000,00 \u20ac<\/td><\/tr><tr><td data-label=\"Subsides 2014 :\" colSpan=\"2\"  class=\"elementor-repeater-item-0ffdb83 td-content-type-default\" >Total subsides soutenus pour 2014<\/td><td data-label=\"Part DH :\"   class=\"elementor-repeater-item-221f522 td-content-type-default\" >15 500,00 \u20ac<\/td>\t\t\t\t<\/tr>\n\t\t\t<\/tbody>\n\t\t<\/table>\n\t\t\n\t\t\t\t\t\t<\/div>\n\t\t\t\t<\/div>\n\t\t\t\t\t<\/div>\n\t\t\t\t<\/div>\n\t\t<div class=\"elementor-element elementor-element-43522d3 e-grid e-con-boxed elementor-invisible e-con e-parent\" data-id=\"43522d3\" data-element_type=\"container\" data-settings=\"{&quot;animation&quot;:&quot;fadeIn&quot;}\">\n\t\t\t\t\t<div class=\"e-con-inner\">\n\t\t\t\t<div class=\"elementor-element elementor-element-8aa80a5 elementor-widget elementor-widget-text-editor\" data-id=\"8aa80a5\" data-element_type=\"widget\" data-widget_type=\"text-editor.default\">\n\t\t\t\t<div class=\"elementor-widget-container\">\n\t\t\t\t\t\t\t\t\t<p><strong>TOTAL soutenus 2014 :<\/strong><\/p>\t\t\t\t\t\t\t\t<\/div>\n\t\t\t\t<\/div>\n\t\t\t\t<div class=\"elementor-element elementor-element-6dfa6b4 elementor-widget elementor-widget-text-editor\" data-id=\"6dfa6b4\" data-element_type=\"widget\" data-widget_type=\"text-editor.default\">\n\t\t\t\t<div class=\"elementor-widget-container\">\n\t\t\t\t\t\t\t\t\t<p><strong>55 000,00 \u20ac<\/strong><\/p>\t\t\t\t\t\t\t\t<\/div>\n\t\t\t\t<\/div>\n\t\t\t\t\t<\/div>\n\t\t\t\t<\/div>\n\t\t\t\t<\/div>\n\t\t","protected":false},"excerpt":{"rendered":"<p>Projets 2014 Pour en savoir plus sur les projets soutenus par DH en 2014, veuillez consultez notre\u00a0brochure 2014. ONGs soutenues en 2014 Pays B\u00e9n\u00e9ficiaires : Part DH : ASTM Philippines 2 500,00 \u20ac Aide \u00e0 l&rsquo;Enfance de l&rsquo;Inde Inde 5 000,00 \u20ac Amiti\u00e9 am Sand Amizero Rwanda 2 000,00 \u20ac AYUBOWAN Sri Lanka 3 500,00 [&hellip;]<\/p>\n","protected":false},"author":2,"featured_media":0,"parent":0,"menu_order":0,"comment_status":"closed","ping_status":"closed","template":"","meta":{"footnotes":""},"class_list":["post-433","page","type-page","status-publish","hentry"],"blocksy_meta":[],"_links":{"self":[{"href":"https:\/\/diddelenghelleft-test.augmented-store.com\/index.php\/wp-json\/wp\/v2\/pages\/433","targetHints":{"allow":["GET"]}}],"collection":[{"href":"https:\/\/diddelenghelleft-test.augmented-store.com\/index.php\/wp-json\/wp\/v2\/pages"}],"about":[{"href":"https:\/\/diddelenghelleft-test.augmented-store.com\/index.php\/wp-json\/wp\/v2\/types\/page"}],"author":[{"embeddable":true,"href":"https:\/\/diddelenghelleft-test.augmented-store.com\/index.php\/wp-json\/wp\/v2\/users\/2"}],"replies":[{"embeddable":true,"href":"https:\/\/diddelenghelleft-test.augmented-store.com\/index.php\/wp-json\/wp\/v2\/comments?post=433"}],"version-history":[{"count":88,"href":"https:\/\/diddelenghelleft-test.augmented-store.com\/index.php\/wp-json\/wp\/v2\/pages\/433\/revisions"}],"predecessor-version":[{"id":3639,"href":"https:\/\/diddelenghelleft-test.augmented-store.com\/index.php\/wp-json\/wp\/v2\/pages\/433\/revisions\/3639"}],"wp:attachment":[{"href":"https:\/\/diddelenghelleft-test.augmented-store.com\/index.php\/wp-json\/wp\/v2\/media?parent=433"}],"curies":[{"name":"wp","href":"https:\/\/api.w.org\/{rel}","templated":true}]}}