{"id":46,"date":"2024-06-13T12:37:44","date_gmt":"2024-06-13T10:37:44","guid":{"rendered":"https:\/\/diddelenghelleft-test.augmented-store.com\/?page_id=46"},"modified":"2024-11-28T10:40:11","modified_gmt":"2024-11-28T09:40:11","slug":"actualite","status":"publish","type":"page","link":"https:\/\/diddelenghelleft-test.augmented-store.com\/","title":{"rendered":"Actualit\u00e9"},"content":{"rendered":"\t\t<div data-elementor-type=\"wp-page\" data-elementor-id=\"46\" class=\"elementor elementor-46\">\n\t\t\t\t<div class=\"elementor-element elementor-element-f085589 e-flex e-con-boxed elementor-invisible e-con e-parent\" data-id=\"f085589\" data-element_type=\"container\" data-settings=\"{&quot;animation&quot;:&quot;fadeIn&quot;}\">\n\t\t\t\t\t<div class=\"e-con-inner\">\n\t\t\t\t<div class=\"elementor-element elementor-element-6b7f020 elementor-widget elementor-widget-heading\" data-id=\"6b7f020\" data-element_type=\"widget\" data-settings=\"{&quot;_animation&quot;:&quot;none&quot;}\" data-widget_type=\"heading.default\">\n\t\t\t\t<div class=\"elementor-widget-container\">\n\t\t\t\t\t<h2 class=\"elementor-heading-title elementor-size-default\">Actualit\u00e9s<\/h2>\t\t\t\t<\/div>\n\t\t\t\t<\/div>\n\t\t\t\t\t<\/div>\n\t\t\t\t<\/div>\n\t\t<div class=\"elementor-element elementor-element-eb7ccdd e-flex e-con-boxed elementor-invisible e-con e-parent\" data-id=\"eb7ccdd\" data-element_type=\"container\" data-settings=\"{&quot;background_background&quot;:&quot;classic&quot;,&quot;animation&quot;:&quot;fadeIn&quot;}\">\n\t\t\t\t\t<div class=\"e-con-inner\">\n\t\t<div class=\"elementor-element elementor-element-a8f7f9b e-con-full e-flex e-con e-child\" data-id=\"a8f7f9b\" data-element_type=\"container\">\n\t\t\t\t<div class=\"elementor-element elementor-element-2d1a5ad elementor-widget elementor-widget-heading\" data-id=\"2d1a5ad\" data-element_type=\"widget\" data-settings=\"{&quot;_animation&quot;:&quot;none&quot;,&quot;_animation_delay&quot;:2.5}\" data-widget_type=\"heading.default\">\n\t\t\t\t<div class=\"elementor-widget-container\">\n\t\t\t\t\t<h2 class=\"elementor-heading-title elementor-size-default\">Chr\u00ebschtmoart - March\u00e9 de No\u00ebl 2024<\/h2>\t\t\t\t<\/div>\n\t\t\t\t<\/div>\n\t\t\t\t<div class=\"elementor-element elementor-element-b1c6dc6 elementor-widget elementor-widget-heading\" data-id=\"b1c6dc6\" data-element_type=\"widget\" data-settings=\"{&quot;_animation&quot;:&quot;none&quot;,&quot;_animation_delay&quot;:3}\" data-widget_type=\"heading.default\">\n\t\t\t\t<div class=\"elementor-widget-container\">\n\t\t\t\t\t<h2 class=\"elementor-heading-title elementor-size-default\">T ass rem sou w\u00e4it !<\/h2>\t\t\t\t<\/div>\n\t\t\t\t<\/div>\n\t\t\t\t<div class=\"elementor-element elementor-element-441a6e8 elementor-widget elementor-widget-text-editor\" data-id=\"441a6e8\" data-element_type=\"widget\" data-settings=\"{&quot;_animation&quot;:&quot;none&quot;,&quot;_animation_delay&quot;:3.5}\" data-widget_type=\"text-editor.default\">\n\t\t\t\t<div class=\"elementor-widget-container\">\n\t\t\t\t\t\t\t\t\t<p>Vum 6. bis de 15. Dezember si mer um\u00a0<strong><a class=\" link\" href=\"https:\/\/www.facebook.com\/events\/392112014456137\">Chr\u00ebschtmoart<\/a><\/strong>\u00a0zu Diddeleng! Kommt laanscht e waarme Chili con carne iessen oder e Gl\u00fch-Gin dr\u00e9nke fir iech opzewiermen!<\/p><p>Tip: Dir k\u00ebnnt och een D\u00ebppche matbr\u00e9ngen fir den Chili Doheem ze gen\u00e9issen !<\/p>\t\t\t\t\t\t\t\t<\/div>\n\t\t\t\t<\/div>\n\t\t\t\t<div class=\"elementor-element elementor-element-581595a elementor-widget-divider--view-line elementor-widget elementor-widget-divider\" data-id=\"581595a\" data-element_type=\"widget\" data-settings=\"{&quot;_animation&quot;:&quot;none&quot;,&quot;_animation_delay&quot;:4}\" data-widget_type=\"divider.default\">\n\t\t\t\t<div class=\"elementor-widget-container\">\n\t\t\t\t\t\t\t<div class=\"elementor-divider\">\n\t\t\t<span class=\"elementor-divider-separator\">\n\t\t\t\t\t\t<\/span>\n\t\t<\/div>\n\t\t\t\t\t\t<\/div>\n\t\t\t\t<\/div>\n\t\t\t\t<div class=\"elementor-element elementor-element-b91d510 elementor-widget elementor-widget-text-editor\" data-id=\"b91d510\" data-element_type=\"widget\" data-settings=\"{&quot;_animation&quot;:&quot;none&quot;,&quot;_animation_delay&quot;:4.5}\" data-widget_type=\"text-editor.default\">\n\t\t\t\t<div class=\"elementor-widget-container\">\n\t\t\t\t\t\t\t\t\t<p>Du 6 au 15 d\u00e9cembre nous sommes au March\u00e9 de No\u00ebl de Dudelange en face du sapin ! Venez manger une portion de chili con carne ou rechauffer vous avec un Gl\u00fchgin &#8211; \u00e0 bient\u00f4t !<\/p><p>Petite astuce: vous pouvez amener une bo\u00eete \u00e0 emporter pour amener le chili chez vous !<\/p>\t\t\t\t\t\t\t\t<\/div>\n\t\t\t\t<\/div>\n\t\t\t\t<\/div>\n\t\t<div class=\"elementor-element elementor-element-4de6523 e-con-full e-flex e-con e-child\" data-id=\"4de6523\" data-element_type=\"container\">\n\t\t\t\t<div class=\"elementor-element elementor-element-525e973 elementor-widget elementor-widget-image\" data-id=\"525e973\" data-element_type=\"widget\" data-settings=\"{&quot;_animation&quot;:&quot;none&quot;,&quot;_animation_delay&quot;:2.5}\" data-widget_type=\"image.default\">\n\t\t\t\t<div class=\"elementor-widget-container\">\n\t\t\t\t\t\t\t\t\t\t\t\t\t\t\t<img decoding=\"async\" src=\"https:\/\/diddelenghelleft-test.augmented-store.com\/wp-content\/uploads\/elementor\/thumbs\/christmas-market-550323_1280-qpltntckomkh6h5rnnunfie6b9ktbie2damgo51jr4.jpg\" title=\"christmas-market-550323_1280\" alt=\"christmas-market-550323_1280\" loading=\"lazy\" \/>\t\t\t\t\t\t\t\t\t\t\t\t\t\t\t<\/div>\n\t\t\t\t<\/div>\n\t\t\t\t<\/div>\n\t\t\t\t\t<\/div>\n\t\t\t\t<\/div>\n\t\t<div class=\"elementor-element elementor-element-fb72e33 e-flex e-con-boxed elementor-invisible e-con e-parent\" data-id=\"fb72e33\" data-element_type=\"container\" data-settings=\"{&quot;animation&quot;:&quot;fadeIn&quot;}\">\n\t\t\t\t\t<div class=\"e-con-inner\">\n\t\t<div class=\"elementor-element elementor-element-195beb7 e-con-full e-flex e-con e-child\" data-id=\"195beb7\" data-element_type=\"container\">\n\t\t\t\t<div class=\"elementor-element elementor-element-4a9da6f elementor-widget elementor-widget-image\" data-id=\"4a9da6f\" data-element_type=\"widget\" data-settings=\"{&quot;_animation&quot;:&quot;none&quot;,&quot;_animation_delay&quot;:5}\" data-widget_type=\"image.default\">\n\t\t\t\t<div class=\"elementor-widget-container\">\n\t\t\t\t\t\t\t\t\t\t\t\t\t\t\t<img fetchpriority=\"high\" decoding=\"async\" width=\"724\" height=\"1024\" src=\"https:\/\/diddelenghelleft-test.augmented-store.com\/wp-content\/uploads\/2024\/06\/QR_Code_Pay_Mobile_Pauconiq-724x1024.png\" class=\"attachment-large size-large wp-image-287\" alt=\"\" srcset=\"https:\/\/diddelenghelleft-test.augmented-store.com\/wp-content\/uploads\/2024\/06\/QR_Code_Pay_Mobile_Pauconiq-724x1024.png 724w, https:\/\/diddelenghelleft-test.augmented-store.com\/wp-content\/uploads\/2024\/06\/QR_Code_Pay_Mobile_Pauconiq-212x300.png 212w, https:\/\/diddelenghelleft-test.augmented-store.com\/wp-content\/uploads\/2024\/06\/QR_Code_Pay_Mobile_Pauconiq-768x1086.png 768w, https:\/\/diddelenghelleft-test.augmented-store.com\/wp-content\/uploads\/2024\/06\/QR_Code_Pay_Mobile_Pauconiq-1086x1536.png 1086w, https:\/\/diddelenghelleft-test.augmented-store.com\/wp-content\/uploads\/2024\/06\/QR_Code_Pay_Mobile_Pauconiq.png 1414w\" sizes=\"(max-width: 724px) 100vw, 724px\" \/>\t\t\t\t\t\t\t\t\t\t\t\t\t\t\t<\/div>\n\t\t\t\t<\/div>\n\t\t\t\t<\/div>\n\t\t<div class=\"elementor-element elementor-element-cee9145 e-con-full e-flex e-con e-child\" data-id=\"cee9145\" data-element_type=\"container\">\n\t\t<div class=\"elementor-element elementor-element-0b9b37b e-flex e-con-boxed elementor-invisible e-con e-child\" data-id=\"0b9b37b\" data-element_type=\"container\" data-settings=\"{&quot;animation&quot;:&quot;fadeIn&quot;}\">\n\t\t\t\t\t<div class=\"e-con-inner\">\n\t\t\t\t<div class=\"elementor-element elementor-element-e7dbb6e elementor-widget elementor-widget-heading\" data-id=\"e7dbb6e\" data-element_type=\"widget\" data-settings=\"{&quot;_animation&quot;:&quot;none&quot;,&quot;_animation_delay&quot;:5}\" data-widget_type=\"heading.default\">\n\t\t\t\t<div class=\"elementor-widget-container\">\n\t\t\t\t\t<h2 class=\"elementor-heading-title elementor-size-default\">Memberskaart 2024<\/h2>\t\t\t\t<\/div>\n\t\t\t\t<\/div>\n\t\t\t\t<div class=\"elementor-element elementor-element-321e50f elementor-widget elementor-widget-text-editor\" data-id=\"321e50f\" data-element_type=\"widget\" data-settings=\"{&quot;_animation&quot;:&quot;none&quot;,&quot;_animation_delay&quot;:5.5}\" data-widget_type=\"text-editor.default\">\n\t\t\t\t<div class=\"elementor-widget-container\">\n\t\t\t\t\t\t\t\t\t<p>Et ass nach m\u00e9i einfach ginn Diddeleng H\u00eblleft a seng Projeten z&rsquo;\u00ebnnerstetzen &#8211; Dir k\u00ebnnt \u00c4r Memberskaart oder Don mat Payconiq bezuelen! D&rsquo;Cotisatioun l\u00e4it bei 12\u20ac, all zous\u00e4tzlech Spend ass w\u00ebllkomm. Mir soen Iech Merci!<\/p>\t\t\t\t\t\t\t\t<\/div>\n\t\t\t\t<\/div>\n\t\t\t\t\t<\/div>\n\t\t\t\t<\/div>\n\t\t<div class=\"elementor-element elementor-element-6b46ff5 e-flex e-con-boxed e-con e-child\" data-id=\"6b46ff5\" data-element_type=\"container\">\n\t\t\t\t\t<div class=\"e-con-inner\">\n\t\t\t\t<div class=\"elementor-element elementor-element-726cd4f elementor-widget-divider--view-line elementor-widget elementor-widget-divider\" data-id=\"726cd4f\" data-element_type=\"widget\" data-settings=\"{&quot;_animation&quot;:&quot;none&quot;,&quot;_animation_delay&quot;:6}\" data-widget_type=\"divider.default\">\n\t\t\t\t<div class=\"elementor-widget-container\">\n\t\t\t\t\t\t\t<div class=\"elementor-divider\">\n\t\t\t<span class=\"elementor-divider-separator\">\n\t\t\t\t\t\t<\/span>\n\t\t<\/div>\n\t\t\t\t\t\t<\/div>\n\t\t\t\t<\/div>\n\t\t\t\t<div class=\"elementor-element elementor-element-21a3742 elementor-widget elementor-widget-heading\" data-id=\"21a3742\" data-element_type=\"widget\" data-settings=\"{&quot;_animation&quot;:&quot;none&quot;,&quot;_animation_delay&quot;:6.5}\" data-widget_type=\"heading.default\">\n\t\t\t\t<div class=\"elementor-widget-container\">\n\t\t\t\t\t<h2 class=\"elementor-heading-title elementor-size-default\">Carte de membre 2025<\/h2>\t\t\t\t<\/div>\n\t\t\t\t<\/div>\n\t\t\t\t<div class=\"elementor-element elementor-element-f4b7618 elementor-widget__width-initial elementor-widget elementor-widget-text-editor\" data-id=\"f4b7618\" data-element_type=\"widget\" data-settings=\"{&quot;_animation&quot;:&quot;none&quot;,&quot;_animation_delay&quot;:7}\" data-widget_type=\"text-editor.default\">\n\t\t\t\t<div class=\"elementor-widget-container\">\n\t\t\t\t\t\t\t\t\t<p>Soutenir Diddeleng H\u00eblleft et ses projets est devenu encore plus facile &#8211; vous pouvez recevoir (ou renouveler) votre carte de membre en payant par Payconiq ! La cotisation est de 12\u20ac. Nous vous remercions !<\/p>\t\t\t\t\t\t\t\t<\/div>\n\t\t\t\t<\/div>\n\t\t\t\t\t<\/div>\n\t\t\t\t<\/div>\n\t\t\t\t<\/div>\n\t\t\t\t\t<\/div>\n\t\t\t\t<\/div>\n\t\t<div class=\"elementor-element elementor-element-154b266 e-flex e-con-boxed elementor-invisible e-con e-parent\" data-id=\"154b266\" data-element_type=\"container\" data-settings=\"{&quot;background_background&quot;:&quot;classic&quot;,&quot;animation&quot;:&quot;fadeIn&quot;}\">\n\t\t\t\t\t<div class=\"e-con-inner\">\n\t\t<div class=\"elementor-element elementor-element-c74198c e-con-full e-flex e-con e-child\" data-id=\"c74198c\" data-element_type=\"container\">\n\t\t\t\t<div class=\"elementor-element elementor-element-d72f3a0 elementor-widget elementor-widget-heading\" data-id=\"d72f3a0\" data-element_type=\"widget\" data-settings=\"{&quot;_animation&quot;:&quot;none&quot;,&quot;_animation_delay&quot;:7.5}\" data-widget_type=\"heading.default\">\n\t\t\t\t<div class=\"elementor-widget-container\">\n\t\t\t\t\t<h2 class=\"elementor-heading-title elementor-size-default\">Kalenner 2025<\/h2>\t\t\t\t<\/div>\n\t\t\t\t<\/div>\n\t\t\t\t<div class=\"elementor-element elementor-element-322c6d7 elementor-widget elementor-widget-text-editor\" data-id=\"322c6d7\" data-element_type=\"widget\" data-settings=\"{&quot;_animation&quot;:&quot;none&quot;,&quot;_animation_delay&quot;:8}\" data-widget_type=\"text-editor.default\">\n\t\t\t\t<div class=\"elementor-widget-container\">\n\t\t\t\t\t\t\t\t\t<p>Vergiesst net de n\u00e9ie Diddeleng H\u00eblleft Kalenner vun 2025 ! Fir en ze bestellen k\u00ebnnt Der eng Mail un dclaude@pt.lu maachen oder och per Telefon um 621 14 75 69. Dir kritt en och op eisem Stand um Diddel\u00e9nger Chr\u00ebschtmoart.<\/p><p><strong>20 \u20ac<\/strong><\/p>\t\t\t\t\t\t\t\t<\/div>\n\t\t\t\t<\/div>\n\t\t\t\t<div class=\"elementor-element elementor-element-e19f311 elementor-widget-divider--view-line elementor-widget elementor-widget-divider\" data-id=\"e19f311\" data-element_type=\"widget\" data-settings=\"{&quot;_animation&quot;:&quot;none&quot;,&quot;_animation_delay&quot;:8.5}\" data-widget_type=\"divider.default\">\n\t\t\t\t<div class=\"elementor-widget-container\">\n\t\t\t\t\t\t\t<div class=\"elementor-divider\">\n\t\t\t<span class=\"elementor-divider-separator\">\n\t\t\t\t\t\t<\/span>\n\t\t<\/div>\n\t\t\t\t\t\t<\/div>\n\t\t\t\t<\/div>\n\t\t\t\t<div class=\"elementor-element elementor-element-55fd890 elementor-widget elementor-widget-text-editor\" data-id=\"55fd890\" data-element_type=\"widget\" data-settings=\"{&quot;_animation&quot;:&quot;none&quot;,&quot;_animation_delay&quot;:9}\" data-widget_type=\"text-editor.default\">\n\t\t\t\t<div class=\"elementor-widget-container\">\n\t\t\t\t\t\t\t\t\t<p>N\u2019oubliez pas notre calendrier 2025! Pour passer votre commande, vous pouvez faire un mail \u00e0 dclaude@pt.lu ou appeler au 621 14 75 69. Il est aussi disponible sur notre stand au march\u00e9 de No\u00ebl \u00e0 Dudelange.<\/p><p><strong>20 \u20ac<\/strong><\/p>\t\t\t\t\t\t\t\t<\/div>\n\t\t\t\t<\/div>\n\t\t\t\t<\/div>\n\t\t<div class=\"elementor-element elementor-element-7666118 e-con-full e-flex e-con e-child\" data-id=\"7666118\" data-element_type=\"container\">\n\t\t\t\t<div class=\"elementor-element elementor-element-12a4126 elementor-widget elementor-widget-image\" data-id=\"12a4126\" data-element_type=\"widget\" data-settings=\"{&quot;_animation&quot;:&quot;none&quot;,&quot;_animation_delay&quot;:7.5}\" data-widget_type=\"image.default\">\n\t\t\t\t<div class=\"elementor-widget-container\">\n\t\t\t\t\t\t\t\t\t\t\t\t\t\t\t<img decoding=\"async\" src=\"https:\/\/diddelenghelleft-test.augmented-store.com\/wp-content\/uploads\/elementor\/thumbs\/COVERCalendrier-qxpt3wxzr67et2gzrvhh01a6hmi58772vaj443nf40.jpg\" title=\"COVERCalendrier\" alt=\"COVERCalendrier\" loading=\"lazy\" \/>\t\t\t\t\t\t\t\t\t\t\t\t\t\t\t<\/div>\n\t\t\t\t<\/div>\n\t\t\t\t<\/div>\n\t\t\t\t\t<\/div>\n\t\t\t\t<\/div>\n\t\t<div class=\"elementor-element elementor-element-e8a945b e-flex e-con-boxed elementor-invisible e-con e-parent\" data-id=\"e8a945b\" data-element_type=\"container\" data-settings=\"{&quot;animation&quot;:&quot;fadeIn&quot;}\">\n\t\t\t\t\t<div class=\"e-con-inner\">\n\t\t<div class=\"elementor-element elementor-element-c801148 e-con-full e-flex e-con e-child\" data-id=\"c801148\" data-element_type=\"container\">\n\t\t\t\t<div class=\"elementor-element elementor-element-8697bb4 elementor-widget__width-initial elementor-widget-tablet__width-initial elementor-widget elementor-widget-image\" data-id=\"8697bb4\" data-element_type=\"widget\" data-settings=\"{&quot;_animation&quot;:&quot;none&quot;,&quot;_animation_delay&quot;:9.5}\" data-widget_type=\"image.default\">\n\t\t\t\t<div class=\"elementor-widget-container\">\n\t\t\t\t\t\t\t\t\t\t\t\t\t\t\t<img decoding=\"async\" width=\"727\" height=\"1024\" src=\"https:\/\/diddelenghelleft-test.augmented-store.com\/wp-content\/uploads\/2024\/11\/AFFICHEresto-727x1024.jpg\" class=\"attachment-large size-large wp-image-3534\" alt=\"\" srcset=\"https:\/\/diddelenghelleft-test.augmented-store.com\/wp-content\/uploads\/2024\/11\/AFFICHEresto-727x1024.jpg 727w, https:\/\/diddelenghelleft-test.augmented-store.com\/wp-content\/uploads\/2024\/11\/AFFICHEresto-213x300.jpg 213w, https:\/\/diddelenghelleft-test.augmented-store.com\/wp-content\/uploads\/2024\/11\/AFFICHEresto-768x1082.jpg 768w, https:\/\/diddelenghelleft-test.augmented-store.com\/wp-content\/uploads\/2024\/11\/AFFICHEresto-1090x1536.jpg 1090w, https:\/\/diddelenghelleft-test.augmented-store.com\/wp-content\/uploads\/2024\/11\/AFFICHEresto-1453x2048.jpg 1453w, https:\/\/diddelenghelleft-test.augmented-store.com\/wp-content\/uploads\/2024\/11\/AFFICHEresto-scaled.jpg 1816w\" sizes=\"(max-width: 727px) 100vw, 727px\" \/>\t\t\t\t\t\t\t\t\t\t\t\t\t\t\t<\/div>\n\t\t\t\t<\/div>\n\t\t\t\t<\/div>\n\t\t<div class=\"elementor-element elementor-element-b73777f e-con-full e-flex e-con e-child\" data-id=\"b73777f\" data-element_type=\"container\">\n\t\t<div class=\"elementor-element elementor-element-9d332f5 e-flex e-con-boxed e-con e-child\" data-id=\"9d332f5\" data-element_type=\"container\">\n\t\t\t\t\t<div class=\"e-con-inner\">\n\t\t\t\t<div class=\"elementor-element elementor-element-d91a0fe elementor-widget elementor-widget-heading\" data-id=\"d91a0fe\" data-element_type=\"widget\" data-settings=\"{&quot;_animation&quot;:&quot;none&quot;,&quot;_animation_delay&quot;:9.5}\" data-widget_type=\"heading.default\">\n\t\t\t\t<div class=\"elementor-widget-container\">\n\t\t\t\t\t<h2 class=\"elementor-heading-title elementor-size-default\">Action \"Resto solidaire\"<\/h2>\t\t\t\t<\/div>\n\t\t\t\t<\/div>\n\t\t\t\t<div class=\"elementor-element elementor-element-f6741d6 elementor-widget elementor-widget-text-editor\" data-id=\"f6741d6\" data-element_type=\"widget\" data-settings=\"{&quot;_animation&quot;:&quot;none&quot;,&quot;_animation_delay&quot;:10}\" data-widget_type=\"text-editor.default\">\n\t\t\t\t<div class=\"elementor-widget-container\">\n\t\t\t\t\t\t\t\t\t<p>Maacht mat bei der Aktioun \u00ab\u00a0Resto solidaire\u00a0\u00bb vum 16. November bis den 31. Dezember. Andeems Dir 1 \u20ac op \u00c4r Rechnung setzt, \u00ebnnerst\u00ebtzt Dir d&rsquo;Projete vun der Asbl. Diddeleng H\u00eblleft fir Kanner a Jugendlecher an Entw\u00e9cklungsl\u00e4nner.<\/p>\t\t\t\t\t\t\t\t<\/div>\n\t\t\t\t<\/div>\n\t\t\t\t\t<\/div>\n\t\t\t\t<\/div>\n\t\t<div class=\"elementor-element elementor-element-b624193 e-flex e-con-boxed e-con e-child\" data-id=\"b624193\" data-element_type=\"container\">\n\t\t\t\t\t<div class=\"e-con-inner\">\n\t\t\t\t<div class=\"elementor-element elementor-element-6df3305 elementor-widget-divider--view-line elementor-widget elementor-widget-divider\" data-id=\"6df3305\" data-element_type=\"widget\" data-settings=\"{&quot;_animation&quot;:&quot;none&quot;,&quot;_animation_delay&quot;:10.5}\" data-widget_type=\"divider.default\">\n\t\t\t\t<div class=\"elementor-widget-container\">\n\t\t\t\t\t\t\t<div class=\"elementor-divider\">\n\t\t\t<span class=\"elementor-divider-separator\">\n\t\t\t\t\t\t<\/span>\n\t\t<\/div>\n\t\t\t\t\t\t<\/div>\n\t\t\t\t<\/div>\n\t\t\t\t<div class=\"elementor-element elementor-element-beeef8d elementor-widget__width-initial elementor-widget elementor-widget-text-editor\" data-id=\"beeef8d\" data-element_type=\"widget\" data-settings=\"{&quot;_animation&quot;:&quot;none&quot;,&quot;_animation_delay&quot;:11}\" data-widget_type=\"text-editor.default\">\n\t\t\t\t<div class=\"elementor-widget-container\">\n\t\t\t\t\t\t\t\t\t<p>Participez \u00e0 l\u2018action \u201cResto solidaire\u201d du 16 novembre jusqu\u2019au 31 d\u00e9cembre. En ajoutant 1 \u20ac \u00e0 votre addition, vous soutenez les projets de l\u2019a.s.b.l. Diddeleng H\u00eblleft en faveur d\u2018enfants et de jeunes de pays en voie de d\u00e9veloppement.<\/p>\t\t\t\t\t\t\t\t<\/div>\n\t\t\t\t<\/div>\n\t\t\t\t\t<\/div>\n\t\t\t\t<\/div>\n\t\t\t\t<\/div>\n\t\t\t\t\t<\/div>\n\t\t\t\t<\/div>\n\t\t<div class=\"elementor-element elementor-element-4df4dca e-flex e-con-boxed elementor-invisible e-con e-parent\" data-id=\"4df4dca\" data-element_type=\"container\" data-settings=\"{&quot;background_background&quot;:&quot;classic&quot;,&quot;animation&quot;:&quot;fadeIn&quot;}\">\n\t\t\t\t\t<div class=\"e-con-inner\">\n\t\t<div class=\"elementor-element elementor-element-c46d214 e-con-full e-flex e-con e-child\" data-id=\"c46d214\" data-element_type=\"container\">\n\t\t\t\t<div class=\"elementor-element elementor-element-1337e13 elementor-widget elementor-widget-heading\" data-id=\"1337e13\" data-element_type=\"widget\" data-settings=\"{&quot;_animation&quot;:&quot;none&quot;,&quot;_animation_delay&quot;:11.5}\" data-widget_type=\"heading.default\">\n\t\t\t\t<div class=\"elementor-widget-container\">\n\t\t\t\t\t<h2 class=\"elementor-heading-title elementor-size-default\">\u00cbnnerwee op der Diddel\u00e9nger Haard <\/h2>\t\t\t\t<\/div>\n\t\t\t\t<\/div>\n\t\t\t\t<div class=\"elementor-element elementor-element-fb7b6a5 elementor-widget elementor-widget-text-editor\" data-id=\"fb7b6a5\" data-element_type=\"widget\" data-settings=\"{&quot;_animation&quot;:&quot;none&quot;,&quot;_animation_delay&quot;:12}\" data-widget_type=\"text-editor.default\">\n\t\t\t\t<div class=\"elementor-widget-container\">\n\t\t\t\t\t\t\t\t\t<p>Entdeckt eist neit Fotobuch vun der Diddelenger Haard, mat Fotoe gemaach vun zwee Membere vun Diddeleng H\u00eblleft! Bestellt e per Mail bei diddelenghelleft@dudelange.lu oder fannt et \u00a0am<strong>\u00a0<a class=\" link\" href=\"https:\/\/weltbutteker.lu\/dudelange\/\">Weltbuttek<\/a><\/strong>\u00a0zu Diddeleng!<\/p>\t\t\t\t\t\t\t\t<\/div>\n\t\t\t\t<\/div>\n\t\t\t\t<div class=\"elementor-element elementor-element-91f356f elementor-widget-divider--view-line elementor-widget elementor-widget-divider\" data-id=\"91f356f\" data-element_type=\"widget\" data-settings=\"{&quot;_animation&quot;:&quot;none&quot;,&quot;_animation_delay&quot;:12.5}\" data-widget_type=\"divider.default\">\n\t\t\t\t<div class=\"elementor-widget-container\">\n\t\t\t\t\t\t\t<div class=\"elementor-divider\">\n\t\t\t<span class=\"elementor-divider-separator\">\n\t\t\t\t\t\t<\/span>\n\t\t<\/div>\n\t\t\t\t\t\t<\/div>\n\t\t\t\t<\/div>\n\t\t\t\t<div class=\"elementor-element elementor-element-896e79c elementor-widget elementor-widget-text-editor\" data-id=\"896e79c\" data-element_type=\"widget\" data-settings=\"{&quot;_animation&quot;:&quot;none&quot;,&quot;_animation_delay&quot;:13}\" data-widget_type=\"text-editor.default\">\n\t\t\t\t<div class=\"elementor-widget-container\">\n\t\t\t\t\t\t\t\t\t<p>D\u00e9couvrez le nouveau livre de photo vous pr\u00e9sentant la \u00ab\u00a0Diddelenger Haard\u00a0\u00bb \u00e0 travers des photos prises par deux de nos membres !\u00a0Commandez le par email chez diddelenghelleft@dudelange.lu ou trouvez le au\u00a0<strong><a class=\" link\" href=\"https:\/\/weltbutteker.lu\/dudelange\/\">Weltbuttek<\/a><\/strong>\u00a0\u00e0 Dudelange!<\/p><p><strong>Fotosbuch\/livre photo &#8211; 15\u20ac<\/strong><\/p>\t\t\t\t\t\t\t\t<\/div>\n\t\t\t\t<\/div>\n\t\t\t\t<\/div>\n\t\t<div class=\"elementor-element elementor-element-e2c9a3f e-con-full e-flex e-con e-child\" data-id=\"e2c9a3f\" data-element_type=\"container\">\n\t\t\t\t<div class=\"elementor-element elementor-element-ecdd9d0 elementor-widget elementor-widget-image\" data-id=\"ecdd9d0\" data-element_type=\"widget\" data-settings=\"{&quot;_animation&quot;:&quot;none&quot;,&quot;_animation_delay&quot;:11.5}\" data-widget_type=\"image.default\">\n\t\t\t\t<div class=\"elementor-widget-container\">\n\t\t\t\t\t\t\t\t\t\t\t\t\t\t\t<img decoding=\"async\" src=\"https:\/\/diddelenghelleft-test.augmented-store.com\/wp-content\/uploads\/elementor\/thumbs\/haardt-buch_1-qps7151peulj4cvvl6d6gnhvqp92j7nsg761yrj2tc.jpg\" title=\"haardt-buch_1\" alt=\"haardt-buch_1\" loading=\"lazy\" \/>\t\t\t\t\t\t\t\t\t\t\t\t\t\t\t<\/div>\n\t\t\t\t<\/div>\n\t\t\t\t<\/div>\n\t\t\t\t\t<\/div>\n\t\t\t\t<\/div>\n\t\t\t\t<\/div>\n\t\t","protected":false},"excerpt":{"rendered":"<p>Actualit\u00e9s Chr\u00ebschtmoart &#8211; March\u00e9 de No\u00ebl 2024 T ass rem sou w\u00e4it ! Vum 6. bis de 15. Dezember si mer um\u00a0Chr\u00ebschtmoart\u00a0zu Diddeleng! Kommt laanscht e waarme Chili con carne iessen oder e Gl\u00fch-Gin dr\u00e9nke fir iech opzewiermen! Tip: Dir k\u00ebnnt och een D\u00ebppche matbr\u00e9ngen fir den Chili Doheem ze gen\u00e9issen ! Du 6 au [&hellip;]<\/p>\n","protected":false},"author":2,"featured_media":0,"parent":0,"menu_order":0,"comment_status":"closed","ping_status":"closed","template":"elementor_header_footer","meta":{"footnotes":""},"class_list":["post-46","page","type-page","status-publish","hentry"],"blocksy_meta":[],"_links":{"self":[{"href":"https:\/\/diddelenghelleft-test.augmented-store.com\/index.php\/wp-json\/wp\/v2\/pages\/46","targetHints":{"allow":["GET"]}}],"collection":[{"href":"https:\/\/diddelenghelleft-test.augmented-store.com\/index.php\/wp-json\/wp\/v2\/pages"}],"about":[{"href":"https:\/\/diddelenghelleft-test.augmented-store.com\/index.php\/wp-json\/wp\/v2\/types\/page"}],"author":[{"embeddable":true,"href":"https:\/\/diddelenghelleft-test.augmented-store.com\/index.php\/wp-json\/wp\/v2\/users\/2"}],"replies":[{"embeddable":true,"href":"https:\/\/diddelenghelleft-test.augmented-store.com\/index.php\/wp-json\/wp\/v2\/comments?post=46"}],"version-history":[{"count":100,"href":"https:\/\/diddelenghelleft-test.augmented-store.com\/index.php\/wp-json\/wp\/v2\/pages\/46\/revisions"}],"predecessor-version":[{"id":3538,"href":"https:\/\/diddelenghelleft-test.augmented-store.com\/index.php\/wp-json\/wp\/v2\/pages\/46\/revisions\/3538"}],"wp:attachment":[{"href":"https:\/\/diddelenghelleft-test.augmented-store.com\/index.php\/wp-json\/wp\/v2\/media?parent=46"}],"curies":[{"name":"wp","href":"https:\/\/api.w.org\/{rel}","templated":true}]}}