{"id":56,"date":"2024-06-13T12:39:31","date_gmt":"2024-06-13T10:39:31","guid":{"rendered":"https:\/\/diddelenghelleft-test.augmented-store.com\/?page_id=56"},"modified":"2024-11-28T13:35:31","modified_gmt":"2024-11-28T12:35:31","slug":"soutenez-nous","status":"publish","type":"page","link":"https:\/\/diddelenghelleft-test.augmented-store.com\/index.php\/soutenez-nous\/","title":{"rendered":"Soutenez-nous"},"content":{"rendered":"\t\t<div data-elementor-type=\"wp-page\" data-elementor-id=\"56\" class=\"elementor elementor-56\">\n\t\t\t\t<div class=\"elementor-element elementor-element-69304e9 e-flex e-con-boxed e-con e-parent\" data-id=\"69304e9\" data-element_type=\"container\">\n\t\t\t\t\t<div class=\"e-con-inner\">\n\t\t\t\t<div class=\"elementor-element elementor-element-511affa elementor-widget elementor-widget-heading\" data-id=\"511affa\" data-element_type=\"widget\" data-widget_type=\"heading.default\">\n\t\t\t\t<div class=\"elementor-widget-container\">\n\t\t\t\t\t<h2 class=\"elementor-heading-title elementor-size-default\">Soutenez-nous<\/h2>\t\t\t\t<\/div>\n\t\t\t\t<\/div>\n\t\t\t\t\t<\/div>\n\t\t\t\t<\/div>\n\t\t<div class=\"elementor-element elementor-element-ec14d5b e-flex e-con-boxed elementor-invisible e-con e-parent\" data-id=\"ec14d5b\" data-element_type=\"container\" data-settings=\"{&quot;animation&quot;:&quot;fadeIn&quot;}\">\n\t\t\t\t\t<div class=\"e-con-inner\">\n\t\t\t\t<div class=\"elementor-element elementor-element-2745cb5 elementor-widget elementor-widget-heading\" data-id=\"2745cb5\" data-element_type=\"widget\" data-widget_type=\"heading.default\">\n\t\t\t\t<div class=\"elementor-widget-container\">\n\t\t\t\t\t<h2 class=\"elementor-heading-title elementor-size-default\">Comment nous soutenir ?<\/h2>\t\t\t\t<\/div>\n\t\t\t\t<\/div>\n\t\t\t\t\t<\/div>\n\t\t\t\t<\/div>\n\t\t<div class=\"elementor-element elementor-element-92702ff e-flex e-con-boxed elementor-invisible e-con e-parent\" data-id=\"92702ff\" data-element_type=\"container\" data-settings=\"{&quot;animation&quot;:&quot;fadeIn&quot;}\">\n\t\t\t\t\t<div class=\"e-con-inner\">\n\t\t\t\t<div class=\"elementor-element elementor-element-4e2d012 elementor-widget elementor-widget-text-editor\" data-id=\"4e2d012\" data-element_type=\"widget\" data-widget_type=\"text-editor.default\">\n\t\t\t\t<div class=\"elementor-widget-container\">\n\t\t\t\t\t\t\t\t\t<ul><li style=\"text-align: left;\">Faites un don ponctuel ou un ordre permanent sur un de nos comptes (d\u00e9ductibilit\u00e9 fiscale \u00e0 partir de 120 \u20ac sans d\u00e9passer 10% de votre revenu annuel)<\/li><li style=\"text-align: left;\">Organisez une collecte parmi vos coll\u00e8gues, amis ou votre famille,\u00a0organisez une soir\u00e9e, un spectacle, un concert, &#8230;<\/li><li style=\"text-align: left;\">Faites un leg, une donation ou un don lors d\u2019un \u00e9v\u00e9nement de votre vie : naissance, mariage, communion,\u00a0anniversaire, &#8230;<\/li><li style=\"text-align: left;\">Devenez membre actif, nous saurons valoriser et utiliser vos comp\u00e9tences !<\/li><\/ul>\t\t\t\t\t\t\t\t<\/div>\n\t\t\t\t<\/div>\n\t\t\t\t\t<\/div>\n\t\t\t\t<\/div>\n\t\t<div class=\"elementor-element elementor-element-e090092 e-flex e-con-boxed elementor-invisible e-con e-parent\" data-id=\"e090092\" data-element_type=\"container\" data-settings=\"{&quot;animation&quot;:&quot;fadeIn&quot;}\">\n\t\t\t\t\t<div class=\"e-con-inner\">\n\t\t\t\t<div class=\"elementor-element elementor-element-4b15737 elementor-widget elementor-widget-heading\" data-id=\"4b15737\" data-element_type=\"widget\" data-widget_type=\"heading.default\">\n\t\t\t\t<div class=\"elementor-widget-container\">\n\t\t\t\t\t<h2 class=\"elementor-heading-title elementor-size-default\">Nos comptes bancaires :<\/h2>\t\t\t\t<\/div>\n\t\t\t\t<\/div>\n\t\t\t\t\t<\/div>\n\t\t\t\t<\/div>\n\t\t<div class=\"elementor-element elementor-element-97e2700 e-flex e-con-boxed elementor-invisible e-con e-parent\" data-id=\"97e2700\" data-element_type=\"container\" data-settings=\"{&quot;animation&quot;:&quot;fadeIn&quot;}\">\n\t\t\t\t\t<div class=\"e-con-inner\">\n\t\t<div class=\"elementor-element elementor-element-737df41 e-con-full e-flex e-con e-child\" data-id=\"737df41\" data-element_type=\"container\">\n\t\t\t\t<div class=\"elementor-element elementor-element-381af36 elementor-widget elementor-widget-text-editor\" data-id=\"381af36\" data-element_type=\"widget\" data-widget_type=\"text-editor.default\">\n\t\t\t\t<div class=\"elementor-widget-container\">\n\t\t\t\t\t\t\t\t\t<ul><li>BCEE LU91 0019 7200 0114 9000<\/li><li>CCPL LU91 1111 1209 9940 0000<\/li><li>CCRA LU25 0099 7800 0093 4919<\/li><\/ul><p><strong>Ou faites un virement en scannant le QR\u00a0code\u00a0Payconiq !<\/strong><\/p>\t\t\t\t\t\t\t\t<\/div>\n\t\t\t\t<\/div>\n\t\t\t\t<\/div>\n\t\t\t\t<div class=\"elementor-element elementor-element-0142053 elementor-widget elementor-widget-image\" data-id=\"0142053\" data-element_type=\"widget\" data-widget_type=\"image.default\">\n\t\t\t\t<div class=\"elementor-widget-container\">\n\t\t\t\t\t\t\t\t\t\t\t\t\t\t\t<img fetchpriority=\"high\" decoding=\"async\" width=\"212\" height=\"300\" src=\"https:\/\/diddelenghelleft-test.augmented-store.com\/wp-content\/uploads\/2024\/06\/QR_Code_Pay_Mobile_Pauconiq-212x300.png\" class=\"attachment-medium size-medium wp-image-287\" alt=\"\" srcset=\"https:\/\/diddelenghelleft-test.augmented-store.com\/wp-content\/uploads\/2024\/06\/QR_Code_Pay_Mobile_Pauconiq-212x300.png 212w, https:\/\/diddelenghelleft-test.augmented-store.com\/wp-content\/uploads\/2024\/06\/QR_Code_Pay_Mobile_Pauconiq-724x1024.png 724w, https:\/\/diddelenghelleft-test.augmented-store.com\/wp-content\/uploads\/2024\/06\/QR_Code_Pay_Mobile_Pauconiq-768x1086.png 768w, https:\/\/diddelenghelleft-test.augmented-store.com\/wp-content\/uploads\/2024\/06\/QR_Code_Pay_Mobile_Pauconiq-1086x1536.png 1086w, https:\/\/diddelenghelleft-test.augmented-store.com\/wp-content\/uploads\/2024\/06\/QR_Code_Pay_Mobile_Pauconiq.png 1414w\" sizes=\"(max-width: 212px) 100vw, 212px\" \/>\t\t\t\t\t\t\t\t\t\t\t\t\t\t\t<\/div>\n\t\t\t\t<\/div>\n\t\t\t\t\t<\/div>\n\t\t\t\t<\/div>\n\t\t\t\t<\/div>\n\t\t","protected":false},"excerpt":{"rendered":"<p>Soutenez-nous Comment nous soutenir ? Faites un don ponctuel ou un ordre permanent sur un de nos comptes (d\u00e9ductibilit\u00e9 fiscale \u00e0 partir de 120 \u20ac sans d\u00e9passer 10% de votre revenu annuel) Organisez une collecte parmi vos coll\u00e8gues, amis ou votre famille,\u00a0organisez une soir\u00e9e, un spectacle, un concert, &#8230; Faites un leg, une donation ou [&hellip;]<\/p>\n","protected":false},"author":2,"featured_media":0,"parent":0,"menu_order":0,"comment_status":"closed","ping_status":"closed","template":"","meta":{"footnotes":""},"class_list":["post-56","page","type-page","status-publish","hentry"],"blocksy_meta":[],"_links":{"self":[{"href":"https:\/\/diddelenghelleft-test.augmented-store.com\/index.php\/wp-json\/wp\/v2\/pages\/56","targetHints":{"allow":["GET"]}}],"collection":[{"href":"https:\/\/diddelenghelleft-test.augmented-store.com\/index.php\/wp-json\/wp\/v2\/pages"}],"about":[{"href":"https:\/\/diddelenghelleft-test.augmented-store.com\/index.php\/wp-json\/wp\/v2\/types\/page"}],"author":[{"embeddable":true,"href":"https:\/\/diddelenghelleft-test.augmented-store.com\/index.php\/wp-json\/wp\/v2\/users\/2"}],"replies":[{"embeddable":true,"href":"https:\/\/diddelenghelleft-test.augmented-store.com\/index.php\/wp-json\/wp\/v2\/comments?post=56"}],"version-history":[{"count":37,"href":"https:\/\/diddelenghelleft-test.augmented-store.com\/index.php\/wp-json\/wp\/v2\/pages\/56\/revisions"}],"predecessor-version":[{"id":3557,"href":"https:\/\/diddelenghelleft-test.augmented-store.com\/index.php\/wp-json\/wp\/v2\/pages\/56\/revisions\/3557"}],"wp:attachment":[{"href":"https:\/\/diddelenghelleft-test.augmented-store.com\/index.php\/wp-json\/wp\/v2\/media?parent=56"}],"curies":[{"name":"wp","href":"https:\/\/api.w.org\/{rel}","templated":true}]}}