{"id":58,"date":"2024-06-13T12:39:56","date_gmt":"2024-06-13T10:39:56","guid":{"rendered":"https:\/\/diddelenghelleft-test.augmented-store.com\/?page_id=58"},"modified":"2024-06-24T16:15:00","modified_gmt":"2024-06-24T14:15:00","slug":"rejoignez-nous","status":"publish","type":"page","link":"https:\/\/diddelenghelleft-test.augmented-store.com\/index.php\/rejoignez-nous\/","title":{"rendered":"Rejoignez-nous"},"content":{"rendered":"\t\t<div data-elementor-type=\"wp-page\" data-elementor-id=\"58\" class=\"elementor elementor-58\">\n\t\t\t\t<div class=\"elementor-element elementor-element-7776be6 e-flex e-con-boxed elementor-invisible e-con e-parent\" data-id=\"7776be6\" data-element_type=\"container\" data-settings=\"{&quot;animation&quot;:&quot;fadeIn&quot;}\">\n\t\t\t\t\t<div class=\"e-con-inner\">\n\t\t\t\t<div class=\"elementor-element elementor-element-26ba303 elementor-widget elementor-widget-heading\" data-id=\"26ba303\" data-element_type=\"widget\" data-widget_type=\"heading.default\">\n\t\t\t\t<div class=\"elementor-widget-container\">\n\t\t\t\t\t<h2 class=\"elementor-heading-title elementor-size-default\">Rejoignez-nous<\/h2>\t\t\t\t<\/div>\n\t\t\t\t<\/div>\n\t\t\t\t\t<\/div>\n\t\t\t\t<\/div>\n\t\t<div class=\"elementor-element elementor-element-779db45 e-flex e-con-boxed elementor-invisible e-con e-parent\" data-id=\"779db45\" data-element_type=\"container\" data-settings=\"{&quot;animation&quot;:&quot;fadeIn&quot;}\">\n\t\t\t\t\t<div class=\"e-con-inner\">\n\t\t\t\t<div class=\"elementor-element elementor-element-cbfea95 elementor-widget elementor-widget-heading\" data-id=\"cbfea95\" data-element_type=\"widget\" data-widget_type=\"heading.default\">\n\t\t\t\t<div class=\"elementor-widget-container\">\n\t\t\t\t\t<h2 class=\"elementor-heading-title elementor-size-default\">Devenir membre<\/h2>\t\t\t\t<\/div>\n\t\t\t\t<\/div>\n\t\t\t\t<div class=\"elementor-element elementor-element-84a67ee elementor-widget elementor-widget-text-editor\" data-id=\"84a67ee\" data-element_type=\"widget\" data-widget_type=\"text-editor.default\">\n\t\t\t\t<div class=\"elementor-widget-container\">\n\t\t\t\t\t\t\t\t\t<p>L&rsquo;engagement de DIDDELENG HELLEFT a.s.b.l, fond\u00e9e en 1994 \u00e0 travers la participation de la commune, des dons et la collaboration avec nos partenaires, permet de soutenir des projets en Am\u00e9rique Latine, en Afrique, en Asie, mais aussi en Europe.\u00a0<br \/>Afin de nous accompagner et de nous aider \u00e0 poursuivre notre engagement pour un monde plus juste et plus humain, nous vous invitons \u00e0 devenir un membre de Diddeleng H\u00eblleft. La cotisation annuelle est de\u00a0<strong>12\u20ac<\/strong>.<\/p><p>Si vous le d\u00e9sirez, vous pouvez aussi nous soutenir en souscrivant \u00e0 un ordre permanent mensuel en faveur de notre association.\u00a0<\/p>\t\t\t\t\t\t\t\t<\/div>\n\t\t\t\t<\/div>\n\t\t\t\t\t<\/div>\n\t\t\t\t<\/div>\n\t\t<div class=\"elementor-element elementor-element-b458ba2 e-flex e-con-boxed elementor-invisible e-con e-parent\" data-id=\"b458ba2\" data-element_type=\"container\" data-settings=\"{&quot;animation&quot;:&quot;fadeIn&quot;}\">\n\t\t\t\t\t<div class=\"e-con-inner\">\n\t\t\t\t<div class=\"elementor-element elementor-element-9b96705 elementor-widget elementor-widget-heading\" data-id=\"9b96705\" data-element_type=\"widget\" data-widget_type=\"heading.default\">\n\t\t\t\t<div class=\"elementor-widget-container\">\n\t\t\t\t\t<h2 class=\"elementor-heading-title elementor-size-default\">Devenir membre actif<\/h2>\t\t\t\t<\/div>\n\t\t\t\t<\/div>\n\t\t\t\t<div class=\"elementor-element elementor-element-ac907e4 elementor-widget elementor-widget-text-editor\" data-id=\"ac907e4\" data-element_type=\"widget\" data-widget_type=\"text-editor.default\">\n\t\t\t\t<div class=\"elementor-widget-container\">\n\t\t\t\t\t\t\t\t\t<p>En devenant un b\u00e9n\u00e9vole et travaillant avec d&rsquo;autres gens engag\u00e9s, vous pouvez faire une contribution important \u00e0\u00a0notre communaut\u00e9.\u00a0Votre aide, de l&rsquo;une ou l&rsquo;autre mani\u00e8re, selon votre proper rythme et emploi\u00a0du temps, est toujours bienvenue.\u00a0\u00a0<\/p><p>Si vous voulez nous rejoiner et faire part de la grande famille de Diddeleng H\u00eblleft, parlez-en directement \u00e0 un de nos membres ou envoyez-nous un\u00a0<strong><a class=\" link\" href=\"mailto:diddelenghelleft@dudelange.lu\">mail<\/a><\/strong>\u00a0en indiquant votre nom, adresse, telephone, mail etc.<\/p>\t\t\t\t\t\t\t\t<\/div>\n\t\t\t\t<\/div>\n\t\t\t\t\t<\/div>\n\t\t\t\t<\/div>\n\t\t\t\t<\/div>\n\t\t","protected":false},"excerpt":{"rendered":"<p>Rejoignez-nous Devenir membre L&rsquo;engagement de DIDDELENG HELLEFT a.s.b.l, fond\u00e9e en 1994 \u00e0 travers la participation de la commune, des dons et la collaboration avec nos partenaires, permet de soutenir des projets en Am\u00e9rique Latine, en Afrique, en Asie, mais aussi en Europe.\u00a0Afin de nous accompagner et de nous aider \u00e0 poursuivre notre engagement pour un [&hellip;]<\/p>\n","protected":false},"author":2,"featured_media":0,"parent":0,"menu_order":0,"comment_status":"closed","ping_status":"closed","template":"","meta":{"footnotes":""},"class_list":["post-58","page","type-page","status-publish","hentry"],"blocksy_meta":[],"_links":{"self":[{"href":"https:\/\/diddelenghelleft-test.augmented-store.com\/index.php\/wp-json\/wp\/v2\/pages\/58","targetHints":{"allow":["GET"]}}],"collection":[{"href":"https:\/\/diddelenghelleft-test.augmented-store.com\/index.php\/wp-json\/wp\/v2\/pages"}],"about":[{"href":"https:\/\/diddelenghelleft-test.augmented-store.com\/index.php\/wp-json\/wp\/v2\/types\/page"}],"author":[{"embeddable":true,"href":"https:\/\/diddelenghelleft-test.augmented-store.com\/index.php\/wp-json\/wp\/v2\/users\/2"}],"replies":[{"embeddable":true,"href":"https:\/\/diddelenghelleft-test.augmented-store.com\/index.php\/wp-json\/wp\/v2\/comments?post=58"}],"version-history":[{"count":37,"href":"https:\/\/diddelenghelleft-test.augmented-store.com\/index.php\/wp-json\/wp\/v2\/pages\/58\/revisions"}],"predecessor-version":[{"id":3194,"href":"https:\/\/diddelenghelleft-test.augmented-store.com\/index.php\/wp-json\/wp\/v2\/pages\/58\/revisions\/3194"}],"wp:attachment":[{"href":"https:\/\/diddelenghelleft-test.augmented-store.com\/index.php\/wp-json\/wp\/v2\/media?parent=58"}],"curies":[{"name":"wp","href":"https:\/\/api.w.org\/{rel}","templated":true}]}}